{"id":15,"date":"2015-04-04T13:10:16","date_gmt":"2015-04-04T13:10:16","guid":{"rendered":"http:\/\/ozroll.de\/?page_id=15"},"modified":"2017-01-27T14:09:43","modified_gmt":"2017-01-27T14:09:43","slug":"ozroll-solar","status":"publish","type":"page","link":"https:\/\/ozroll.de\/en\/ozroll-solar\/","title":{"rendered":"OZRoll-SOLAR"},"content":{"rendered":"<h3>Die autonome Antriebsl\u00f6sung f\u00fcr Rolll\u00e4den,<br \/>\nMarkisen, Jalousien und viele andere Anwendungen<\/h3>\n<h3>Solar pro: Einstecken und loslegen<\/h3>\n<p><img loading=\"lazy\" decoding=\"async\" class=\"alignright wp-image-250\" src=\"http:\/\/ozroll.de\/wp-content\/uploads\/2015\/04\/p12-1.jpg\" alt=\"p12\" width=\"260\" height=\"158\" srcset=\"https:\/\/ozroll.de\/en\/wp-content\/uploads\/sites\/3\/2015\/04\/p12-1.jpg 300w, https:\/\/ozroll.de\/en\/wp-content\/uploads\/sites\/3\/2015\/04\/p12-1-247x150.jpg 247w, https:\/\/ozroll.de\/en\/wp-content\/uploads\/sites\/3\/2015\/04\/p12-1-150x91.jpg 150w\" sizes=\"auto, (max-width: 260px) 100vw, 260px\" \/> Die einzigartige modulare Solarvariante von OZRoll ist im Handumdrehen montiert und eingestellt. Akku, Motorsteuerung und Solarpanel sind in modularer Bauweise aneinander gekoppelt und werden einfach mit speziellen Montageclips befestigt.<br \/>\nDas Solar-Pro-Modul wird \u00fcber eine Steckverbindung mit einem der 12-Volt-Gleichstrom-Motoren verbunden. Und schon kann die Anlage bedient werden!<br \/>\nKeine Durchbohrung nach innen, keine Kabel, keine Anschlussarbeiten. <strong>So geht SOLAR!<\/strong><\/p>\n<h3>Solar home: Die \u201einnere\u201c Kraft<\/h3>\n<p><img loading=\"lazy\" decoding=\"async\" class=\"alignright wp-image-251\" src=\"http:\/\/ozroll.de\/wp-content\/uploads\/2015\/04\/p22.jpg\" alt=\"p22\" width=\"260\" height=\"250\" srcset=\"https:\/\/ozroll.de\/en\/wp-content\/uploads\/sites\/3\/2015\/04\/p22.jpg 300w, https:\/\/ozroll.de\/en\/wp-content\/uploads\/sites\/3\/2015\/04\/p22-156x150.jpg 156w, https:\/\/ozroll.de\/en\/wp-content\/uploads\/sites\/3\/2015\/04\/p22-150x144.jpg 150w\" sizes=\"auto, (max-width: 260px) 100vw, 260px\" \/>Diese Solar-L\u00f6sung basiert auf dem klassischen OZRoll-Drive-System. Akku und Steuerung sind in dem erprobten Akku-Steuerger\u00e4t E-Port untergebracht. Dieses wird \u00fcber die im Rauminneren angebrachte<br \/>\nWandhalterung und ein zweipoliges Kabel mit dem 12-Volt-Motor von OZRoll verbunden.<br \/>\nDas bietet viele Vorteile:<\/p>\n<ul>\n<li>Die Anordnung der Akkus innen sch\u00fctzt diese vor Hitze, K\u00e4lte,<br \/>\nFeuchtigkeit und anderen Einfl\u00fcssen.<\/li>\n<li>Bedienung mit oder ohne Funkfernbedienung m\u00f6glich.<\/li>\n<li>Nachladen oder Tauschen der Akkus jederzeit einfach m\u00f6glich.<\/li>\n<\/ul>\n<p><strong>Sensationelles Preis-Leistungs-Verh\u00e4ltnis!<\/strong><\/p>\n","protected":false},"excerpt":{"rendered":"<p>Die autonome Antriebsl\u00f6sung f\u00fcr Rolll\u00e4den, Markisen, Jalousien und viele andere Anwendungen Solar pro: Einstecken und loslegen Die einzigartige modulare Solarvariante von OZRoll ist im Handumdrehen montiert und eingestellt. Akku, Motorsteuerung und Solarpanel sind in modularer Bauweise aneinander gekoppelt und werden einfach mit speziellen Montageclips befestigt. Das Solar-Pro-Modul wird \u00fcber eine\u2026<\/p>\n<p class=\"continue-reading-button\"> <a class=\"continue-reading-link\" href=\"https:\/\/ozroll.de\/en\/ozroll-solar\/\">Continue reading<i class=\"crycon-right-dir\"><\/i><\/a><\/p>\n","protected":false},"author":1,"featured_media":0,"parent":0,"menu_order":0,"comment_status":"closed","ping_status":"open","template":"","meta":{"footnotes":""},"class_list":["post-15","page","type-page","status-publish","hentry"],"_links":{"self":[{"href":"https:\/\/ozroll.de\/en\/wp-json\/wp\/v2\/pages\/15","targetHints":{"allow":["GET"]}}],"collection":[{"href":"https:\/\/ozroll.de\/en\/wp-json\/wp\/v2\/pages"}],"about":[{"href":"https:\/\/ozroll.de\/en\/wp-json\/wp\/v2\/types\/page"}],"author":[{"embeddable":true,"href":"https:\/\/ozroll.de\/en\/wp-json\/wp\/v2\/users\/1"}],"replies":[{"embeddable":true,"href":"https:\/\/ozroll.de\/en\/wp-json\/wp\/v2\/comments?post=15"}],"version-history":[{"count":8,"href":"https:\/\/ozroll.de\/en\/wp-json\/wp\/v2\/pages\/15\/revisions"}],"predecessor-version":[{"id":252,"href":"https:\/\/ozroll.de\/en\/wp-json\/wp\/v2\/pages\/15\/revisions\/252"}],"wp:attachment":[{"href":"https:\/\/ozroll.de\/en\/wp-json\/wp\/v2\/media?parent=15"}],"curies":[{"name":"wp","href":"https:\/\/api.w.org\/{rel}","templated":true}]}}