{"id":162,"date":"2016-02-10T14:50:56","date_gmt":"2016-02-10T14:50:56","guid":{"rendered":"http:\/\/ozroll.de\/?page_id=162"},"modified":"2017-01-27T15:09:50","modified_gmt":"2017-01-27T15:09:50","slug":"ozroll-drive-system","status":"publish","type":"page","link":"https:\/\/ozroll.de\/en\/ozroll-drive-system\/","title":{"rendered":"OZRoll-Drive-System"},"content":{"rendered":"<h3>Der Rollladen mit dem Akku<\/h3>\n<p><img loading=\"lazy\" decoding=\"async\" class=\"size-medium wp-image-180 alignleft\" src=\"http:\/\/ozroll.de\/wp-content\/uploads\/2016\/02\/p211-121x300.jpg\" alt=\"p211\" width=\"121\" height=\"300\" srcset=\"https:\/\/ozroll.de\/en\/wp-content\/uploads\/sites\/3\/2016\/02\/p211-121x300.jpg 121w, https:\/\/ozroll.de\/en\/wp-content\/uploads\/sites\/3\/2016\/02\/p211-60x150.jpg 60w, https:\/\/ozroll.de\/en\/wp-content\/uploads\/sites\/3\/2016\/02\/p211.jpg 153w\" sizes=\"auto, (max-width: 121px) 100vw, 121px\" \/>Das OZRoll Drive System (ODS) f\u00fcr Rolll\u00e4den und Sonnenschutzanlagen besteht aus 12-Volt-Gleichstromantrieben, welche mit wiederaufladbaren Akkus betrieben werden. Die Installation der Antriebe erfolgt ohne direkte Verbindung zum 230-Volt-Stromnetz des Geb\u00e4udes. Dieses gew\u00e4hrleistet sicheren Betrieb und erm\u00f6glicht schnelle und saubere Montagen ohne Zuhilfenahme von Elektrikern. Somit erspart das OZRollDrive-System dem Endkunden erhebliche Zusatzkosten und wird auch wirtschaftlich zu einer interessanten Alternative zu herk\u00f6mmlichen Antriebssystemen.<\/p>\n<p><img loading=\"lazy\" decoding=\"async\" class=\"alignright wp-image-167\" src=\"http:\/\/ozroll.de\/wp-content\/uploads\/2016\/02\/p22.jpg\" alt=\"p22\" width=\"168\" height=\"177\" srcset=\"https:\/\/ozroll.de\/en\/wp-content\/uploads\/sites\/3\/2016\/02\/p22.jpg 205w, https:\/\/ozroll.de\/en\/wp-content\/uploads\/sites\/3\/2016\/02\/p22-142x150.jpg 142w\" sizes=\"auto, (max-width: 168px) 100vw, 168px\" \/>Stemm- und Verputzarbeiten oder Kabelkan\u00e4le entfallen. Das System kann auch dort montiert werden, wo keine Stromzuleitung m\u00f6glich oder erw\u00fcnscht ist. Durch den Akku-Betrieb funktionieren die Motore auch bei Stromausfall. Ein zus\u00e4tzliches Solarpanel erh\u00f6ht den Komfort und sch\u00fctzt die Umwelt.<\/p>\n<p><img loading=\"lazy\" decoding=\"async\" class=\"alignleft size-full wp-image-168\" src=\"http:\/\/ozroll.de\/wp-content\/uploads\/2016\/02\/p23.jpg\" alt=\"p23\" width=\"125\" height=\"127\" \/>Kernst\u00fcck der Antriebsphilosophie sind die 12-Volt-Antriebe, welche entweder seitlich in den Rollladenkasten oder traditionell in die Welle des Rollladens eingebaut werden.<br \/>\nDas Steuerger\u00e4t mit den integrierten Akkus wird lediglich \u00fcber eine 2-polige Leitung mit dem Antrieb verbunden und versorgt somit den Motor mit Strom. <img loading=\"lazy\" decoding=\"async\" class=\"alignright wp-image-169\" src=\"http:\/\/ozroll.de\/wp-content\/uploads\/2016\/02\/p24.jpg\" alt=\"p24\" width=\"230\" height=\"220\" srcset=\"https:\/\/ozroll.de\/en\/wp-content\/uploads\/sites\/3\/2016\/02\/p24.jpg 249w, https:\/\/ozroll.de\/en\/wp-content\/uploads\/sites\/3\/2016\/02\/p24-157x150.jpg 157w, https:\/\/ozroll.de\/en\/wp-content\/uploads\/sites\/3\/2016\/02\/p24-150x143.jpg 150w\" sizes=\"auto, (max-width: 230px) 100vw, 230px\" \/><br \/>\nDie Leitung kann z.B. unsichtbar in der Hohlkammer der Rollladen-F\u00fchrungsschiene verlegt werden. Sie wird dann durch eine d\u00fcnne Bohrung von au\u00dfen ins Rauminnere verlegt und dort mit der so genannten Wandhalterung verbunden. In diese Wandhalterung wird das mobile Steuerger\u00e4t zum Bedienen des Rollladens eingelegt und dadurch mit dem Antrieb verbunden. Mehrere Anlagen k\u00f6nnen mit einem einzigen Steuerger\u00e4t bedient werden, das spart zus\u00e4tzlich Kosten.<\/p>\n<p>&nbsp;<\/p>\n","protected":false},"excerpt":{"rendered":"<p>Der Rollladen mit dem Akku Das OZRoll Drive System (ODS) f\u00fcr Rolll\u00e4den und Sonnenschutzanlagen besteht aus 12-Volt-Gleichstromantrieben, welche mit wiederaufladbaren Akkus betrieben werden. Die Installation der Antriebe erfolgt ohne direkte Verbindung zum 230-Volt-Stromnetz des Geb\u00e4udes. Dieses gew\u00e4hrleistet sicheren Betrieb und erm\u00f6glicht schnelle und saubere Montagen ohne Zuhilfenahme von Elektrikern. Somit\u2026<\/p>\n<p class=\"continue-reading-button\"> <a class=\"continue-reading-link\" href=\"https:\/\/ozroll.de\/en\/ozroll-drive-system\/\">Continue reading<i class=\"crycon-right-dir\"><\/i><\/a><\/p>\n","protected":false},"author":1,"featured_media":0,"parent":0,"menu_order":0,"comment_status":"closed","ping_status":"open","template":"","meta":{"footnotes":""},"class_list":["post-162","page","type-page","status-publish","hentry"],"_links":{"self":[{"href":"https:\/\/ozroll.de\/en\/wp-json\/wp\/v2\/pages\/162","targetHints":{"allow":["GET"]}}],"collection":[{"href":"https:\/\/ozroll.de\/en\/wp-json\/wp\/v2\/pages"}],"about":[{"href":"https:\/\/ozroll.de\/en\/wp-json\/wp\/v2\/types\/page"}],"author":[{"embeddable":true,"href":"https:\/\/ozroll.de\/en\/wp-json\/wp\/v2\/users\/1"}],"replies":[{"embeddable":true,"href":"https:\/\/ozroll.de\/en\/wp-json\/wp\/v2\/comments?post=162"}],"version-history":[{"count":21,"href":"https:\/\/ozroll.de\/en\/wp-json\/wp\/v2\/pages\/162\/revisions"}],"predecessor-version":[{"id":444,"href":"https:\/\/ozroll.de\/en\/wp-json\/wp\/v2\/pages\/162\/revisions\/444"}],"wp:attachment":[{"href":"https:\/\/ozroll.de\/en\/wp-json\/wp\/v2\/media?parent=162"}],"curies":[{"name":"wp","href":"https:\/\/api.w.org\/{rel}","templated":true}]}}