{"id":189,"date":"2016-02-10T21:26:55","date_gmt":"2016-02-10T21:26:55","guid":{"rendered":"http:\/\/ozroll.de\/?page_id=189"},"modified":"2018-11-10T09:19:36","modified_gmt":"2018-11-10T09:19:36","slug":"zweiter-rettungsweg","status":"publish","type":"page","link":"https:\/\/ozroll.de\/en\/zweiter-rettungsweg\/","title":{"rendered":"Zweiter Rettungsweg"},"content":{"rendered":"<h3>Was passiert, wenn\u2018s brennt?<\/h3>\n<h3>OZRoll geht immer &#8211; auch bei Stromausfall!<\/h3>\n<p><img loading=\"lazy\" decoding=\"async\" class=\"size-full wp-image-253 alignleft\" src=\"http:\/\/ozroll.de\/wp-content\/uploads\/2016\/02\/p312.jpg\" alt=\"p312\" width=\"195\" height=\"131\" srcset=\"https:\/\/ozroll.de\/en\/wp-content\/uploads\/sites\/3\/2016\/02\/p312.jpg 195w, https:\/\/ozroll.de\/en\/wp-content\/uploads\/sites\/3\/2016\/02\/p312-150x101.jpg 150w\" sizes=\"auto, (max-width: 195px) 100vw, 195px\" \/><\/p>\n<p>Die komplette Ausstattung von Wohn- und Gesch\u00e4ftsgeb\u00e4uden mit elektrisch betriebenen Rolll\u00e4den oder Sonnenschutzanlagen ist heute eigentlich schon fast Standard.<\/p>\n<p>Dabei spielt die Frage der Bedienung bei Stromausfall in der Praxis bislang kaum eine Rolle. Das kann aber besonders im Falle von Br\u00e4nden fatale Folgen haben. Im Brandfall ist ein rascher Ausfall der Stromversorgung sehr wahrscheinlich. M\u00f6gliche Fluchtwege sind dann durch geschlossene Rolll\u00e4den versperrt, und auch Hilfeleistung von au\u00dfen sowie die Brandbek\u00e4mpfung werden erheblich erschwert oder sogar unm\u00f6glich gemacht.<\/p>\n<h3>Die L\u00f6sung: Der Akku-Schalter von OZRoll<\/h3>\n<p><a href=\"http:\/\/ozroll.de\/e-fix\/\"><img loading=\"lazy\" decoding=\"async\" class=\"alignright wp-image-609\" src=\"http:\/\/ozroll.de\/wp-content\/uploads\/2016\/02\/efix-01-300x214.jpg\" alt=\"\" width=\"215\" height=\"153\" srcset=\"https:\/\/ozroll.de\/en\/wp-content\/uploads\/sites\/3\/2016\/02\/efix-01-300x214.jpg 300w, https:\/\/ozroll.de\/en\/wp-content\/uploads\/sites\/3\/2016\/02\/efix-01-150x107.jpg 150w, https:\/\/ozroll.de\/en\/wp-content\/uploads\/sites\/3\/2016\/02\/efix-01-282x201.jpg 282w, https:\/\/ozroll.de\/en\/wp-content\/uploads\/sites\/3\/2016\/02\/efix-01.jpg 304w\" sizes=\"auto, (max-width: 215px) 100vw, 215px\" \/><\/a>Der Akku-Schalter ist ein Unterputz-Rollladenschalter mit integrierter Akku-Pufferung und Zeitschaltuhr. Das Ger\u00e4t wird, wie ein normaler Lichtschalter, in einer Standard-Unterputz-Tiefdose eingebaut und an das 230-Volt-Stromnetz angeschlossen. \u00dcber den 12-Volt-Ausgang (auch als 24-Volt-Version lieferbar) wird ein Gleichstrom-Motor von OZRoll angesteuert. Das geschieht \u00fcber die am Bedienteil befindlichen Taster, per Funk oder mit der integrierten elektronischen Zeitschaltuhr.<\/p>\n<p>Soweit funktioniert der Rollladen, die Sonnenschutzanlage oder das Fenster ganz normal im t\u00e4glichen Betrieb. Die Besonderheit ist die Akku-Pufferung: <strong>Bei Stromausfall, z.B. im Falle eines Feuers, lassen sich die Anlagen noch bedienen, zum Beispiel am zweiten Rettungsweg, um auch bei Stromausfall die Anlage noch zu \u00f6ffnen.<\/strong> Aber auch ohne Not gibt die Bedienbarkeit bei Stromausfall Sicherheit, denn mit geladenem Akku l\u00e4sst sich ein Rollladen noch bis zu 20 mal \u00f6ffnen und schlie\u00dfen.<\/p>\n<div class=\"simnor-shortcode simnor-shortcode-accordion\"><div class=\"simnor-shortcode simnor-shortcode-toggle \"><h3 class=\"simnor-shortcode simnor-shortcode-toggle-heading\"><i class=\"fa-icon-chevron-right\"><\/i>Ideal f\u00fcr den zweiten Rettungsweg<i class=\"toggle-down fa-icon-plus\"><\/i><i class=\"toggle-up fa-icon-minus\"><\/i><\/h3><div class=\"simnor-shortcode simnor-shortcode-toggle-content\"><p>Immer h\u00e4ufiger verlangen Bau- und Brandschutzbeh\u00f6rden bei Geb\u00e4uden besondere Ma\u00dfnahmen am so genannten zweiten Rettungsweg. Das ist nicht der Fluchtweg (hier gelten andere Vorschriften), es handelt sich vielmehr um weitere Geb\u00e4ude\u00f6ffnungen, die zur Rettung von Personen und\/oder zur Brandbek\u00e4mpfung zug\u00e4nglich sind \u2013 auch bei Stromausfall. Hier stellt der Akku-Schalter von OZRoll die ideale L\u00f6sung dar. Der Akku-Schalter von OZRoll ist schnell und ohne zus\u00e4tzlichen Installationsaufwand montiert, passt in die meisten Schalterprogramme, fungiert im Normalbetrieb als komfortables Steuerger\u00e4t und liefert im Falle von Stromausfall die n\u00f6tige Energie, um die betreffende Anlage bis zu 20 x zu bedienen.<\/p>\n<\/div><\/div><div class=\"simnor-shortcode simnor-shortcode-toggle \"><h3 class=\"simnor-shortcode simnor-shortcode-toggle-heading\"><i class=\"fa-icon-chevron-right\"><\/i>Vernetzung: Zeit rettet Leben<i class=\"toggle-down fa-icon-plus\"><\/i><i class=\"toggle-up fa-icon-minus\"><\/i><\/h3><div class=\"simnor-shortcode simnor-shortcode-toggle-content\"><p>Weitere Funktionen erh\u00f6hen die Sicherheit f\u00fcr den Nutzer ganz erheblich und machen den Akku-Schalter von OZRoll zu einem einzigartigen Produkt: der integrierte Akustiksensor registriert den Alarm eines in der N\u00e4he angebrachten Rauchmelders akustisch und \u00f6ffnet den Rollladen bzw. den Abschluss sofort \u2013 ganz ohne Verkabelung oder weitere Hilfsger\u00e4te. \u00dcber Funk kommuniziert der Akku-Schalter von OZRoll mit anderen OZRoll Akku-Schaltern im Geb\u00e4ude, sodass alle erreichbaren Anlagen ebenfalls bedient werden \u2013 selbst wenn der Strom bereits nicht mehr funktioniert. Und \u00fcber die Mediola-Schnittstelle kann der Akku-Schalter von OZRoll in Smart-home-Systeme eingebunden werden.<\/p>\n<\/div><\/div><div class=\"simnor-shortcode simnor-shortcode-toggle \"><h3 class=\"simnor-shortcode simnor-shortcode-toggle-heading\"><i class=\"fa-icon-chevron-right\"><\/i>Der Akku-Schalter von OZRoll \u2013 das universelle Steuerger\u00e4t f\u00fcr Gleichstrom-Motoren<i class=\"toggle-down fa-icon-plus\"><\/i><i class=\"toggle-up fa-icon-minus\"><\/i><\/h3><div class=\"simnor-shortcode simnor-shortcode-toggle-content\"><p>Nicht nur als Akku-Steuerung f\u00fcr den zweiten Rettungsweg stellt der Akku-Schalter von OZRoll die ideale L\u00f6sung dar. Der Akku-Schalter von OZRoll kann auch als Standard-Steuerung f\u00fcr 12- und 24V-Gleichstromantriebe verwendet werden, z.B. f\u00fcr innenliegende Sonnenschutzanlagen, Fensterantriebe, Projektionsleinw\u00e4nde etc.<\/p>\n<\/div><\/div><\/div>\n<p><a href=\"http:\/\/ozroll.de\/e-fix\/\">Zum Produkt:<\/a><\/p>\n<p>&nbsp;<\/p>\n","protected":false},"excerpt":{"rendered":"<p>Was passiert, wenn\u2018s brennt? OZRoll geht immer &#8211; auch bei Stromausfall! Die komplette Ausstattung von Wohn- und Gesch\u00e4ftsgeb\u00e4uden mit elektrisch betriebenen Rolll\u00e4den oder Sonnenschutzanlagen ist heute eigentlich schon fast Standard. Dabei spielt die Frage der Bedienung bei Stromausfall in der Praxis bislang kaum eine Rolle. Das kann aber besonders im\u2026<\/p>\n<p class=\"continue-reading-button\"> <a class=\"continue-reading-link\" href=\"https:\/\/ozroll.de\/en\/zweiter-rettungsweg\/\">Continue reading<i class=\"crycon-right-dir\"><\/i><\/a><\/p>\n","protected":false},"author":1,"featured_media":0,"parent":0,"menu_order":0,"comment_status":"closed","ping_status":"closed","template":"","meta":{"footnotes":""},"class_list":["post-189","page","type-page","status-publish","hentry"],"_links":{"self":[{"href":"https:\/\/ozroll.de\/en\/wp-json\/wp\/v2\/pages\/189","targetHints":{"allow":["GET"]}}],"collection":[{"href":"https:\/\/ozroll.de\/en\/wp-json\/wp\/v2\/pages"}],"about":[{"href":"https:\/\/ozroll.de\/en\/wp-json\/wp\/v2\/types\/page"}],"author":[{"embeddable":true,"href":"https:\/\/ozroll.de\/en\/wp-json\/wp\/v2\/users\/1"}],"replies":[{"embeddable":true,"href":"https:\/\/ozroll.de\/en\/wp-json\/wp\/v2\/comments?post=189"}],"version-history":[{"count":19,"href":"https:\/\/ozroll.de\/en\/wp-json\/wp\/v2\/pages\/189\/revisions"}],"predecessor-version":[{"id":702,"href":"https:\/\/ozroll.de\/en\/wp-json\/wp\/v2\/pages\/189\/revisions\/702"}],"wp:attachment":[{"href":"https:\/\/ozroll.de\/en\/wp-json\/wp\/v2\/media?parent=189"}],"curies":[{"name":"wp","href":"https:\/\/api.w.org\/{rel}","templated":true}]}}