{"id":212,"date":"2016-02-11T13:44:29","date_gmt":"2016-02-11T13:44:29","guid":{"rendered":"http:\/\/ozroll.de\/?page_id=212"},"modified":"2018-11-10T09:21:32","modified_gmt":"2018-11-10T09:21:32","slug":"ueber-ozroll","status":"publish","type":"page","link":"https:\/\/ozroll.de\/en\/ueber-ozroll\/","title":{"rendered":"\u00dcber OZRoll"},"content":{"rendered":"<h3>Willkommen bei OZRoll<\/h3>\n<h3>TopQualit\u00e4t vom australischen Marktf\u00fchrer<\/h3>\n<h3><img loading=\"lazy\" decoding=\"async\" class=\"size-full wp-image-263 alignright\" src=\"http:\/\/ozroll.de\/wp-content\/uploads\/2016\/02\/p511.jpg\" alt=\"p511\" width=\"130\" height=\"295\" srcset=\"https:\/\/ozroll.de\/en\/wp-content\/uploads\/sites\/3\/2016\/02\/p511.jpg 130w, https:\/\/ozroll.de\/en\/wp-content\/uploads\/sites\/3\/2016\/02\/p511-66x150.jpg 66w\" sizes=\"auto, (max-width: 130px) 100vw, 130px\" \/><\/h3>\n<p>OZRoll ist der f\u00fchrende Hersteller von Rollladensystemen in Australien. Sitz des Unternehmens ist Adelaide, die Hauptstadt des Bundesstaates South Australia.<\/p>\n<p>Dort im Hauptwerk werden neben Rollladenst\u00e4ben, K\u00e4sten und Fertigelementen auch wesentliche Komponenten des OZRoll Drive Systems hergestellt und direkt in Fertigrolll\u00e4den verarbeitet.<\/p>\n<p>Das bedeutet, dass Erfahrungen aus der t\u00e4glichen Praxis direkt in die Entwicklungsarbeit von OZRoll einflie\u00dfen. Somit ist gew\u00e4hrleistet, dass die Produkte von OZRoll immer perfekt auf die Anforderungen seiner M\u00e4rkte abgestimmt sind.<\/p>\n<h3>So weit und doch so nah&#8230;<\/h3>\n<p><img loading=\"lazy\" decoding=\"async\" class=\"alignright wp-image-216\" src=\"http:\/\/ozroll.de\/wp-content\/uploads\/2016\/02\/p52.jpg\" alt=\"p52\" width=\"171\" height=\"138\" srcset=\"https:\/\/ozroll.de\/en\/wp-content\/uploads\/sites\/3\/2016\/02\/p52.jpg 221w, https:\/\/ozroll.de\/en\/wp-content\/uploads\/sites\/3\/2016\/02\/p52-186x150.jpg 186w, https:\/\/ozroll.de\/en\/wp-content\/uploads\/sites\/3\/2016\/02\/p52-150x121.jpg 150w\" sizes=\"auto, (max-width: 171px) 100vw, 171px\" \/>Kundendienst und Kundenn\u00e4he sind wesentliche Bausteine des OZRoll Vertriebskonzeptes.<\/p>\n<p>Darum werden die europ\u00e4ischen M\u00e4rkte von der Niederlassung OZRoll Europe PTY LTD mit Sitz in Nieder-Olm, westlich von Frankfurt, betreut.<br \/>\nHier befindet sich nicht nur das Zentrallager, von welchem Bestellungen kurzfristig ausgeliefert werden k\u00f6nnen. In Nieder-Olm werden auch wesentliche Teile der Entwicklung sowie kunden- und l\u00e4nderspezifische Produkterg\u00e4nzungen durchgef\u00fchrt.<\/p>\n<p><a href=\"http:\/\/ozroll.de\/wp-content\/uploads\/2016\/02\/p53.jpg\"  rel=\"lightbox[212] attachment wp-att-220\"><img loading=\"lazy\" decoding=\"async\" class=\"alignleft wp-image-220\" src=\"http:\/\/ozroll.de\/wp-content\/uploads\/2016\/02\/p53-225x300.jpg\" alt=\"p53\" width=\"147\" height=\"196\" srcset=\"https:\/\/ozroll.de\/en\/wp-content\/uploads\/sites\/3\/2016\/02\/p53-225x300.jpg 225w, https:\/\/ozroll.de\/en\/wp-content\/uploads\/sites\/3\/2016\/02\/p53-113x150.jpg 113w, https:\/\/ozroll.de\/en\/wp-content\/uploads\/sites\/3\/2016\/02\/p53.jpg 712w\" sizes=\"auto, (max-width: 147px) 100vw, 147px\" \/><\/a>OZRoll Europe unterst\u00fctzt seine Kunden in allen Fragen des Marketings, z.B. mit Prospekten, Werbemitteln und auf Messen, aber nat\u00fcrlich auch mit Mitarbeiter- und Kundenschulungen in Nieder-Olm oder beim Kunden.<\/p>\n","protected":false},"excerpt":{"rendered":"<p>Willkommen bei OZRoll TopQualit\u00e4t vom australischen Marktf\u00fchrer OZRoll ist der f\u00fchrende Hersteller von Rollladensystemen in Australien. Sitz des Unternehmens ist Adelaide, die Hauptstadt des Bundesstaates South Australia. Dort im Hauptwerk werden neben Rollladenst\u00e4ben, K\u00e4sten und Fertigelementen auch wesentliche Komponenten des OZRoll Drive Systems hergestellt und direkt in Fertigrolll\u00e4den verarbeitet. Das\u2026<\/p>\n<p class=\"continue-reading-button\"> <a class=\"continue-reading-link\" href=\"https:\/\/ozroll.de\/en\/ueber-ozroll\/\">Continue reading<i class=\"crycon-right-dir\"><\/i><\/a><\/p>\n","protected":false},"author":1,"featured_media":0,"parent":0,"menu_order":0,"comment_status":"closed","ping_status":"closed","template":"","meta":{"footnotes":""},"class_list":["post-212","page","type-page","status-publish","hentry"],"_links":{"self":[{"href":"https:\/\/ozroll.de\/en\/wp-json\/wp\/v2\/pages\/212","targetHints":{"allow":["GET"]}}],"collection":[{"href":"https:\/\/ozroll.de\/en\/wp-json\/wp\/v2\/pages"}],"about":[{"href":"https:\/\/ozroll.de\/en\/wp-json\/wp\/v2\/types\/page"}],"author":[{"embeddable":true,"href":"https:\/\/ozroll.de\/en\/wp-json\/wp\/v2\/users\/1"}],"replies":[{"embeddable":true,"href":"https:\/\/ozroll.de\/en\/wp-json\/wp\/v2\/comments?post=212"}],"version-history":[{"count":11,"href":"https:\/\/ozroll.de\/en\/wp-json\/wp\/v2\/pages\/212\/revisions"}],"predecessor-version":[{"id":491,"href":"https:\/\/ozroll.de\/en\/wp-json\/wp\/v2\/pages\/212\/revisions\/491"}],"wp:attachment":[{"href":"https:\/\/ozroll.de\/en\/wp-json\/wp\/v2\/media?parent=212"}],"curies":[{"name":"wp","href":"https:\/\/api.w.org\/{rel}","templated":true}]}}