{"id":31,"date":"2015-04-04T18:02:24","date_gmt":"2015-04-04T18:02:24","guid":{"rendered":"http:\/\/ozroll.de\/?page_id=31"},"modified":"2017-02-14T06:55:14","modified_gmt":"2017-02-14T06:55:14","slug":"12-volt-seitenantrieb","status":"publish","type":"page","link":"https:\/\/ozroll.de\/en\/12-volt-seitenantrieb\/","title":{"rendered":"12 Volt-Seitenantrieb"},"content":{"rendered":"<h3>12-Volt Seitenmotor L10<\/h3>\n<p><strong>Art.-Nr.: 15.003.000<\/strong><\/p>\n<div class=\"simnor-shortcode simnor-shortcode-tabs\"><div class=\"simnor-shortcode simnor-shortcode-tabpane\"><div class=\"simnor-shortcode simnor-shortcode-tab-label\">Beschreibung:<\/div><p><img loading=\"lazy\" decoding=\"async\" class=\"alignright wp-image-370 size-full\" src=\"http:\/\/ozroll.de\/wp-content\/uploads\/2015\/04\/L10_1.jpg\" alt=\"L10_1\" width=\"225\" height=\"138\" srcset=\"https:\/\/ozroll.de\/en\/wp-content\/uploads\/sites\/3\/2015\/04\/L10_1.jpg 225w, https:\/\/ozroll.de\/en\/wp-content\/uploads\/sites\/3\/2015\/04\/L10_1-150x92.jpg 150w\" sizes=\"auto, (max-width: 225px) 100vw, 225px\" \/>12-Volt-Elektroantrieb f\u00fcr Vorbau-Rolll\u00e4den, zur Montage seitlich in der Blendkappe\/im Kopfst\u00fcck des Rollladenkastens.<\/p>\n<p>Der Motor wird durch ein 2-poliges Kabel mit der Wandhalterung im Rauminneren verbunden. Von dort wird er mit dem Akku-Steuerger\u00e4t bedient. Der seitliche Platzbedarf betr\u00e4gt ca. 23 mm.<\/p>\n<p>Der Motor verf\u00fcgt \u00fcber einen fixen Endpunkt unten. Die obere Abschaltung erfolgt \u00fcber die Messung der Stromaufnahme durch das Steuerger\u00e4t E-Port, der Endschalter kann nicht manuell eingestellt werden.<\/p>\n<\/div><div class=\"simnor-shortcode simnor-shortcode-tabpane\"><div class=\"simnor-shortcode simnor-shortcode-tab-label\">Technische Daten:<\/div><table id=\"tablepress-5\" class=\"tablepress tablepress-id-5\">\n<tbody class=\"row-striping row-hover\">\n<tr class=\"row-1\">\n<td class=\"column-1\">H\u00f6he:<\/td>\n<td class=\"column-2\">146,0 mm<\/td>\n<\/tr>\n<tr class=\"row-2\">\n<td class=\"column-1\">Breite:<\/td>\n<td class=\"column-2\">130,0 mm<\/td>\n<\/tr>\n<tr class=\"row-3\">\n<td class=\"column-1\">Tiefe:<\/td>\n<td class=\"column-2\">23,0 mm<\/td>\n<\/tr>\n<tr class=\"row-4\">\n<td class=\"column-1\">Erford. Kastengr\u00f6\u00dfe:<\/td>\n<td class=\"column-2\">min. 160 mm<\/td>\n<\/tr>\n<tr class=\"row-5\">\n<td class=\"column-1\">Max. Panzergewicht:<\/td>\n<td class=\"column-2\">ca. 20 kg<\/td>\n<\/tr>\n<tr class=\"row-6\">\n<td class=\"column-1\">Drehmoment:<\/td>\n<td class=\"column-2\">ca. 10 Nm<\/td>\n<\/tr>\n<tr class=\"row-7\">\n<td class=\"column-1\">Drehzahl:<\/td>\n<td class=\"column-2\">16 U\/Min<\/td>\n<\/tr>\n<tr class=\"row-8\">\n<td class=\"column-1\">IP Schutzart:<\/td>\n<td class=\"column-2\">IP44<\/td>\n<\/tr>\n<tr class=\"row-9\">\n<td class=\"column-1\">Einsatztemperatur:<\/td>\n<td class=\"column-2\">-10 \u00b0C - +60\u00b0C<\/td>\n<\/tr>\n<tr class=\"row-10\">\n<td class=\"column-1\">Endschalterbereich:<\/td>\n<td class=\"column-2\">18 Umdrehungen<\/td>\n<\/tr>\n<tr class=\"row-11\">\n<td class=\"column-1\">Max. Leistungsaufnahme:<\/td>\n<td class=\"column-2\">3,6 A<\/td>\n<\/tr>\n<tr class=\"row-12\">\n<td class=\"column-1\">Gewicht:<\/td>\n<td class=\"column-2\">ca.  940 gr<\/td>\n<\/tr>\n<tr class=\"row-13\">\n<td class=\"column-1\">L\u00e4nge Anschlusskabel:<\/td>\n<td class=\"column-2\">200 cm<\/td>\n<\/tr>\n<\/tbody>\n<\/table>\n<p><!-- #tablepress-5 from cache --><\/p>\n<\/div><div class=\"simnor-shortcode simnor-shortcode-tabpane\"><div class=\"simnor-shortcode simnor-shortcode-tab-label\">Zubeh\u00f6r:<\/div><table id=\"tablepress-6\" class=\"tablepress tablepress-id-6\">\n<tbody class=\"row-striping row-hover\">\n<tr class=\"row-1\">\n<td class=\"column-1\">Wellenadapter 40mm Achtk.:<\/td>\n<td class=\"column-2\">Art.-Nr.: 15.160.415<\/td>\n<\/tr>\n<tr class=\"row-2\">\n<td class=\"column-1\">Wellenadapter 50mm Achtk.:<\/td>\n<td class=\"column-2\">Art.-Nr.: 15.162.415<\/td>\n<\/tr>\n<tr class=\"row-3\">\n<td class=\"column-1\">Wellenadapter 60mm Achtk.:<\/td>\n<td class=\"column-2\">Art.-Nr.: 15.163.415<\/td>\n<\/tr>\n<tr class=\"row-4\">\n<td class=\"column-1\">Wellenadapter 50mm rund<\/td>\n<td class=\"column-2\">Art.-Nr.: 15.161.415<\/td>\n<\/tr>\n<tr class=\"row-5\">\n<td class=\"column-1\">Befestigungsschrauben (2):<\/td>\n<td class=\"column-2\">Art.-Nr.: 19.900.003\n<\/td>\n<\/tr>\n<tr class=\"row-6\">\n<td class=\"column-1\">Kabelverl\u00e4ngerung 2 Meter:<\/td>\n<td class=\"column-2\">Art.-Nr.: 15.910.082<\/td>\n<\/tr>\n<\/tbody>\n<\/table>\n<p><!-- #tablepress-6 from cache --><\/p>\n<\/div><div class=\"simnor-shortcode simnor-shortcode-tabpane\"><div class=\"simnor-shortcode simnor-shortcode-tab-label\">Zugkraft:<\/div><p><a href=\"http:\/\/ozroll.de\/wp-content\/uploads\/2015\/04\/T09Zugkraft.jpg\" rel=\"lightbox[31]\">.<\/a><a href=\"http:\/\/ozroll.de\/wp-content\/uploads\/2015\/04\/L10Zugkraft.jpg\" rel=\"lightbox\"><img loading=\"lazy\" decoding=\"async\" class=\"alignnone wp-image-318 size-medium\" src=\"http:\/\/ozroll.de\/wp-content\/uploads\/2015\/04\/L10Zugkraft-300x139.jpg\" alt=\"L10Zugkraft\" width=\"300\" height=\"139\" srcset=\"https:\/\/ozroll.de\/en\/wp-content\/uploads\/sites\/3\/2015\/04\/L10Zugkraft-300x139.jpg 300w, https:\/\/ozroll.de\/en\/wp-content\/uploads\/sites\/3\/2015\/04\/L10Zugkraft-768x357.jpg 768w, https:\/\/ozroll.de\/en\/wp-content\/uploads\/sites\/3\/2015\/04\/L10Zugkraft-250x116.jpg 250w, https:\/\/ozroll.de\/en\/wp-content\/uploads\/sites\/3\/2015\/04\/L10Zugkraft-150x70.jpg 150w, https:\/\/ozroll.de\/en\/wp-content\/uploads\/sites\/3\/2015\/04\/L10Zugkraft.jpg 900w\" sizes=\"auto, (max-width: 300px) 100vw, 300px\" \/><\/a><\/p>\n<\/div><div class=\"simnor-shortcode simnor-shortcode-tabpane\"><div class=\"simnor-shortcode simnor-shortcode-tab-label\">Abbildung:<\/div><p><a href=\"http:\/\/ozroll.de\/wp-content\/uploads\/2015\/04\/L10_Masse.jpg\" rel=\"lightbox\"><img loading=\"lazy\" decoding=\"async\" class=\"wp-image-319 alignnone\" src=\"http:\/\/ozroll.de\/wp-content\/uploads\/2015\/04\/L10_Masse-267x300.jpg\" alt=\"L10_Masse\" width=\"202\" height=\"227\" srcset=\"https:\/\/ozroll.de\/en\/wp-content\/uploads\/sites\/3\/2015\/04\/L10_Masse-267x300.jpg 267w, https:\/\/ozroll.de\/en\/wp-content\/uploads\/sites\/3\/2015\/04\/L10_Masse-768x862.jpg 768w, https:\/\/ozroll.de\/en\/wp-content\/uploads\/sites\/3\/2015\/04\/L10_Masse-134x150.jpg 134w, https:\/\/ozroll.de\/en\/wp-content\/uploads\/sites\/3\/2015\/04\/L10_Masse.jpg 900w\" sizes=\"auto, (max-width: 202px) 100vw, 202px\" \/>\u00a0\u00a0\u00a0\u00a0\u00a0\u00a0\u00a0 <\/a><a href=\"http:\/\/ozroll.de\/wp-content\/uploads\/2015\/04\/L10_Masse2.jpg\" rel=\"lightbox\"><img loading=\"lazy\" decoding=\"async\" class=\"alignnone wp-image-320 size-medium\" src=\"http:\/\/ozroll.de\/wp-content\/uploads\/2015\/04\/L10_Masse2-300x250.jpg\" alt=\"L10_Masse2\" width=\"300\" height=\"250\" srcset=\"https:\/\/ozroll.de\/en\/wp-content\/uploads\/sites\/3\/2015\/04\/L10_Masse2-300x250.jpg 300w, https:\/\/ozroll.de\/en\/wp-content\/uploads\/sites\/3\/2015\/04\/L10_Masse2-768x639.jpg 768w, https:\/\/ozroll.de\/en\/wp-content\/uploads\/sites\/3\/2015\/04\/L10_Masse2-180x150.jpg 180w, https:\/\/ozroll.de\/en\/wp-content\/uploads\/sites\/3\/2015\/04\/L10_Masse2-150x125.jpg 150w, https:\/\/ozroll.de\/en\/wp-content\/uploads\/sites\/3\/2015\/04\/L10_Masse2.jpg 900w\" sizes=\"auto, (max-width: 300px) 100vw, 300px\" \/><\/a><a href=\"http:\/\/ozroll.de\/wp-content\/uploads\/2015\/04\/T09Zugkraft.jpg\" rel=\"lightbox[31]\">.<\/a><\/p>\n<\/div><\/div>\n<p>&nbsp;<\/p>\n","protected":false},"excerpt":{"rendered":"<p>12-Volt Seitenmotor L10 Art.-Nr.: 15.003.000 &nbsp;<\/p>\n<p class=\"continue-reading-button\"> <a class=\"continue-reading-link\" href=\"https:\/\/ozroll.de\/en\/12-volt-seitenantrieb\/\">Continue reading<i class=\"crycon-right-dir\"><\/i><\/a><\/p>\n","protected":false},"author":1,"featured_media":0,"parent":0,"menu_order":0,"comment_status":"closed","ping_status":"open","template":"","meta":{"footnotes":""},"class_list":["post-31","page","type-page","status-publish","hentry"],"_links":{"self":[{"href":"https:\/\/ozroll.de\/en\/wp-json\/wp\/v2\/pages\/31","targetHints":{"allow":["GET"]}}],"collection":[{"href":"https:\/\/ozroll.de\/en\/wp-json\/wp\/v2\/pages"}],"about":[{"href":"https:\/\/ozroll.de\/en\/wp-json\/wp\/v2\/types\/page"}],"author":[{"embeddable":true,"href":"https:\/\/ozroll.de\/en\/wp-json\/wp\/v2\/users\/1"}],"replies":[{"embeddable":true,"href":"https:\/\/ozroll.de\/en\/wp-json\/wp\/v2\/comments?post=31"}],"version-history":[{"count":8,"href":"https:\/\/ozroll.de\/en\/wp-json\/wp\/v2\/pages\/31\/revisions"}],"predecessor-version":[{"id":371,"href":"https:\/\/ozroll.de\/en\/wp-json\/wp\/v2\/pages\/31\/revisions\/371"}],"wp:attachment":[{"href":"https:\/\/ozroll.de\/en\/wp-json\/wp\/v2\/media?parent=31"}],"curies":[{"name":"wp","href":"https:\/\/api.w.org\/{rel}","templated":true}]}}