{"id":33,"date":"2015-04-04T18:02:47","date_gmt":"2015-04-04T18:02:47","guid":{"rendered":"http:\/\/ozroll.de\/?page_id=33"},"modified":"2017-03-02T07:01:33","modified_gmt":"2017-03-02T07:01:33","slug":"akku-steuergeraet-e-port","status":"publish","type":"page","link":"https:\/\/ozroll.de\/en\/akku-steuergeraet-e-port\/","title":{"rendered":"Akku-Steuerger\u00e4t E-Port"},"content":{"rendered":"<h3>Akku-Steuerger\u00e4t E-Port<\/h3>\n<p><strong>Art.-Nr.: 15.600.001<br \/>\nund 15.601.001 (mit integriertem Funkempf\u00e4nger)<\/strong><\/p>\n<div class=\"simnor-shortcode simnor-shortcode-tabs\"><div class=\"simnor-shortcode simnor-shortcode-tabpane\"><div class=\"simnor-shortcode simnor-shortcode-tab-label\">Beschreibung:<\/div><p><a href=\"http:\/\/ozroll.de\/wp-content\/uploads\/2015\/04\/e_port_01.jpg\" rel=\"lightbox\"><img loading=\"lazy\" decoding=\"async\" class=\"wp-image-340 alignright\" src=\"http:\/\/ozroll.de\/wp-content\/uploads\/2015\/04\/e_port_01-111x300.jpg\" alt=\"e_port_01\" width=\"83\" height=\"224\" srcset=\"https:\/\/ozroll.de\/en\/wp-content\/uploads\/sites\/3\/2015\/04\/e_port_01-111x300.jpg 111w, https:\/\/ozroll.de\/en\/wp-content\/uploads\/sites\/3\/2015\/04\/e_port_01.jpg 296w\" sizes=\"auto, (max-width: 83px) 100vw, 83px\" \/><\/a>Mobiles Akku-Steuerger\u00e4t zur Bedienung von Rolll\u00e4den und Sonnenschutzanlagen, welche mit 12-V-ODS-Motoren ausgestattet sind.<\/p>\n<p>Das Steuerger\u00e4t beinhaltet die Steuerungselektronik, die Bedienschalter sowie die wiederaufladbaren Lithium-Ionen-Akkus, welche die Antriebe mit Strom versorgen.<\/p>\n<p>Um einen Antrieb zu bedienen, muss das Steuerger\u00e4t in die jeweilige Wandhalterung des Antriebs eingesteckt werden, um so die Verbindung zwischen Steuerger\u00e4t und Antrieb herzustellen. Da das Steuerger\u00e4t aus der Wandhalterung heraus genommen werden kann, bietet sich der Einsatz von E-Port besonders dort an, wo kein Strom vorhanden ist oder wo eine Elektrozuleitung nicht m\u00f6glich bzw. nicht erw\u00fcnscht ist.<\/p>\n<p>Da das Steuerger\u00e4t mobil und nicht an einen bestimmten Antrieb gebunden ist, k\u00f6nnen mit einem Steuerger\u00e4t beliebig viele Anlagen nacheinander bedient werden. Das spart zus\u00e4tzlich Kosten.<\/p>\n<\/div><div class=\"simnor-shortcode simnor-shortcode-tabpane\"><div class=\"simnor-shortcode simnor-shortcode-tab-label\">Technische Daten:<\/div><table id=\"tablepress-9\" class=\"tablepress tablepress-id-9\">\n<tbody class=\"row-striping row-hover\">\n<tr class=\"row-1\">\n<td class=\"column-1\">H\u00f6he:<\/td>\n<td class=\"column-2\">114 mm<\/td>\n<\/tr>\n<tr class=\"row-2\">\n<td class=\"column-1\">Breite:<\/td>\n<td class=\"column-2\">81,2 mm<\/td>\n<\/tr>\n<tr class=\"row-3\">\n<td class=\"column-1\">Tiefe:<\/td>\n<td class=\"column-2\">30,4 mm<\/td>\n<\/tr>\n<tr class=\"row-4\">\n<td class=\"column-1\">Tiefe incl. Wandhalterung:<\/td>\n<td class=\"column-2\">41 mm<\/td>\n<\/tr>\n<tr class=\"row-5\">\n<td class=\"column-1\">Bedienzyklen\/Akkuladung:<\/td>\n<td class=\"column-2\">bis zu 50 Zyklen<\/td>\n<\/tr>\n<tr class=\"row-6\">\n<td class=\"column-1\">Zeit zum vollst. Aufladen:<\/td>\n<td class=\"column-2\">8 h<\/td>\n<\/tr>\n<tr class=\"row-7\">\n<td class=\"column-1\">Ausgangsspannung:<\/td>\n<td class=\"column-2\">14,8 V<\/td>\n<\/tr>\n<tr class=\"row-8\">\n<td class=\"column-1\">Batterieleistung:<\/td>\n<td class=\"column-2\">1600 mAh<\/td>\n<\/tr>\n<tr class=\"row-9\">\n<td class=\"column-1\">Gewicht:<\/td>\n<td class=\"column-2\">ca. 295 gr<\/td>\n<\/tr>\n<\/tbody>\n<\/table>\n<p><!-- #tablepress-9 from cache --><\/p>\n<\/div><div class=\"simnor-shortcode simnor-shortcode-tabpane\"><div class=\"simnor-shortcode simnor-shortcode-tab-label\">Zubeh\u00f6r:<\/div><table id=\"tablepress-10\" class=\"tablepress tablepress-id-10\">\n<tbody class=\"row-striping row-hover\">\n<tr class=\"row-1\">\n<td class=\"column-1\">Wandhalterung<\/td>\n<td class=\"column-2\">Art.-Nr.: 15.551.001<\/td>\n<\/tr>\n<tr class=\"row-2\">\n<td class=\"column-1\">Ladeger\u00e4t 230 V (EU)<\/td>\n<td class=\"column-2\">Art.-Nr.: 15.580.002<\/td>\n<\/tr>\n<tr class=\"row-3\">\n<td class=\"column-1\">Ladeger\u00e4t 230 V (UK)<\/td>\n<td class=\"column-2\">Art.-Nr.: 15.246.001<\/td>\n<\/tr>\n<tr class=\"row-4\">\n<td class=\"column-1\">Kabelverl\u00e4ngerung 2 Meter:<\/td>\n<td class=\"column-2\">Art.-Nr.: 15.910.082<\/td>\n<\/tr>\n<\/tbody>\n<\/table>\n<p><!-- #tablepress-10 from cache --><\/p>\n<\/div><div class=\"simnor-shortcode simnor-shortcode-tabpane\"><div class=\"simnor-shortcode simnor-shortcode-tab-label\">Abbildung:<\/div><p><a href=\"http:\/\/ozroll.de\/wp-content\/uploads\/2015\/04\/e_port_03.jpg\" rel=\"lightbox\"><img loading=\"lazy\" decoding=\"async\" class=\"alignnone wp-image-351 size-medium\" src=\"http:\/\/ozroll.de\/wp-content\/uploads\/2015\/04\/e_port_03-241x300.jpg\" alt=\"e_port_03\" width=\"241\" height=\"300\" srcset=\"https:\/\/ozroll.de\/en\/wp-content\/uploads\/sites\/3\/2015\/04\/e_port_03-241x300.jpg 241w, https:\/\/ozroll.de\/en\/wp-content\/uploads\/sites\/3\/2015\/04\/e_port_03-121x150.jpg 121w, https:\/\/ozroll.de\/en\/wp-content\/uploads\/sites\/3\/2015\/04\/e_port_03.jpg 616w\" sizes=\"auto, (max-width: 241px) 100vw, 241px\" \/><\/a>\u00a0\u00a0\u00a0\u00a0\u00a0\u00a0\u00a0\u00a0\u00a0\u00a0\u00a0\u00a0\u00a0\u00a0\u00a0<a href=\"http:\/\/ozroll.de\/wp-content\/uploads\/2015\/04\/e_port_02.jpg\" rel=\"lightbox\"><img loading=\"lazy\" decoding=\"async\" class=\"alignnone wp-image-350 size-medium\" src=\"http:\/\/ozroll.de\/wp-content\/uploads\/2015\/04\/e_port_02-82x300.jpg\" alt=\"e_port_02\" width=\"82\" height=\"300\" srcset=\"https:\/\/ozroll.de\/en\/wp-content\/uploads\/sites\/3\/2015\/04\/e_port_02-82x300.jpg 82w, https:\/\/ozroll.de\/en\/wp-content\/uploads\/sites\/3\/2015\/04\/e_port_02-41x150.jpg 41w, https:\/\/ozroll.de\/en\/wp-content\/uploads\/sites\/3\/2015\/04\/e_port_02.jpg 204w\" sizes=\"auto, (max-width: 82px) 100vw, 82px\" \/><\/a> <a href=\"http:\/\/ozroll.de\/wp-content\/uploads\/2015\/04\/T09Zugkraft.jpg\" rel=\"lightbox[33]\">.<\/a><\/p>\n<\/div><\/div>\n<p>&nbsp;<\/p>\n<h3>Wandhalterung f\u00fcr E-Port<\/h3>\n<p><strong>Art.-Nr. 15.551.001<\/strong><\/p>\n<div class=\"simnor-shortcode simnor-shortcode-tabs\"><div class=\"simnor-shortcode simnor-shortcode-tabpane\"><div class=\"simnor-shortcode simnor-shortcode-tab-label\">Beschreibung:<\/div><p><a href=\"http:\/\/ozroll.de\/wp-content\/uploads\/2015\/04\/wandhalterung_01.jpg\" rel=\"lightbox\"><img loading=\"lazy\" decoding=\"async\" class=\"alignleft wp-image-354\" src=\"http:\/\/ozroll.de\/wp-content\/uploads\/2015\/04\/wandhalterung_01-287x300.jpg\" alt=\"wandhalterung_01\" width=\"143\" height=\"150\" srcset=\"https:\/\/ozroll.de\/en\/wp-content\/uploads\/sites\/3\/2015\/04\/wandhalterung_01-287x300.jpg 287w, https:\/\/ozroll.de\/en\/wp-content\/uploads\/sites\/3\/2015\/04\/wandhalterung_01-768x804.jpg 768w, https:\/\/ozroll.de\/en\/wp-content\/uploads\/sites\/3\/2015\/04\/wandhalterung_01-978x1024.jpg 978w, https:\/\/ozroll.de\/en\/wp-content\/uploads\/sites\/3\/2015\/04\/wandhalterung_01-143x150.jpg 143w, https:\/\/ozroll.de\/en\/wp-content\/uploads\/sites\/3\/2015\/04\/wandhalterung_01.jpg 1220w\" sizes=\"auto, (max-width: 143px) 100vw, 143px\" \/><\/a>Die Wandhalterung ist das Bindeglied zwischen dem ODS-Motor und dem mobilen Steuerger\u00e4t E-Port.<\/p>\n<p>Die Wandhalterung wird \u00fcber ein 2-poliges Kabel mit dem Motor verbunden. Das Motorkabel wird mit Flachsteckh\u00fclsen an der Wandhalterung angeschlossen. Sobald das Steuerger\u00e4t E-Port in die Wandhalterung eingesteckt wird, versorgt es den Motor mit Strom und die Anlage kann bedient werden.<\/p>\n<p>Jeder Rollladen bzw. jede Sonnenschutzanlage, der\/die mit dem mobilen Steuerger\u00e4t bedient werden soll, wird mit einer eigenen Wandhalterung ausgestattet (Ausnahme: 3-Wege-Schalter, Art.-Nr. 15.550.001)<\/p>\n<\/div><div class=\"simnor-shortcode simnor-shortcode-tabpane\"><div class=\"simnor-shortcode simnor-shortcode-tab-label\">Technische Daten:<\/div><table id=\"tablepress-11\" class=\"tablepress tablepress-id-11\">\n<tbody class=\"row-striping row-hover\">\n<tr class=\"row-1\">\n<td class=\"column-1\">Breite:<\/td>\n<td class=\"column-2\">83,4 mm<\/td>\n<\/tr>\n<tr class=\"row-2\">\n<td class=\"column-1\">H\u00f6he:<\/td>\n<td class=\"column-2\">82,8 mm<\/td>\n<\/tr>\n<tr class=\"row-3\">\n<td class=\"column-1\">Tiefe:<\/td>\n<td class=\"column-2\">37,4 mm<\/td>\n<\/tr>\n<tr class=\"row-4\">\n<td class=\"column-1\">Gewicht:<\/td>\n<td class=\"column-2\">48 gr<\/td>\n<\/tr>\n<\/tbody>\n<\/table>\n<p><!-- #tablepress-11 from cache --><\/p>\n<\/div><div class=\"simnor-shortcode simnor-shortcode-tabpane\"><div class=\"simnor-shortcode simnor-shortcode-tab-label\">Abbildung:<\/div><p><a href=\"http:\/\/ozroll.de\/wp-content\/uploads\/2015\/04\/wandhalterung_02.jpg\" rel=\"lightbox\"><img loading=\"lazy\" decoding=\"async\" class=\"alignnone wp-image-359 \" src=\"http:\/\/ozroll.de\/wp-content\/uploads\/2015\/04\/wandhalterung_02-300x300.jpg\" alt=\"wandhalterung_02\" width=\"160\" height=\"160\" srcset=\"https:\/\/ozroll.de\/en\/wp-content\/uploads\/sites\/3\/2015\/04\/wandhalterung_02-300x300.jpg 300w, https:\/\/ozroll.de\/en\/wp-content\/uploads\/sites\/3\/2015\/04\/wandhalterung_02-150x150.jpg 150w, https:\/\/ozroll.de\/en\/wp-content\/uploads\/sites\/3\/2015\/04\/wandhalterung_02-149x150.jpg 149w, https:\/\/ozroll.de\/en\/wp-content\/uploads\/sites\/3\/2015\/04\/wandhalterung_02.jpg 762w\" sizes=\"auto, (max-width: 160px) 100vw, 160px\" \/><\/a>\u00a0\u00a0\u00a0\u00a0\u00a0\u00a0\u00a0\u00a0\u00a0 <a href=\"http:\/\/ozroll.de\/wp-content\/uploads\/2015\/04\/wandhalterung_04.jpg\" rel=\"lightbox\"><img loading=\"lazy\" decoding=\"async\" class=\"alignnone wp-image-362 \" src=\"http:\/\/ozroll.de\/wp-content\/uploads\/2015\/04\/wandhalterung_04-123x300.jpg\" alt=\"wandhalterung_04\" width=\"66\" height=\"161\" srcset=\"https:\/\/ozroll.de\/en\/wp-content\/uploads\/sites\/3\/2015\/04\/wandhalterung_04-123x300.jpg 123w, https:\/\/ozroll.de\/en\/wp-content\/uploads\/sites\/3\/2015\/04\/wandhalterung_04-61x150.jpg 61w, https:\/\/ozroll.de\/en\/wp-content\/uploads\/sites\/3\/2015\/04\/wandhalterung_04.jpg 299w\" sizes=\"auto, (max-width: 66px) 100vw, 66px\" \/><\/a>\u00a0\u00a0\u00a0\u00a0\u00a0\u00a0\u00a0\u00a0\u00a0\u00a0\u00a0\u00a0\u00a0\u00a0\u00a0\u00a0\u00a0\u00a0\u00a0\u00a0 <a href=\"http:\/\/ozroll.de\/wp-content\/uploads\/2015\/04\/wandhalterung_03.jpg\" rel=\"lightbox\"><img loading=\"lazy\" decoding=\"async\" class=\"alignnone wp-image-361 \" src=\"http:\/\/ozroll.de\/wp-content\/uploads\/2015\/04\/wandhalterung_03-300x298.jpg\" alt=\"wandhalterung_03\" width=\"161\" height=\"160\" srcset=\"https:\/\/ozroll.de\/en\/wp-content\/uploads\/sites\/3\/2015\/04\/wandhalterung_03-300x298.jpg 300w, https:\/\/ozroll.de\/en\/wp-content\/uploads\/sites\/3\/2015\/04\/wandhalterung_03-150x150.jpg 150w, https:\/\/ozroll.de\/en\/wp-content\/uploads\/sites\/3\/2015\/04\/wandhalterung_03-151x150.jpg 151w, https:\/\/ozroll.de\/en\/wp-content\/uploads\/sites\/3\/2015\/04\/wandhalterung_03.jpg 660w\" sizes=\"auto, (max-width: 161px) 100vw, 161px\" \/><\/a>.<\/p>\n<\/div><\/div>\n<p>&nbsp;<\/p>\n","protected":false},"excerpt":{"rendered":"<p>Akku-Steuerger\u00e4t E-Port Art.-Nr.: 15.600.001 und 15.601.001 (mit integriertem Funkempf\u00e4nger) &nbsp; Wandhalterung f\u00fcr E-Port Art.-Nr. 15.551.001 &nbsp;<\/p>\n<p class=\"continue-reading-button\"> <a class=\"continue-reading-link\" href=\"https:\/\/ozroll.de\/en\/akku-steuergeraet-e-port\/\">Continue reading<i class=\"crycon-right-dir\"><\/i><\/a><\/p>\n","protected":false},"author":1,"featured_media":0,"parent":0,"menu_order":0,"comment_status":"closed","ping_status":"open","template":"","meta":{"footnotes":""},"class_list":["post-33","page","type-page","status-publish","hentry"],"_links":{"self":[{"href":"https:\/\/ozroll.de\/en\/wp-json\/wp\/v2\/pages\/33","targetHints":{"allow":["GET"]}}],"collection":[{"href":"https:\/\/ozroll.de\/en\/wp-json\/wp\/v2\/pages"}],"about":[{"href":"https:\/\/ozroll.de\/en\/wp-json\/wp\/v2\/types\/page"}],"author":[{"embeddable":true,"href":"https:\/\/ozroll.de\/en\/wp-json\/wp\/v2\/users\/1"}],"replies":[{"embeddable":true,"href":"https:\/\/ozroll.de\/en\/wp-json\/wp\/v2\/comments?post=33"}],"version-history":[{"count":18,"href":"https:\/\/ozroll.de\/en\/wp-json\/wp\/v2\/pages\/33\/revisions"}],"predecessor-version":[{"id":373,"href":"https:\/\/ozroll.de\/en\/wp-json\/wp\/v2\/pages\/33\/revisions\/373"}],"wp:attachment":[{"href":"https:\/\/ozroll.de\/en\/wp-json\/wp\/v2\/media?parent=33"}],"curies":[{"name":"wp","href":"https:\/\/api.w.org\/{rel}","templated":true}]}}