{"id":35,"date":"2015-04-04T18:02:59","date_gmt":"2015-04-04T18:02:59","guid":{"rendered":"http:\/\/ozroll.de\/?page_id=35"},"modified":"2017-03-02T20:13:02","modified_gmt":"2017-03-02T20:13:02","slug":"3-wege-schalter","status":"publish","type":"page","link":"https:\/\/ozroll.de\/en\/3-wege-schalter\/","title":{"rendered":"3-Wege-Schalter"},"content":{"rendered":"<h3>3-Wege-Schalter E-3 Way<\/h3>\n<p><strong>Art.-Nr. 15.550.001<\/strong><\/p>\n<div class=\"simnor-shortcode simnor-shortcode-tabs\"><div class=\"simnor-shortcode simnor-shortcode-tabpane\"><div class=\"simnor-shortcode simnor-shortcode-tab-label\">Beschreibung:<\/div><p><a href=\"http:\/\/ozroll.de\/wp-content\/uploads\/2015\/04\/E_3_1.jpg\" rel=\"lightbox\"><img loading=\"lazy\" decoding=\"async\" class=\"alignright wp-image-375 \" src=\"http:\/\/ozroll.de\/wp-content\/uploads\/2015\/04\/E_3_1-300x237.jpg\" alt=\"E_3_1\" width=\"250\" height=\"197\" srcset=\"https:\/\/ozroll.de\/en\/wp-content\/uploads\/sites\/3\/2015\/04\/E_3_1-300x237.jpg 300w, https:\/\/ozroll.de\/en\/wp-content\/uploads\/sites\/3\/2015\/04\/E_3_1-190x150.jpg 190w, https:\/\/ozroll.de\/en\/wp-content\/uploads\/sites\/3\/2015\/04\/E_3_1-150x119.jpg 150w, https:\/\/ozroll.de\/en\/wp-content\/uploads\/sites\/3\/2015\/04\/E_3_1.jpg 529w\" sizes=\"auto, (max-width: 250px) 100vw, 250px\" \/><\/a>In Verbindung mit dem E-3 Way Schalter k\u00f6nnen bis zu drei Rolll\u00e4den mit einem einzigen Steuerger\u00e4t nacheinander bedient werden.<\/p>\n<p>Der elektronische Umschalter wird \u00fcber das mitgelieferte Verbindungskabel mit einer Wandhalterung und dadurch mit dem Steuerger\u00e4t verbunden.<br \/>\nAuf dem Schalter befinden sich drei Drucktaster, mit welchen der jeweils zu bedienende Rollladen ausgew\u00e4hlt werden kann. Die ausgew\u00e4hlte Anlage wird durch eine LED angezeigt.<\/p>\n<p>Anmerkung: Eine gleichzeitige Bedienung aller drei angeschlossenen Motore mit dem E-3 Way Schalter ist nicht m\u00f6glich!<\/p>\n<\/div><div class=\"simnor-shortcode simnor-shortcode-tabpane\"><div class=\"simnor-shortcode simnor-shortcode-tab-label\">Technische Daten:<\/div><table id=\"tablepress-12\" class=\"tablepress tablepress-id-12\">\n<tbody class=\"row-striping row-hover\">\n<tr class=\"row-1\">\n<td class=\"column-1\">Breite:<\/td>\n<td class=\"column-2\">83,8 mm<\/td>\n<\/tr>\n<tr class=\"row-2\">\n<td class=\"column-1\">H\u00f6he:<\/td>\n<td class=\"column-2\">83,8 mm<\/td>\n<\/tr>\n<tr class=\"row-3\">\n<td class=\"column-1\">Tiefe:<\/td>\n<td class=\"column-2\">23,5 mm<\/td>\n<\/tr>\n<tr class=\"row-4\">\n<td class=\"column-1\">Gewicht:<\/td>\n<td class=\"column-2\">ca. 130 gr<\/td>\n<\/tr>\n<\/tbody>\n<\/table>\n<\/div><div class=\"simnor-shortcode simnor-shortcode-tabpane\"><div class=\"simnor-shortcode simnor-shortcode-tab-label\">Abbildung:<\/div><p><a href=\"http:\/\/ozroll.de\/wp-content\/uploads\/2015\/04\/E_3_2.jpg\"  rel=\"lightbox[35] attachment wp-att-382\"><img loading=\"lazy\" decoding=\"async\" class=\"alignleft wp-image-382\" src=\"http:\/\/ozroll.de\/wp-content\/uploads\/2015\/04\/E_3_2-300x273.jpg\" alt=\"E_3_2\" width=\"248\" height=\"226\" srcset=\"https:\/\/ozroll.de\/en\/wp-content\/uploads\/sites\/3\/2015\/04\/E_3_2-300x273.jpg 300w, https:\/\/ozroll.de\/en\/wp-content\/uploads\/sites\/3\/2015\/04\/E_3_2-165x150.jpg 165w, https:\/\/ozroll.de\/en\/wp-content\/uploads\/sites\/3\/2015\/04\/E_3_2-150x136.jpg 150w, https:\/\/ozroll.de\/en\/wp-content\/uploads\/sites\/3\/2015\/04\/E_3_2.jpg 762w\" sizes=\"auto, (max-width: 248px) 100vw, 248px\" \/><\/a><\/p>\n<\/div><\/div>\n","protected":false},"excerpt":{"rendered":"<p>3-Wege-Schalter E-3 Way Art.-Nr. 15.550.001<\/p>\n<p class=\"continue-reading-button\"> <a class=\"continue-reading-link\" href=\"https:\/\/ozroll.de\/en\/3-wege-schalter\/\">Continue reading<i class=\"crycon-right-dir\"><\/i><\/a><\/p>\n","protected":false},"author":1,"featured_media":0,"parent":0,"menu_order":0,"comment_status":"closed","ping_status":"open","template":"","meta":{"footnotes":""},"class_list":["post-35","page","type-page","status-publish","hentry"],"_links":{"self":[{"href":"https:\/\/ozroll.de\/en\/wp-json\/wp\/v2\/pages\/35","targetHints":{"allow":["GET"]}}],"collection":[{"href":"https:\/\/ozroll.de\/en\/wp-json\/wp\/v2\/pages"}],"about":[{"href":"https:\/\/ozroll.de\/en\/wp-json\/wp\/v2\/types\/page"}],"author":[{"embeddable":true,"href":"https:\/\/ozroll.de\/en\/wp-json\/wp\/v2\/users\/1"}],"replies":[{"embeddable":true,"href":"https:\/\/ozroll.de\/en\/wp-json\/wp\/v2\/comments?post=35"}],"version-history":[{"count":8,"href":"https:\/\/ozroll.de\/en\/wp-json\/wp\/v2\/pages\/35\/revisions"}],"predecessor-version":[{"id":441,"href":"https:\/\/ozroll.de\/en\/wp-json\/wp\/v2\/pages\/35\/revisions\/441"}],"wp:attachment":[{"href":"https:\/\/ozroll.de\/en\/wp-json\/wp\/v2\/media?parent=35"}],"curies":[{"name":"wp","href":"https:\/\/api.w.org\/{rel}","templated":true}]}}