{"id":37,"date":"2015-04-04T18:03:18","date_gmt":"2015-04-04T18:03:18","guid":{"rendered":"http:\/\/ozroll.de\/?page_id=37"},"modified":"2017-03-02T06:20:30","modified_gmt":"2017-03-02T06:20:30","slug":"lamelli-12-volt","status":"publish","type":"page","link":"https:\/\/ozroll.de\/en\/lamelli-12-volt\/","title":{"rendered":"Lamelli 12 Volt"},"content":{"rendered":"<h3>\u201eKurbel\u201c-Motor LAMELLI 12V<\/h3>\n<p><strong>Art.-Nr.: 15.189.000<\/strong><\/p>\n<div class=\"simnor-shortcode simnor-shortcode-tabs\"><div class=\"simnor-shortcode simnor-shortcode-tabpane\"><div class=\"simnor-shortcode simnor-shortcode-tab-label\">Beschreibung:<\/div><p><a href=\"http:\/\/ozroll.de\/wp-content\/uploads\/2015\/04\/lamelli.jpg\" rel=\"lightbox\"><img loading=\"lazy\" decoding=\"async\" class=\"wp-image-331 size-medium alignright\" src=\"http:\/\/ozroll.de\/wp-content\/uploads\/2015\/04\/lamelli-300x245.jpg\" alt=\"lamelli\" width=\"300\" height=\"245\" srcset=\"https:\/\/ozroll.de\/en\/wp-content\/uploads\/sites\/3\/2015\/04\/lamelli-300x245.jpg 300w, https:\/\/ozroll.de\/en\/wp-content\/uploads\/sites\/3\/2015\/04\/lamelli-768x627.jpg 768w, https:\/\/ozroll.de\/en\/wp-content\/uploads\/sites\/3\/2015\/04\/lamelli-1024x836.jpg 1024w, https:\/\/ozroll.de\/en\/wp-content\/uploads\/sites\/3\/2015\/04\/lamelli-184x150.jpg 184w, https:\/\/ozroll.de\/en\/wp-content\/uploads\/sites\/3\/2015\/04\/lamelli-150x123.jpg 150w, https:\/\/ozroll.de\/en\/wp-content\/uploads\/sites\/3\/2015\/04\/lamelli.jpg 1200w\" sizes=\"auto, (max-width: 300px) 100vw, 300px\" \/><\/a>Lamelli wird zur einfachen und schnellen Elektrifizierung von vorhandenen Kurbel-Raffstoren und -Rolll\u00e4den eingesetzt.<\/p>\n<p>Der 12-Volt-Elektroantrieb wird einfach anstelle des bisherigen Gelenklagers eingebaut und durch das Steuerger\u00e4t E-Port mit Strom versorgt. Auch eine Ausstattung mit Funk und\/oder Solarpanel ist m\u00f6glich.<\/p>\n<p>&nbsp;<\/p>\n<p>\n<\/div><div class=\"simnor-shortcode simnor-shortcode-tabpane\"><div class=\"simnor-shortcode simnor-shortcode-tab-label\">Technische Daten:<\/div><table id=\"tablepress-7\" class=\"tablepress tablepress-id-7\">\n<tbody class=\"row-striping row-hover\">\n<tr class=\"row-1\">\n<td class=\"column-1\">H\u00f6he Grundplatte:<\/td>\n<td class=\"column-2\">83,0 mm<\/td>\n<\/tr>\n<tr class=\"row-2\">\n<td class=\"column-1\">Breite Grundplatte:<\/td>\n<td class=\"column-2\">36,0 mm<\/td>\n<\/tr>\n<tr class=\"row-3\">\n<td class=\"column-1\">Gesamttiefe:<\/td>\n<td class=\"column-2\">97,0 mm<\/td>\n<\/tr>\n<tr class=\"row-4\">\n<td class=\"column-1\">Drehmoment:<\/td>\n<td class=\"column-2\">ca. 2-3  Nm<\/td>\n<\/tr>\n<tr class=\"row-5\">\n<td class=\"column-1\">Drehzahl:<\/td>\n<td class=\"column-2\">30 U\/Min<\/td>\n<\/tr>\n<tr class=\"row-6\">\n<td class=\"column-1\">Gewicht:<\/td>\n<td class=\"column-2\">ca.  680 gr<\/td>\n<\/tr>\n<tr class=\"row-7\">\n<td class=\"column-1\">L\u00e4nge Anschlusskabel:<\/td>\n<td class=\"column-2\">200 cm<\/td>\n<\/tr>\n<\/tbody>\n<\/table>\n<p><!-- #tablepress-7 from cache --><\/p>\n<\/div><div class=\"simnor-shortcode simnor-shortcode-tabpane\"><div class=\"simnor-shortcode simnor-shortcode-tab-label\">Zubeh\u00f6r:<\/div><table id=\"tablepress-8\" class=\"tablepress tablepress-id-8\">\n<tbody class=\"row-striping row-hover\">\n<tr class=\"row-1\">\n<td class=\"column-1\">Vierkantstab 6mm:<\/td>\n<td class=\"column-2\">Art.-Nr.: 15.189.006<\/td>\n<\/tr>\n<tr class=\"row-2\">\n<td class=\"column-1\">Vierkantstab 8mm:<\/td>\n<td class=\"column-2\">Art.-Nr.: 15.189.008<\/td>\n<\/tr>\n<tr class=\"row-3\">\n<td class=\"column-1\">Sechskant-Stab 6mm:<\/td>\n<td class=\"column-2\">Art.-Nr.: 15.189.007<\/td>\n<\/tr>\n<tr class=\"row-4\">\n<td class=\"column-1\">Kabelverl\u00e4ngerung 2 Meter:<\/td>\n<td class=\"column-2\">Art.-Nr.: 15.910.082<\/td>\n<\/tr>\n<\/tbody>\n<\/table>\n<p><!-- #tablepress-8 from cache --><\/p>\n<\/div><div class=\"simnor-shortcode simnor-shortcode-tabpane\"><div class=\"simnor-shortcode simnor-shortcode-tab-label\">Zugkraft:<\/div><p><strong>Wichtiger Hinweis:<\/strong><\/p>\n<p>Genaue Angaben \u00fcber die Zugkraft und maximale Gewichte lassen sich nicht machen. Die Kapazit\u00e4t des Antriebs ist von dem Untersetzungsverh\u00e4ltnis des vorhandenen Getriebes sowie von der Leichtg\u00e4ngigkeit der Anlage abh\u00e4ngig. Schwerg\u00e4ngige Anlagen verursachen einen erh\u00f6hten Stromverbrauch, sodass das Aufladen mit Solarpanel unter Umst\u00e4nden nicht gegeben ist.<\/p>\n<\/div><div class=\"simnor-shortcode simnor-shortcode-tabpane\"><div class=\"simnor-shortcode simnor-shortcode-tab-label\">Abbildung:<\/div><p><a href=\"http:\/\/ozroll.de\/wp-content\/uploads\/2015\/04\/lamelli01.jpg\" rel=\"lightbox\"><img loading=\"lazy\" decoding=\"async\" class=\"alignnone wp-image-333 size-medium\" src=\"http:\/\/ozroll.de\/wp-content\/uploads\/2015\/04\/lamelli01-112x300.jpg\" alt=\"lamelli01\" width=\"112\" height=\"300\" srcset=\"https:\/\/ozroll.de\/en\/wp-content\/uploads\/sites\/3\/2015\/04\/lamelli01-112x300.jpg 112w, https:\/\/ozroll.de\/en\/wp-content\/uploads\/sites\/3\/2015\/04\/lamelli01-56x150.jpg 56w, https:\/\/ozroll.de\/en\/wp-content\/uploads\/sites\/3\/2015\/04\/lamelli01.jpg 289w\" sizes=\"auto, (max-width: 112px) 100vw, 112px\" \/><\/a>\u00a0\u00a0\u00a0\u00a0\u00a0\u00a0\u00a0\u00a0\u00a0\u00a0\u00a0\u00a0\u00a0\u00a0\u00a0<a href=\"http:\/\/ozroll.de\/wp-content\/uploads\/2015\/04\/lamelli02.jpg\" rel=\"lightbox\"><img loading=\"lazy\" decoding=\"async\" class=\"alignnone wp-image-334 size-medium\" src=\"http:\/\/ozroll.de\/wp-content\/uploads\/2015\/04\/lamelli02-300x300.jpg\" alt=\"lamelli02\" width=\"300\" height=\"300\" srcset=\"https:\/\/ozroll.de\/en\/wp-content\/uploads\/sites\/3\/2015\/04\/lamelli02-300x300.jpg 300w, https:\/\/ozroll.de\/en\/wp-content\/uploads\/sites\/3\/2015\/04\/lamelli02-150x150.jpg 150w, https:\/\/ozroll.de\/en\/wp-content\/uploads\/sites\/3\/2015\/04\/lamelli02.jpg 744w\" sizes=\"auto, (max-width: 300px) 100vw, 300px\" \/><\/a>\u00a0 <a href=\"http:\/\/ozroll.de\/wp-content\/uploads\/2015\/04\/T09Zugkraft.jpg\" rel=\"lightbox[37]\">.<\/a><\/p>\n<\/div><\/div>\n<p>&nbsp;<\/p>\n","protected":false},"excerpt":{"rendered":"<p>\u201eKurbel\u201c-Motor LAMELLI 12V Art.-Nr.: 15.189.000 &nbsp;<\/p>\n<p class=\"continue-reading-button\"> <a class=\"continue-reading-link\" href=\"https:\/\/ozroll.de\/en\/lamelli-12-volt\/\">Continue reading<i class=\"crycon-right-dir\"><\/i><\/a><\/p>\n","protected":false},"author":1,"featured_media":0,"parent":0,"menu_order":0,"comment_status":"closed","ping_status":"open","template":"","meta":{"footnotes":""},"class_list":["post-37","page","type-page","status-publish","hentry"],"_links":{"self":[{"href":"https:\/\/ozroll.de\/en\/wp-json\/wp\/v2\/pages\/37","targetHints":{"allow":["GET"]}}],"collection":[{"href":"https:\/\/ozroll.de\/en\/wp-json\/wp\/v2\/pages"}],"about":[{"href":"https:\/\/ozroll.de\/en\/wp-json\/wp\/v2\/types\/page"}],"author":[{"embeddable":true,"href":"https:\/\/ozroll.de\/en\/wp-json\/wp\/v2\/users\/1"}],"replies":[{"embeddable":true,"href":"https:\/\/ozroll.de\/en\/wp-json\/wp\/v2\/comments?post=37"}],"version-history":[{"count":10,"href":"https:\/\/ozroll.de\/en\/wp-json\/wp\/v2\/pages\/37\/revisions"}],"predecessor-version":[{"id":372,"href":"https:\/\/ozroll.de\/en\/wp-json\/wp\/v2\/pages\/37\/revisions\/372"}],"wp:attachment":[{"href":"https:\/\/ozroll.de\/en\/wp-json\/wp\/v2\/media?parent=37"}],"curies":[{"name":"wp","href":"https:\/\/api.w.org\/{rel}","templated":true}]}}