{"id":39,"date":"2015-04-04T18:03:35","date_gmt":"2015-04-04T18:03:35","guid":{"rendered":"http:\/\/ozroll.de\/?page_id=39"},"modified":"2017-03-02T14:31:53","modified_gmt":"2017-03-02T14:31:53","slug":"funksteuerung","status":"publish","type":"page","link":"https:\/\/ozroll.de\/en\/funksteuerung\/","title":{"rendered":"Funksteuerung"},"content":{"rendered":"<h3>OZRoll Funksteuerung E-Trans<\/h3>\n<p><strong>Art.-Nr.: 15.560.001 (1-Kanal)<br \/>\nArt.-Nr.: 15.561.001 (9-Kanal)<\/strong><\/p>\n<div class=\"simnor-shortcode simnor-shortcode-tabs\"><div class=\"simnor-shortcode simnor-shortcode-tabpane\"><div class=\"simnor-shortcode simnor-shortcode-tab-label\">Beschreibung:<\/div><p><a href=\"http:\/\/ozroll.de\/wp-content\/uploads\/2015\/04\/rf_1.jpg\" rel=\"lightbox\"><img loading=\"lazy\" decoding=\"async\" class=\"alignright wp-image-385 size-thumbnail\" src=\"http:\/\/ozroll.de\/wp-content\/uploads\/2015\/04\/rf_1-150x150.jpg\" alt=\"rf_1\" width=\"150\" height=\"150\" \/><\/a>Handsender zur Bedienung eines oder mehrerer Antriebe in Verbindung mit Funkempf\u00e4ngern des OZRoll-Drive-Systems. Bedienung und Programmierung sind denkbar einfach.<\/p>\n<p>Zum Einlernen eines Empf\u00e4ngers auf einen Sender bzw. Kanal m\u00fcssen lediglich die Stop-Tasten an beiden Ger\u00e4ten f\u00fcr ca. 3 Sekunden gleichzeitig gedr\u00fcckt werden (Beim 9-Kanal-Handsender muss zuvor der gew\u00fcnschte Kanal mit der Kanalwahltaste eingestellt werden. Die erfolgreiche Programmierung wird durch ein Blinken der LED-Anzeige quittiert.<br \/>\nUm einen Empf\u00e4nger aus der Funksteuerung zu l\u00f6schen, werden die Auf- und Ab-Taste am Empf\u00e4nger f\u00fcr ca. 5 Sekunden gleichzeitig gedr\u00fcckt. Das L\u00f6schen wird durch ein optisches Signal quittiert.<\/p>\n<p>Der 9-Kanal-Handsender kann bis zu 9 Einzelanlagen oder 9 beliebig gro\u00dfe Gruppen oder eine Kombination von Einzel-anlagen und Gruppen ansteuern. Ein zehnter Kanal dient immer als Zentralbefehl f\u00fcr alle programmierten Anlagen.<br \/>\nDer 9-Kanal-Handsender verf\u00fcgt \u00fcber eine gut lesbare LED-Anzeige und einen leicht bedienbaren Kanalwahlschalter. Beide Handsender werden mit einer Wandhalterung geliefert.<\/p>\n<p><strong>F\u00fcr die Bedienung mit der Funksteuerung sind Steuer-ger\u00e4te mit integriertem Funkempf\u00e4nger erforderlich (E-Port RF Nr. 15.601.001)<\/strong><\/p>\n<\/div><div class=\"simnor-shortcode simnor-shortcode-tabpane\"><div class=\"simnor-shortcode simnor-shortcode-tab-label\">Technische Daten:<\/div><table id=\"tablepress-13\" class=\"tablepress tablepress-id-13\">\n<tbody class=\"row-striping row-hover\">\n<tr class=\"row-1\">\n<td class=\"column-1\">H\u00f6he:<\/td>\n<td class=\"column-2\">43,9 mm (incl. Wandhalterung)<\/td>\n<\/tr>\n<tr class=\"row-2\">\n<td class=\"column-1\">Breite:<\/td>\n<td class=\"column-2\">111,3 mm (incl. Wandhalterung)<\/td>\n<\/tr>\n<tr class=\"row-3\">\n<td class=\"column-1\">Tiefe:<\/td>\n<td class=\"column-2\">22,2 mm (incl. Wandhalterung)<\/td>\n<\/tr>\n<tr class=\"row-4\">\n<td class=\"column-1\">Gewicht:<\/td>\n<td class=\"column-2\">ca. 58 gr<\/td>\n<\/tr>\n<tr class=\"row-5\">\n<td class=\"column-1\">Reichweite:<\/td>\n<td class=\"column-2\">ca. 50 Meter<\/td>\n<\/tr>\n<tr class=\"row-6\">\n<td class=\"column-1\">Frequenz:<\/td>\n<td class=\"column-2\">433 MHz<\/td>\n<\/tr>\n<tr class=\"row-7\">\n<td class=\"column-1\">Ersatzbatterie:<\/td>\n<td class=\"column-2\">Typ CR2430<\/td>\n<\/tr>\n<\/tbody>\n<\/table>\n<p><!-- #tablepress-13 from cache --><\/p>\n<\/div><div class=\"simnor-shortcode simnor-shortcode-tabpane\"><div class=\"simnor-shortcode simnor-shortcode-tab-label\">Abbildung:<\/div><p><a href=\"http:\/\/ozroll.de\/wp-content\/uploads\/2015\/04\/rf_2.jpg\" rel=\"lightbox\"><img loading=\"lazy\" decoding=\"async\" class=\"alignnone wp-image-390 size-medium\" src=\"http:\/\/ozroll.de\/wp-content\/uploads\/2015\/04\/rf_2-300x300.jpg\" alt=\"rf_2\" width=\"300\" height=\"300\" srcset=\"https:\/\/ozroll.de\/en\/wp-content\/uploads\/sites\/3\/2015\/04\/rf_2-300x300.jpg 300w, https:\/\/ozroll.de\/en\/wp-content\/uploads\/sites\/3\/2015\/04\/rf_2-150x150.jpg 150w, https:\/\/ozroll.de\/en\/wp-content\/uploads\/sites\/3\/2015\/04\/rf_2-768x770.jpg 768w, https:\/\/ozroll.de\/en\/wp-content\/uploads\/sites\/3\/2015\/04\/rf_2-1022x1024.jpg 1022w, https:\/\/ozroll.de\/en\/wp-content\/uploads\/sites\/3\/2015\/04\/rf_2.jpg 1272w\" sizes=\"auto, (max-width: 300px) 100vw, 300px\" \/><\/a>\u00a0\u00a0\u00a0\u00a0\u00a0\u00a0\u00a0\u00a0\u00a0\u00a0\u00a0\u00a0\u00a0 <a href=\"http:\/\/ozroll.de\/wp-content\/uploads\/2015\/04\/rf_03.jpg\" rel=\"lightbox\"><img loading=\"lazy\" decoding=\"async\" class=\"alignnone wp-image-391 size-medium\" src=\"http:\/\/ozroll.de\/wp-content\/uploads\/2015\/04\/rf_03-189x300.jpg\" alt=\"rf_03\" width=\"189\" height=\"300\" srcset=\"https:\/\/ozroll.de\/en\/wp-content\/uploads\/sites\/3\/2015\/04\/rf_03-189x300.jpg 189w, https:\/\/ozroll.de\/en\/wp-content\/uploads\/sites\/3\/2015\/04\/rf_03-768x1222.jpg 768w, https:\/\/ozroll.de\/en\/wp-content\/uploads\/sites\/3\/2015\/04\/rf_03-643x1024.jpg 643w, https:\/\/ozroll.de\/en\/wp-content\/uploads\/sites\/3\/2015\/04\/rf_03-94x150.jpg 94w, https:\/\/ozroll.de\/en\/wp-content\/uploads\/sites\/3\/2015\/04\/rf_03.jpg 832w\" sizes=\"auto, (max-width: 189px) 100vw, 189px\" \/><\/a><\/p>\n<\/div><\/div>\n","protected":false},"excerpt":{"rendered":"<p>OZRoll Funksteuerung E-Trans Art.-Nr.: 15.560.001 (1-Kanal) Art.-Nr.: 15.561.001 (9-Kanal)<\/p>\n<p class=\"continue-reading-button\"> <a class=\"continue-reading-link\" href=\"https:\/\/ozroll.de\/en\/funksteuerung\/\">Continue reading<i class=\"crycon-right-dir\"><\/i><\/a><\/p>\n","protected":false},"author":1,"featured_media":0,"parent":0,"menu_order":0,"comment_status":"closed","ping_status":"open","template":"","meta":{"footnotes":""},"class_list":["post-39","page","type-page","status-publish","hentry"],"_links":{"self":[{"href":"https:\/\/ozroll.de\/en\/wp-json\/wp\/v2\/pages\/39","targetHints":{"allow":["GET"]}}],"collection":[{"href":"https:\/\/ozroll.de\/en\/wp-json\/wp\/v2\/pages"}],"about":[{"href":"https:\/\/ozroll.de\/en\/wp-json\/wp\/v2\/types\/page"}],"author":[{"embeddable":true,"href":"https:\/\/ozroll.de\/en\/wp-json\/wp\/v2\/users\/1"}],"replies":[{"embeddable":true,"href":"https:\/\/ozroll.de\/en\/wp-json\/wp\/v2\/comments?post=39"}],"version-history":[{"count":7,"href":"https:\/\/ozroll.de\/en\/wp-json\/wp\/v2\/pages\/39\/revisions"}],"predecessor-version":[{"id":442,"href":"https:\/\/ozroll.de\/en\/wp-json\/wp\/v2\/pages\/39\/revisions\/442"}],"wp:attachment":[{"href":"https:\/\/ozroll.de\/en\/wp-json\/wp\/v2\/media?parent=39"}],"curies":[{"name":"wp","href":"https:\/\/api.w.org\/{rel}","templated":true}]}}