{"id":54,"date":"2015-04-04T18:07:23","date_gmt":"2015-04-04T18:07:23","guid":{"rendered":"http:\/\/ozroll.de\/?page_id=54"},"modified":"2019-04-30T17:57:08","modified_gmt":"2019-04-30T17:57:08","slug":"impressum","status":"publish","type":"page","link":"https:\/\/ozroll.de\/en\/impressum\/","title":{"rendered":"Impressum"},"content":{"rendered":"<p>Gesamtverantwortlich:<\/p>\n<h3 class=\"bodytext\">OZRoll Europe PTY LTD<\/h3>\n<p class=\"bodytext\">vertreten durch den General Manager Chris Parkinson<\/p>\n<p class=\"bodytext\">Registergericht:<br \/>\nRegisternummer:<\/p>\n<p class=\"bodytext\">Umsatzsteuer-Identifikationsnummer gem\u00e4\u00df \u00a7 27a UmsStG: DE265345576<\/p>\n<p>WEEE-Reg.-Nr. DE 24678429<\/p>\n<p class=\"bodytext\">Inhaltlich Verantwortlicher gem. \u00a76 MDStv: Chris Parkinson<\/p>\n<p class=\"bodytext\"><strong><a href=\"http:\/\/ozroll.de\/wp-content\/uploads\/2015\/04\/p81.jpg\"  rel=\"lightbox[54] attachment wp-att-241\"><img loading=\"lazy\" decoding=\"async\" class=\"size-full wp-image-241 alignright\" src=\"http:\/\/ozroll.de\/wp-content\/uploads\/2015\/04\/p81.jpg\" alt=\"p81\" width=\"353\" height=\"525\" srcset=\"https:\/\/ozroll.de\/en\/wp-content\/uploads\/sites\/3\/2015\/04\/p81.jpg 353w, https:\/\/ozroll.de\/en\/wp-content\/uploads\/sites\/3\/2015\/04\/p81-202x300.jpg 202w, https:\/\/ozroll.de\/en\/wp-content\/uploads\/sites\/3\/2015\/04\/p81-101x150.jpg 101w\" sizes=\"auto, (max-width: 353px) 100vw, 353px\" \/><\/a>B\u00fcro Europa:<\/strong><br \/>\nAm Hahnenbusch 9<br \/>\nD-55268 Nieder-Olm<br \/>\nPhone: +49 (0) 6136 9541 770<br \/>\nFax: +49 (0)6136 766 9035<br \/>\nOZRoll PTY LTD ist eine Betriebsst\u00e4tte der<br \/>\nOZRoll Europe PTY Ltd,<br \/>\n174 Cavan Road<br \/>\nDry Creek South Australia 5094<br \/>\nDirector: Mr. Chris Parkinson<br \/>\nAustralian Company Number: 135 135 312<\/p>\n<p>eMail: <a>info\u00a0(at) ozroll.de<\/a><\/p>\n<p class=\"bodytext\">Website: www.ozroll.de<\/p>\n<p class=\"bodytext\"><b>Haftungsausschluss:<\/b><\/p>\n<p class=\"bodytext\">Wir bieten auf unserer Internet-Seite nach bestem Wissen nur richtige und aktuelle Informationen an. Wir \u00fcbernehmen keinerlei Verantwortung oder Gew\u00e4hrleistung hinsichtlich der Aktualit\u00e4t und Richtigkeit und \u00fcbernehmen die Haftung lediglich f\u00fcr grobe Fahrl\u00e4ssigkeit und Vorsatz. Sprechen Sie uns im Zweifelsfall bitte pers\u00f6nlich an.<\/p>\n<p class=\"bodytext\">Trotz sorgf\u00e4ltiger inhaltlicher Kontrolle \u00fcbernimmt OZRoll PTY LTD keine Haftung f\u00fcr die Inhalte externer Verweise (Links). Wir haben keinerlei Einfluss auf den Linktext, die Gestaltung, eventuelle Verletzungen geltender Rechte, auch Marken- und Titelrechte und die Inhalte der verlinkten Seiten.<br \/>\nF\u00fcr den Inhalt der verlinkten Seiten sind ausschlie\u00dflich deren Betreiber verantwortlich.<\/p>\n<p class=\"bodytext\"><b>Urheberrecht:<\/b><\/p>\n<p class=\"bodytext\">Der Inhalt aller Seiten ist urheberrechtlich gesch\u00fctzt. S\u00e4mtliche in dieser Website ver\u00f6ffentlichten Informationen, Dokumente und Darstellungen sind alleiniges Eigentum der OZRoll PTY LTD oder von verbundenen Firmen, die ihre Einwilligung dazu erteilt haben.<\/p>\n<p class=\"bodytext\">Sollte trotz der sorgf\u00e4ltigen Erstellung der Inhalte und Abbildungen ein Urheberrecht verletzt werden bzw. verletzt worden sein, ist dies unbeabsichtigt und berechtigt in keinem Falle zu einer Abmahnung bzw. Berechnung von eventuell anfallenden Nutzungs- bzw. Lizenzgeb\u00fchren.<\/p>\n<p class=\"bodytext\">Im Falle einer trotzdem festgestellten, m\u00f6glichen Verletzung von Urheberrechten ist die OZRoll PTY LTD unverz\u00fcglich (d.h. innerhalb von sieben Tagen nach Bekanntwerden) und schriftlich &#8211; ausschlie\u00dflich per Briefpost &#8211; \u00fcber die m\u00f6glicherweise entstandene Verletzung eines Urheberrechtes mit den entsprechenden Nachweisen zu informieren.<\/p>\n<p class=\"bodytext\">Es ist dem Besucher dieser Internet-Pr\u00e4senz grunds\u00e4tzlich nicht gestattet, Bildschirm-Ausdrucke, Inhalte (Text und Abbildungen) zu speichern, zu kopieren oder anderweitig zu nutzen bzw. an Dritte &#8211; gleichg\u00fcltig aus welchen Grund &#8211; weiterzugeben.<\/p>\n<p class=\"bodytext\">Die auf dieser Internet-Pr\u00e4senz aufgef\u00fchrten bzw. vorhandenen E-Mail-Adressen d\u00fcrfen nicht zu Werbezwecken (u.a. Serien-E-Mails, unaufgeforderte Werbe-E-Mails, etc.) verwendet werden. Im Falle eines Mi\u00dfbrauchs wird dies durch den Seitenbetreiber unverz\u00fcglich, mit den zur Verf\u00fcgung stehenden Rechtsmitteln, verfolgt und ist au\u00dferdem schadensersatzpflichtig.<\/p>\n<p class=\"bodytext\"><b>Gerichtsstand: <\/b>siehe Frankfurt-Main<\/p>\n<p class=\"bodytext\">Mit dem Aufruf, der Nutzung dieser Internet-Pr\u00e4senz erkennt der Besucher die o.a. Hinweise verbindlich an.<\/p>\n<p class=\"bodytext\">F\u00fcr Leistungen, Lieferungen, Produkte, etc. gelten ausschlie\u00dflich unsere Allgemeinen Gesch\u00e4ftsbedingungen (ABG).<\/p>\n<p class=\"bodytext\">Gestaltung und Konzeption:<br \/>\nFriedrich Karl Rinn<br \/>\ninfo@ozroll.de<br \/>\nwebmaster: fr@ozroll.de<\/p>\n","protected":false},"excerpt":{"rendered":"<p>Gesamtverantwortlich: OZRoll Europe PTY LTD vertreten durch den General Manager Chris Parkinson Registergericht: Registernummer: Umsatzsteuer-Identifikationsnummer gem\u00e4\u00df \u00a7 27a UmsStG: DE265345576 WEEE-Reg.-Nr. DE 24678429 Inhaltlich Verantwortlicher gem. \u00a76 MDStv: Chris Parkinson B\u00fcro Europa: Am Hahnenbusch 9 D-55268 Nieder-Olm Phone: +49 (0) 6136 9541 770 Fax: +49 (0)6136 766 9035 OZRoll PTY\u2026<\/p>\n<p class=\"continue-reading-button\"> <a class=\"continue-reading-link\" href=\"https:\/\/ozroll.de\/en\/impressum\/\">Continue reading<i class=\"crycon-right-dir\"><\/i><\/a><\/p>\n","protected":false},"author":1,"featured_media":0,"parent":0,"menu_order":0,"comment_status":"closed","ping_status":"open","template":"","meta":{"footnotes":""},"class_list":["post-54","page","type-page","status-publish","hentry"],"_links":{"self":[{"href":"https:\/\/ozroll.de\/en\/wp-json\/wp\/v2\/pages\/54","targetHints":{"allow":["GET"]}}],"collection":[{"href":"https:\/\/ozroll.de\/en\/wp-json\/wp\/v2\/pages"}],"about":[{"href":"https:\/\/ozroll.de\/en\/wp-json\/wp\/v2\/types\/page"}],"author":[{"embeddable":true,"href":"https:\/\/ozroll.de\/en\/wp-json\/wp\/v2\/users\/1"}],"replies":[{"embeddable":true,"href":"https:\/\/ozroll.de\/en\/wp-json\/wp\/v2\/comments?post=54"}],"version-history":[{"count":8,"href":"https:\/\/ozroll.de\/en\/wp-json\/wp\/v2\/pages\/54\/revisions"}],"predecessor-version":[{"id":1016,"href":"https:\/\/ozroll.de\/en\/wp-json\/wp\/v2\/pages\/54\/revisions\/1016"}],"wp:attachment":[{"href":"https:\/\/ozroll.de\/en\/wp-json\/wp\/v2\/media?parent=54"}],"curies":[{"name":"wp","href":"https:\/\/api.w.org\/{rel}","templated":true}]}}