{"id":875,"date":"2019-02-03T20:19:32","date_gmt":"2019-02-03T20:19:32","guid":{"rendered":"http:\/\/ozroll.de\/?page_id=875"},"modified":"2019-02-04T21:51:20","modified_gmt":"2019-02-04T21:51:20","slug":"ozroll-solar-systeme","status":"publish","type":"page","link":"https:\/\/ozroll.de\/en\/ozroll-solar-systeme\/","title":{"rendered":"OZRoll Solar Systeme"},"content":{"rendered":"<h3>SOLAR by OZRoll &#8211; Ein Name, drei L\u00f6sungen<\/h3>\n<p>OZRoll bietet insgesamt 3 Solarsysteme f\u00fcr seine Antriebe an:<br \/>\nBei <strong>OZRoll SOLAR PRO<\/strong> befinden sich die Akkus sowie alle elektronischen Komponenten zusammen au\u00dferhalb des Geb\u00e4udes &#8211; eine Durchf\u00fchrung nach innen ist nicht erforderlich.<br \/>\nBei <strong>SOLAR home<\/strong> und <strong>SOLAR basic <\/strong>wird auf das innen angebrachte Steuerger\u00e4t E-Port zur\u00fcckgegriffen.<\/p>\n<h3>Solar Panel SolarPro II (12 Volt\/24 Volt)<\/h3>\n<div class=\"simnor-shortcode simnor-shortcode-tabs\"><div class=\"simnor-shortcode simnor-shortcode-tabpane\"><div class=\"simnor-shortcode simnor-shortcode-tab-label\">Beschreibung:<\/div><p><img loading=\"lazy\" decoding=\"async\" class=\"alignright wp-image-883\" src=\"http:\/\/ozroll.de\/wp-content\/uploads\/2019\/02\/SPII_01-300x123.jpg\" alt=\"\" width=\"229\" height=\"94\" srcset=\"https:\/\/ozroll.de\/en\/wp-content\/uploads\/sites\/3\/2019\/02\/SPII_01-300x123.jpg 300w, https:\/\/ozroll.de\/en\/wp-content\/uploads\/sites\/3\/2019\/02\/SPII_01-160x66.jpg 160w, https:\/\/ozroll.de\/en\/wp-content\/uploads\/sites\/3\/2019\/02\/SPII_01-150x61.jpg 150w, https:\/\/ozroll.de\/en\/wp-content\/uploads\/sites\/3\/2019\/02\/SPII_01.jpg 571w\" sizes=\"auto, (max-width: 229px) 100vw, 229px\" \/><strong>OZRoll Solar pro II<\/strong> ist die konsequente Weiterentwicklung des erfolgreichen Solarsystem <strong>SOLAR PRO<\/strong>.<\/p>\n<p>Das Bauteil besteht aus drei einzelnen, modularen Komponenten:<\/p>\n<ul>\n<li>Elektronikmodul,<\/li>\n<li>Batterie und<\/li>\n<li>Solarpanel.<\/li>\n<\/ul>\n<p>Die Module sind einfach zusammengesteckt, dadurch ist die Zusammenstellung von verschiedenen Kombinationen der Module (z.B. unterschiedlich starke Akkus oder Solarmodule) einfach m\u00f6glich. Weiterhin ist durch die konsequent einfache Bauweise die Reparatur bzw. der Austausch einzelner Komponenten mit wenigen Handgriffen m\u00f6glich.<\/p>\n<p><strong>OZRoll SOLAR PRO<\/strong> wird mit einem Click mittels der mitgelieferten Montageclips montiert und demontiert. Das separate Elektronikmodul erlaubt die Herstellung von Steuerungskomponenten nach spezifischen Kundenanforderungen. So ist z.B. die Integration vom kundeneigenen Funkempf\u00e4nger und somit die Integration von <strong>OZRoll SOLAR PRO<\/strong> in andere Funk-Steuerungssysteme m\u00f6glich.<\/p>\n<p><strong>Wichtiger Hinweis:<\/strong> Das Solarmodul SOLAR PRO muss so angebracht werden, dass ganzj\u00e4hrig eine direkte Sonneneinstrahlung (durchschnittlich ca. 1 h pro Tag) m\u00f6glich ist. Verschattung durch Hindernisse (Bauwerke, Pflanzen, Laibungen) sind unbedingt zu vermeiden. Bei einer Teilverschattung des Solarmoduls erfolgt keine ausreichende Ladung des Akkus!<\/p>\n<\/div><div class=\"simnor-shortcode simnor-shortcode-tabpane\"><div class=\"simnor-shortcode simnor-shortcode-tab-label\">Technische Daten:<\/div><table id=\"tablepress-19\" class=\"tablepress tablepress-id-19 tbody-has-connected-cells\">\n<tbody class=\"row-striping row-hover\">\n<tr class=\"row-1\">\n<td colspan=\"2\" class=\"column-1\">\n<p><b>Technische Daten allgemein:<\/b><\/td>\n<\/tr>\n<tr class=\"row-2\">\n<td class=\"column-1\">L\u00e4nge gesamt:<\/td>\n<td class=\"column-2\">624,0 mm<br \/>\n= Standardausf\u00fchrung (2,5W\/4A\/12V)<\/td>\n<\/tr>\n<tr class=\"row-3\">\n<td class=\"column-1\">H\u00f6he:<\/td>\n<td class=\"column-2\">78,0 mm<\/td>\n<\/tr>\n<tr class=\"row-4\">\n<td class=\"column-1\">Dicke:<\/td>\n<td class=\"column-2\">21,5 mm<\/td>\n<\/tr>\n<tr class=\"row-5\">\n<td class=\"column-1\">Gewicht:<\/td>\n<td class=\"column-2\">860 Gramm<\/td>\n<\/tr>\n<tr class=\"row-6\">\n<td class=\"column-1\">Anzahl Montageclips:<\/td>\n<td class=\"column-2\">2<\/td>\n<\/tr>\n<tr class=\"row-7\">\n<td class=\"column-1\">L\u00e4nge Anschlusskabel:<\/td>\n<td class=\"column-2\">30 cm<\/td>\n<\/tr>\n<tr class=\"row-8\">\n<td colspan=\"2\" class=\"column-1\">\n<p><b>Technische Daten Solarmodul:<\/b><\/td>\n<\/tr>\n<tr class=\"row-9\">\n<td class=\"column-1\">Kapazit\u00e4t:<\/td>\n<td class=\"column-2\">2,5 Watt\/4 Watt<\/td>\n<\/tr>\n<tr class=\"row-10\">\n<td class=\"column-1\">Typ:<\/td>\n<td class=\"column-2\">Christallin<\/td>\n<\/tr>\n<tr class=\"row-11\">\n<td colspan=\"2\" class=\"column-1\">\n<p><b>Technische Daten Akku:<\/b><\/td>\n<\/tr>\n<tr class=\"row-12\">\n<td class=\"column-1\">Typ:<\/td>\n<td class=\"column-2\">LiFePO4<\/td>\n<\/tr>\n<tr class=\"row-13\">\n<td class=\"column-1\">Strom:<\/td>\n<td class=\"column-2\">4A\/8A<\/td>\n<\/tr>\n<tr class=\"row-14\">\n<td class=\"column-1\">Kapazit\u00e4t:<\/td>\n<td class=\"column-2\">1500mAh\/3000mAh<\/td>\n<\/tr>\n<tr class=\"row-15\">\n<td class=\"column-1\">Betriebstemperatur:<\/td>\n<td class=\"column-2\">-20 - + 65\u00b0C<\/td>\n<\/tr>\n<\/tbody>\n<\/table>\n<p><!-- #tablepress-19 from cache --><\/p>\n<\/div><div class=\"simnor-shortcode simnor-shortcode-tabpane\"><div class=\"simnor-shortcode simnor-shortcode-tab-label\">Zubeh\u00f6r:<\/div><p><img loading=\"lazy\" decoding=\"async\" class=\"alignleft wp-image-896 size-full\" src=\"http:\/\/ozroll.de\/wp-content\/uploads\/2019\/02\/SPII_02.png\" alt=\"\" width=\"695\" height=\"739\" srcset=\"https:\/\/ozroll.de\/en\/wp-content\/uploads\/sites\/3\/2019\/02\/SPII_02.png 695w, https:\/\/ozroll.de\/en\/wp-content\/uploads\/sites\/3\/2019\/02\/SPII_02-150x160.png 150w, https:\/\/ozroll.de\/en\/wp-content\/uploads\/sites\/3\/2019\/02\/SPII_02-282x300.png 282w, https:\/\/ozroll.de\/en\/wp-content\/uploads\/sites\/3\/2019\/02\/SPII_02-141x150.png 141w, https:\/\/ozroll.de\/en\/wp-content\/uploads\/sites\/3\/2019\/02\/SPII_02-600x638.png 600w\" sizes=\"auto, (max-width: 695px) 100vw, 695px\" \/><\/p>\n<\/div><div class=\"simnor-shortcode simnor-shortcode-tabpane\"><div class=\"simnor-shortcode simnor-shortcode-tab-label\">Abbildung:<\/div><p><a href=\"http:\/\/ozroll.de\/wp-content\/uploads\/2019\/02\/SPII_03.png\" rel=\"lightbox[875]\"><img loading=\"lazy\" decoding=\"async\" class=\"wp-image-899 aligncenter\" src=\"http:\/\/ozroll.de\/wp-content\/uploads\/2019\/02\/SPII_03.png\" alt=\"\" width=\"505\" height=\"332\" srcset=\"https:\/\/ozroll.de\/en\/wp-content\/uploads\/sites\/3\/2019\/02\/SPII_03.png 542w, https:\/\/ozroll.de\/en\/wp-content\/uploads\/sites\/3\/2019\/02\/SPII_03-160x105.png 160w, https:\/\/ozroll.de\/en\/wp-content\/uploads\/sites\/3\/2019\/02\/SPII_03-300x197.png 300w, https:\/\/ozroll.de\/en\/wp-content\/uploads\/sites\/3\/2019\/02\/SPII_03-150x99.png 150w\" sizes=\"auto, (max-width: 505px) 100vw, 505px\" \/><\/a><a href=\"http:\/\/ozroll.de\/wp-content\/uploads\/2019\/02\/SPII_04.png\" rel=\"lightbox[875]\"><img loading=\"lazy\" decoding=\"async\" class=\"wp-image-900 aligncenter\" src=\"http:\/\/ozroll.de\/wp-content\/uploads\/2019\/02\/SPII_04.png\" alt=\"\" width=\"531\" height=\"273\" srcset=\"https:\/\/ozroll.de\/en\/wp-content\/uploads\/sites\/3\/2019\/02\/SPII_04.png 553w, https:\/\/ozroll.de\/en\/wp-content\/uploads\/sites\/3\/2019\/02\/SPII_04-160x82.png 160w, https:\/\/ozroll.de\/en\/wp-content\/uploads\/sites\/3\/2019\/02\/SPII_04-300x155.png 300w, https:\/\/ozroll.de\/en\/wp-content\/uploads\/sites\/3\/2019\/02\/SPII_04-150x77.png 150w\" sizes=\"auto, (max-width: 531px) 100vw, 531px\" \/><\/a><a href=\"http:\/\/ozroll.de\/wp-content\/uploads\/2015\/04\/T09Zugkraft.jpg\" rel=\"lightbox[875]\">.<\/a><\/p>\n<\/div><\/div>\n<p>&nbsp;<\/p>\n","protected":false},"excerpt":{"rendered":"<p>SOLAR by OZRoll &#8211; Ein Name, drei L\u00f6sungen OZRoll bietet insgesamt 3 Solarsysteme f\u00fcr seine Antriebe an: Bei OZRoll SOLAR PRO befinden sich die Akkus sowie alle elektronischen Komponenten zusammen au\u00dferhalb des Geb\u00e4udes &#8211; eine Durchf\u00fchrung nach innen ist nicht erforderlich. Bei SOLAR home und SOLAR basic wird auf das\u2026<\/p>\n<p class=\"continue-reading-button\"> <a class=\"continue-reading-link\" href=\"https:\/\/ozroll.de\/en\/ozroll-solar-systeme\/\">Continue reading<i class=\"crycon-right-dir\"><\/i><\/a><\/p>\n","protected":false},"author":1,"featured_media":0,"parent":0,"menu_order":0,"comment_status":"closed","ping_status":"open","template":"","meta":{"footnotes":""},"class_list":["post-875","page","type-page","status-publish","hentry"],"_links":{"self":[{"href":"https:\/\/ozroll.de\/en\/wp-json\/wp\/v2\/pages\/875","targetHints":{"allow":["GET"]}}],"collection":[{"href":"https:\/\/ozroll.de\/en\/wp-json\/wp\/v2\/pages"}],"about":[{"href":"https:\/\/ozroll.de\/en\/wp-json\/wp\/v2\/types\/page"}],"author":[{"embeddable":true,"href":"https:\/\/ozroll.de\/en\/wp-json\/wp\/v2\/users\/1"}],"replies":[{"embeddable":true,"href":"https:\/\/ozroll.de\/en\/wp-json\/wp\/v2\/comments?post=875"}],"version-history":[{"count":13,"href":"https:\/\/ozroll.de\/en\/wp-json\/wp\/v2\/pages\/875\/revisions"}],"predecessor-version":[{"id":902,"href":"https:\/\/ozroll.de\/en\/wp-json\/wp\/v2\/pages\/875\/revisions\/902"}],"wp:attachment":[{"href":"https:\/\/ozroll.de\/en\/wp-json\/wp\/v2\/media?parent=875"}],"curies":[{"name":"wp","href":"https:\/\/api.w.org\/{rel}","templated":true}]}}