{"id":10,"date":"2017-03-01T07:52:58","date_gmt":"2017-03-01T06:52:58","guid":{"rendered":"http:\/\/ozroll.de\/france\/?page_id=10"},"modified":"2017-03-02T07:20:30","modified_gmt":"2017-03-02T06:20:30","slug":"moteur-lamelli-12v","status":"publish","type":"page","link":"https:\/\/ozroll.de\/france\/moteur-lamelli-12v\/","title":{"rendered":"Moteur \u201eLAMELLI\u201c 12V"},"content":{"rendered":"<h3>Moteur \u201eLAMELLI\u201c 12V<\/h3>\n<p><strong>Art. de r\u00e9f\u00e9rence n\u00b0: 15.189.000<\/strong><\/p>\n<div class=\"simnor-shortcode simnor-shortcode-tabs\"><div class=\"simnor-shortcode simnor-shortcode-tabpane\"><div class=\"simnor-shortcode simnor-shortcode-tab-label\">Description:<\/div><p><a href=\"http:\/\/ozroll.de\/wp-content\/uploads\/2015\/04\/lamelli.jpg\" rel=\"lightbox\"><img loading=\"lazy\" decoding=\"async\" class=\"wp-image-331 size-medium alignright\" src=\"http:\/\/ozroll.de\/wp-content\/uploads\/2015\/04\/lamelli-300x245.jpg\" alt=\"lamelli\" width=\"300\" height=\"245\" \/><\/a>Le syst\u00e8me \u00ab Lamelli \u00bb est utilis\u00e9 pour une \u00e9lectrification simple et rapide des stores v\u00e9nitiens et des volets roulants \u00e0 manivelle existants.<\/p>\n<p>Le dispositif d&#8217;entra\u00eenement \u00e9lectrique de 12 volts est install\u00e9 simplement \u00e0 la place de l&#8217;articulation \u00e0 rotule existante et il est aliment\u00e9 en courant par l&#8217;appareil de commande E-Port. Un \u00e9quipement avec t\u00e9l\u00e9commande et\/ou un panneau solaire est \u00e9galement possible.<\/p>\n<p>&nbsp;<\/p>\n<p>\n<\/div><div class=\"simnor-shortcode simnor-shortcode-tabpane\"><div class=\"simnor-shortcode simnor-shortcode-tab-label\">Caract\u00e9ristiques:<\/div><table id=\"tablepress-7\" class=\"tablepress tablepress-id-7\">\n<tbody class=\"row-striping row-hover\">\n<tr class=\"row-1\">\n<td class=\"column-1\">Hauteur du socle:<\/td>\n<td class=\"column-2\">83,0 mm<\/td>\n<\/tr>\n<tr class=\"row-2\">\n<td class=\"column-1\">Largeur du socle::<\/td>\n<td class=\"column-2\">36,0 mm<\/td>\n<\/tr>\n<tr class=\"row-3\">\n<td class=\"column-1\">Profondeur total:<\/td>\n<td class=\"column-2\">97,0 mm<\/td>\n<\/tr>\n<tr class=\"row-4\">\n<td class=\"column-1\">Tension:<\/td>\n<td class=\"column-2\">env. 2-3  Nm<\/td>\n<\/tr>\n<tr class=\"row-5\">\n<td class=\"column-1\">Vitesse de rotation:<\/td>\n<td class=\"column-2\">30 tours\/min<\/td>\n<\/tr>\n<tr class=\"row-6\">\n<td class=\"column-1\">Poids:<\/td>\n<td class=\"column-2\">env. 0,680 kg<\/td>\n<\/tr>\n<tr class=\"row-7\">\n<td class=\"column-1\">Longueur du c\u00e2ble de raccordement:<\/td>\n<td class=\"column-2\">200 cm<\/td>\n<\/tr>\n<\/tbody>\n<\/table>\n<p><!-- #tablepress-7 from cache --><\/p>\n<\/div><div class=\"simnor-shortcode simnor-shortcode-tabpane\"><div class=\"simnor-shortcode simnor-shortcode-tab-label\">Accessoires:<\/div><table id=\"tablepress-8\" class=\"tablepress tablepress-id-8\">\n<tbody class=\"row-striping row-hover\">\n<tr class=\"row-1\">\n<td class=\"column-1\">Adaptateur 6mm carr\u00e9:<\/td>\n<td class=\"column-2\">Art.-Nr.: 15.189.006<\/td>\n<\/tr>\n<tr class=\"row-2\">\n<td class=\"column-1\">Adaptateur 8mm carr\u00e9:<\/td>\n<td class=\"column-2\">Art.-Nr.: 15.189.008<\/td>\n<\/tr>\n<tr class=\"row-3\">\n<td class=\"column-1\">Adaptateur 6mm hexagone:<\/td>\n<td class=\"column-2\">Art.-Nr.: 15.189.007<\/td>\n<\/tr>\n<tr class=\"row-4\">\n<td class=\"column-1\">Rallonge 250 cm pour le cable:<\/td>\n<td class=\"column-2\">Art.-Nr.: 15.910.082<\/td>\n<\/tr>\n<\/tbody>\n<\/table>\n<p><!-- #tablepress-8 from cache --><\/p>\n<\/div><div class=\"simnor-shortcode simnor-shortcode-tabpane\"><div class=\"simnor-shortcode simnor-shortcode-tab-label\">Traction:<\/div><p><strong>Remarque importante :<\/strong><\/p>\n<p>On ne peut pas fournir de donn\u00e9es exactes sur la force de traction et les poids maximaux. La capacit\u00e9 du dispositif d&#8217;entra\u00eenement d\u00e9pend du rapport de d\u00e9multiplication du m\u00e9canisme existant ainsi que de la manoeuvrabilit\u00e9 de l&#8217;installation. Des installations gripp\u00e9es augmentent la consommation de courant, de sorte que la charge avec un panneau solaire n&#8217;est pas indiqu\u00e9e dans ces cas.<\/p>\n<\/div><div class=\"simnor-shortcode simnor-shortcode-tabpane\"><div class=\"simnor-shortcode simnor-shortcode-tab-label\">Illustration:<\/div><p><a href=\"http:\/\/ozroll.de\/wp-content\/uploads\/2015\/04\/lamelli01.jpg\" rel=\"lightbox\"><img loading=\"lazy\" decoding=\"async\" class=\"alignnone wp-image-333 size-medium\" src=\"http:\/\/ozroll.de\/wp-content\/uploads\/2015\/04\/lamelli01-112x300.jpg\" alt=\"lamelli01\" width=\"112\" height=\"300\" \/><\/a>\u00a0\u00a0\u00a0\u00a0\u00a0\u00a0\u00a0\u00a0\u00a0\u00a0\u00a0\u00a0\u00a0\u00a0\u00a0<a href=\"http:\/\/ozroll.de\/wp-content\/uploads\/2015\/04\/lamelli02.jpg\" rel=\"lightbox\"><img loading=\"lazy\" decoding=\"async\" class=\"alignnone wp-image-334 size-medium\" src=\"http:\/\/ozroll.de\/wp-content\/uploads\/2015\/04\/lamelli02-300x300.jpg\" alt=\"lamelli02\" width=\"300\" height=\"300\" \/><\/a>\u00a0 <a href=\"http:\/\/ozroll.de\/wp-content\/uploads\/2015\/04\/T09Zugkraft.jpg\" rel=\"lightbox[10]\">.<\/a><\/p>\n<\/div><\/div>\n<p>&nbsp;<\/p>\n","protected":false},"excerpt":{"rendered":"<p>Moteur \u201eLAMELLI\u201c 12V Art. de r\u00e9f\u00e9rence n\u00b0: 15.189.000 &nbsp;<\/p>\n<p class=\"continue-reading-button\"> <a class=\"continue-reading-link\" href=\"https:\/\/ozroll.de\/france\/moteur-lamelli-12v\/\">Continue reading<i class=\"crycon-right-dir\"><\/i><\/a><\/p>\n","protected":false},"author":1,"featured_media":0,"parent":0,"menu_order":0,"comment_status":"closed","ping_status":"closed","template":"","meta":{"footnotes":""},"class_list":["post-10","page","type-page","status-publish","hentry"],"_links":{"self":[{"href":"https:\/\/ozroll.de\/france\/wp-json\/wp\/v2\/pages\/10","targetHints":{"allow":["GET"]}}],"collection":[{"href":"https:\/\/ozroll.de\/france\/wp-json\/wp\/v2\/pages"}],"about":[{"href":"https:\/\/ozroll.de\/france\/wp-json\/wp\/v2\/types\/page"}],"author":[{"embeddable":true,"href":"https:\/\/ozroll.de\/france\/wp-json\/wp\/v2\/users\/1"}],"replies":[{"embeddable":true,"href":"https:\/\/ozroll.de\/france\/wp-json\/wp\/v2\/comments?post=10"}],"version-history":[{"count":4,"href":"https:\/\/ozroll.de\/france\/wp-json\/wp\/v2\/pages\/10\/revisions"}],"predecessor-version":[{"id":259,"href":"https:\/\/ozroll.de\/france\/wp-json\/wp\/v2\/pages\/10\/revisions\/259"}],"wp:attachment":[{"href":"https:\/\/ozroll.de\/france\/wp-json\/wp\/v2\/media?parent=10"}],"curies":[{"name":"wp","href":"https:\/\/api.w.org\/{rel}","templated":true}]}}