{"id":11,"date":"2017-01-27T15:22:54","date_gmt":"2017-01-27T14:22:54","guid":{"rendered":"http:\/\/ozroll.de\/france\/?page_id=11"},"modified":"2017-01-27T16:09:50","modified_gmt":"2017-01-27T15:09:50","slug":"ozroll-drive-system","status":"publish","type":"page","link":"https:\/\/ozroll.de\/france\/ozroll-drive-system\/","title":{"rendered":"OZRoll-Drive-System"},"content":{"rendered":"<h3>Le roulant avec la batterie<\/h3>\n<p><img loading=\"lazy\" decoding=\"async\" class=\"size-medium wp-image-180 alignleft\" src=\"http:\/\/ozroll.de\/wp-content\/uploads\/2016\/02\/p211-121x300.jpg\" alt=\"p211\" width=\"121\" height=\"300\" \/><\/p>\n<p>Le syst\u00e8me d&#8217;entra\u00eenement \u00abOzRoll Drive system\u00bb (ODS) pour volets roulants et installations de protection solaire est compos\u00e9 de moteurs \u00e0 courant continu de 12 volts, qui fonctionnent avec des batteries rechargeables. La pose des moteurs s&#8217;effectue sans raccordement direct au r\u00e9seau 230 volts du b\u00e2timent. Cela garantit une utilisation en toute s\u00e9curit\u00e9 et permet un montage rapide et propre sans l&#8217;aide d&#8217;un \u00e9lectricien. Ainsi, le syst\u00e8me de motorisation OZRoll fait r\u00e9aliser au client final une \u00e9conomie de co\u00fbts suppl\u00e9mentaires importants et devient du m\u00eame coup une alternative int\u00e9ressante, m\u00eame sur un plan \u00e9conomique, aux syst\u00e8mes d&#8217;entra\u00eenements traditionnels.<\/p>\n<p><img loading=\"lazy\" decoding=\"async\" class=\"alignright wp-image-167\" src=\"http:\/\/ozroll.de\/wp-content\/uploads\/2016\/02\/p22.jpg\" alt=\"p22\" width=\"168\" height=\"177\" \/>On n&#8217;a plus besoin d&#8217;effectuer des travaux de percement ou d&#8217;enduit, ni de poser des c\u00e2bles. Le syst\u00e8me peut \u00eatre mont\u00e9 dans des endroits o\u00f9 une alimentation \u00e9lectrique n&#8217;est pas possible ou n&#8217;est pas souhaitable. Gr\u00e2ce au fonctionnement sur batterie, les moteurs fonctionnent m\u00eame en cas de panne d&#8217;\u00e9lectricit\u00e9. Un panneau solaire pos\u00e9 en suppl\u00e9ment augmente le confort et prot\u00e8ge l&#8217;environnement.<\/p>\n<p><img loading=\"lazy\" decoding=\"async\" class=\"alignleft size-full wp-image-168\" src=\"http:\/\/ozroll.de\/wp-content\/uploads\/2016\/02\/p23.jpg\" alt=\"p23\" width=\"125\" height=\"127\" \/>L&#8217;\u00e9l\u00e9ment central de la conception du syst\u00e8me d&#8217;entra\u00eenement consiste \u00e0 utiliser des moteurs 12 volts qui sont mont\u00e9s lat\u00e9ralement dans les caissons des volets roulants ou bien traditionnellement dans l&#8217;axe du volet roulant. L&#8217;appareil de commande avec les batteries int\u00e9gr\u00e9es est connect\u00e9 simplement au moteur par un c\u00e2ble bipolaire et alimente ainsi le moteur en courant.<\/p>\n<p><img loading=\"lazy\" decoding=\"async\" class=\"size-medium wp-image-194 alignright\" src=\"http:\/\/ozroll.de\/france\/wp-content\/uploads\/sites\/2\/2017\/01\/ods_fr-300x120.jpg\" alt=\"\" width=\"300\" height=\"120\" srcset=\"https:\/\/ozroll.de\/france\/wp-content\/uploads\/sites\/2\/2017\/01\/ods_fr-300x120.jpg 300w, https:\/\/ozroll.de\/france\/wp-content\/uploads\/sites\/2\/2017\/01\/ods_fr-250x100.jpg 250w, https:\/\/ozroll.de\/france\/wp-content\/uploads\/sites\/2\/2017\/01\/ods_fr-150x60.jpg 150w, https:\/\/ozroll.de\/france\/wp-content\/uploads\/sites\/2\/2017\/01\/ods_fr.jpg 584w\" sizes=\"auto, (max-width: 300px) 100vw, 300px\" \/><br \/>\nLe c\u00e2ble peut \u00eatre pos\u00e9 de fa\u00e7on \u00e0 \u00eatre invisible, par ex. dans le creux de la coulisse du volet roulant. Il est ensuite pos\u00e9 par un percement mini de l&#8217;ext\u00e9rieur vers l&#8217;int\u00e9rieur de la pi\u00e8ce et de la relier au socle mural. L&#8217;appareil de commande mobile E-Port qui permet de manoeuvrer le volet roulant est plac\u00e9 dans ce socle et reli\u00e9 par ce c\u00e2ble au moteur. Plusieurs installations peuvent \u00eatre command\u00e9es par un seul appareil de commande, ce qui \u00e9conomise en plus des frais.<\/p>\n","protected":false},"excerpt":{"rendered":"<p>Le roulant avec la batterie Le syst\u00e8me d&#8217;entra\u00eenement \u00abOzRoll Drive system\u00bb (ODS) pour volets roulants et installations de protection solaire est compos\u00e9 de moteurs \u00e0 courant continu de 12 volts, qui fonctionnent avec des batteries rechargeables. La pose des moteurs s&#8217;effectue sans raccordement direct au r\u00e9seau 230 volts du b\u00e2timent.\u2026<\/p>\n<p class=\"continue-reading-button\"> <a class=\"continue-reading-link\" href=\"https:\/\/ozroll.de\/france\/ozroll-drive-system\/\">Continue reading<i class=\"crycon-right-dir\"><\/i><\/a><\/p>\n","protected":false},"author":1,"featured_media":0,"parent":0,"menu_order":0,"comment_status":"closed","ping_status":"closed","template":"","meta":{"footnotes":""},"class_list":["post-11","page","type-page","status-publish","hentry"],"_links":{"self":[{"href":"https:\/\/ozroll.de\/france\/wp-json\/wp\/v2\/pages\/11","targetHints":{"allow":["GET"]}}],"collection":[{"href":"https:\/\/ozroll.de\/france\/wp-json\/wp\/v2\/pages"}],"about":[{"href":"https:\/\/ozroll.de\/france\/wp-json\/wp\/v2\/types\/page"}],"author":[{"embeddable":true,"href":"https:\/\/ozroll.de\/france\/wp-json\/wp\/v2\/users\/1"}],"replies":[{"embeddable":true,"href":"https:\/\/ozroll.de\/france\/wp-json\/wp\/v2\/comments?post=11"}],"version-history":[{"count":5,"href":"https:\/\/ozroll.de\/france\/wp-json\/wp\/v2\/pages\/11\/revisions"}],"predecessor-version":[{"id":196,"href":"https:\/\/ozroll.de\/france\/wp-json\/wp\/v2\/pages\/11\/revisions\/196"}],"wp:attachment":[{"href":"https:\/\/ozroll.de\/france\/wp-json\/wp\/v2\/media?parent=11"}],"curies":[{"name":"wp","href":"https:\/\/api.w.org\/{rel}","templated":true}]}}