{"id":12,"date":"2017-03-02T21:32:43","date_gmt":"2017-03-02T20:32:43","guid":{"rendered":"http:\/\/ozroll.de\/france\/?page_id=12"},"modified":"2018-11-10T10:21:32","modified_gmt":"2018-11-10T09:21:32","slug":"ueber-ozroll","status":"publish","type":"page","link":"https:\/\/ozroll.de\/france\/ueber-ozroll\/","title":{"rendered":"A propos OZRoll"},"content":{"rendered":"<h3>Bienvenue \u00e0 OZRoll<\/h3>\n<h3>Qualit\u00e9 du leader du march\u00e9 en Australie<\/h3>\n<h3><img loading=\"lazy\" decoding=\"async\" class=\"size-full wp-image-263 alignright\" src=\"http:\/\/ozroll.de\/wp-content\/uploads\/2016\/02\/p511.jpg\" alt=\"p511\" width=\"130\" height=\"295\" \/><\/h3>\n<p>OZRoll est le premier fabricant de syst\u00e8mes de volets roulants en Australie. Le si\u00e8ge de l&#8217;entreprise se trouve \u00e0 Ad\u00e9la\u00efde, la capitale de l&#8217;\u00e9tat d&#8217;Australie-M\u00e9ridionale.<\/p>\n<p>C&#8217;est l\u00e0, dans l&#8217;usine principale, que sont fabriqu\u00e9s, outre des lattes de volet roulant, des caissons et des \u00e9l\u00e9ments pr\u00e9fabriqu\u00e9s, des composants essentiels du syst\u00e8me de motorisation OZRoll Drive qui sont assembl\u00e9s directement en volets roulants finis.<\/p>\n<p>Les exp\u00e9riences issues de la pratique quotidienne sont int\u00e9gr\u00e9es directement dans le travail de d\u00e9veloppement d&#8217;OZRoll. De cette mani\u00e8re, les produits d&#8217;OZRoll sont toujours adapt\u00e9s parfaitement aux exigences des march\u00e9s.<\/p>\n<p>&nbsp;<\/p>\n<h3>Si loin et si pr\u00e8s \u00e0 la fois&#8230;<\/h3>\n<p><img loading=\"lazy\" decoding=\"async\" class=\"alignright wp-image-216\" src=\"http:\/\/ozroll.de\/wp-content\/uploads\/2016\/02\/p52.jpg\" alt=\"p52\" width=\"171\" height=\"138\" \/>Le service apr\u00e8s-vente et la proximit\u00e9 \u00e0 la client\u00e8le sont des \u00e9l\u00e9ments essentiels du concept de distribution d&#8217;OZRoll.<\/p>\n<p>C&#8217;est pourquoi les march\u00e9s europ\u00e9ens sont pris en charge par la filiale OZRoll Europe PTY LTD qui a son si\u00e8ge \u00e0 Nieder-Olm, au ouest de Francfort en Allemagne.<br \/>\nC&#8217;est l\u00e0 que se trouve le magasin central, \u00e0 partir duquel les commandes sont exp\u00e9di\u00e9es dans un service assur\u00e9 en r\u00e8gle g\u00e9n\u00e9rale 24 heures sur 24. Les parties essentielles du d\u00e9veloppement des extensions sp\u00e9cifiques aux clients ou aux pays y sont \u00e9galement r\u00e9alis\u00e9es.<\/p>\n<p><a href=\"http:\/\/ozroll.de\/wp-content\/uploads\/2016\/02\/p53.jpg\"  rel=\"lightbox[12] attachment wp-att-220\"><img loading=\"lazy\" decoding=\"async\" class=\"alignleft wp-image-220\" src=\"http:\/\/ozroll.de\/wp-content\/uploads\/2016\/02\/p53-225x300.jpg\" alt=\"p53\" width=\"147\" height=\"196\" \/><\/a>OZRoll Europe aide tous ses clients pour tout ce qui concerne le marketing, par exemple en fournissant des prospectus, des supports publicitaires et des salons, mais aussi naturellement des formations pour les employ\u00e9s ou les clients \u00e0 Nieder-Olm ou chez les clients.<\/p>\n","protected":false},"excerpt":{"rendered":"<p>Bienvenue \u00e0 OZRoll Qualit\u00e9 du leader du march\u00e9 en Australie OZRoll est le premier fabricant de syst\u00e8mes de volets roulants en Australie. Le si\u00e8ge de l&#8217;entreprise se trouve \u00e0 Ad\u00e9la\u00efde, la capitale de l&#8217;\u00e9tat d&#8217;Australie-M\u00e9ridionale. C&#8217;est l\u00e0, dans l&#8217;usine principale, que sont fabriqu\u00e9s, outre des lattes de volet roulant, des\u2026<\/p>\n<p class=\"continue-reading-button\"> <a class=\"continue-reading-link\" href=\"https:\/\/ozroll.de\/france\/ueber-ozroll\/\">Continue reading<i class=\"crycon-right-dir\"><\/i><\/a><\/p>\n","protected":false},"author":1,"featured_media":0,"parent":0,"menu_order":0,"comment_status":"closed","ping_status":"closed","template":"","meta":{"footnotes":""},"class_list":["post-12","page","type-page","status-publish","hentry"],"_links":{"self":[{"href":"https:\/\/ozroll.de\/france\/wp-json\/wp\/v2\/pages\/12","targetHints":{"allow":["GET"]}}],"collection":[{"href":"https:\/\/ozroll.de\/france\/wp-json\/wp\/v2\/pages"}],"about":[{"href":"https:\/\/ozroll.de\/france\/wp-json\/wp\/v2\/types\/page"}],"author":[{"embeddable":true,"href":"https:\/\/ozroll.de\/france\/wp-json\/wp\/v2\/users\/1"}],"replies":[{"embeddable":true,"href":"https:\/\/ozroll.de\/france\/wp-json\/wp\/v2\/comments?post=12"}],"version-history":[{"count":3,"href":"https:\/\/ozroll.de\/france\/wp-json\/wp\/v2\/pages\/12\/revisions"}],"predecessor-version":[{"id":302,"href":"https:\/\/ozroll.de\/france\/wp-json\/wp\/v2\/pages\/12\/revisions\/302"}],"wp:attachment":[{"href":"https:\/\/ozroll.de\/france\/wp-json\/wp\/v2\/media?parent=12"}],"curies":[{"name":"wp","href":"https:\/\/api.w.org\/{rel}","templated":true}]}}