{"id":159,"date":"2017-01-23T16:57:47","date_gmt":"2017-01-23T15:57:47","guid":{"rendered":"http:\/\/ozroll.de\/france\/?page_id=159"},"modified":"2018-05-05T16:37:00","modified_gmt":"2018-05-05T14:37:00","slug":"ozroll-la-technologie-intelligente-dentrainement","status":"publish","type":"page","link":"https:\/\/ozroll.de\/france\/ozroll-la-technologie-intelligente-dentrainement\/","title":{"rendered":"OZRoll &#8211; la technologie \u00abintelligente\u00bb d&#8217;entra\u00eenement"},"content":{"rendered":"<h3>OZRoll &#8211; la technologie \u00abintelligente\u00bb d&#8217;entra\u00eenement<\/h3>\n<h3>pour volets roulants, stores et autres composants<\/h3>\n<p><img loading=\"lazy\" decoding=\"async\" class=\"alignright wp-image-148\" src=\"http:\/\/ozroll.de\/wp-content\/uploads\/2015\/04\/kein_stecker.gif\" alt=\"kein_stecker\" width=\"255\" height=\"218\" \/>Le syst\u00e8me d&#8217;entra\u00eenement \u00ab OzRoll Drive system \u00bb (ODS) pour volets roulants et installations de protection solaire est compos\u00e9 de moteurs \u00e0 courant continu de 12 volts, qui fonctionnent avec des batteries rechargeables. La pose des moteurs s&#8217;effectue sans raccordement direct au r\u00e9seau 230 volts du b\u00e2timent. Cela garantit une utilisation en toute s\u00e9curit\u00e9 et permet un montage rapide et propre sans l&#8217;aide d&#8217;un \u00e9lectricien.<\/p>\n<p>Ainsi, le syst\u00e8me de motorisation OZRoll fait r\u00e9aliser au client final une \u00e9conomie de co\u00fbts suppl\u00e9mentaires importants et devient du m\u00eame coup une alternative int\u00e9ressante, m\u00eame sur un plan \u00e9conomique, aux syst\u00e8mes d&#8217;entra\u00eenements traditionnels. On n&#8217;a plus besoin d&#8217;effectuer des travaux de percement ou d&#8217;enduit, ni de poser des c\u00e2bles.<\/p>\n<p>Trois champs d&#8217;application diff\u00e9rents:<\/p>\n<ul>\n<li><strong>OZRoll SOLAR<\/strong>: Le syst\u00e8me de motorisatoin &#8222;propuls\u00e9 par la nature&#8220;.<\/li>\n<li><strong>OZRoll DRIVE SYSTEM<\/strong>: Parfait pour la r\u00e9novation.<\/li>\n<li><strong>2.<span id=\"result_box\" lang=\"fr\"> ESCAPE<\/span><\/strong>: <span id=\"result_box\" lang=\"fr\">volets, qui fonctionnent \u00e9galement en cas d&#8217;urgence.<\/span><\/li>\n<\/ul>\n<div style=\"width: 400px;\" class=\"wp-video\"><video class=\"wp-video-shortcode\" id=\"video-159-1\" width=\"400\" height=\"296\" loop autoplay preload=\"auto\" controls=\"controls\"><source type=\"video\/x-flv\" src=\"http:\/\/ozroll.de\/wp-content\/uploads\/2015\/04\/ozroll22.flv?_=1\" \/><a href=\"http:\/\/ozroll.de\/wp-content\/uploads\/2015\/04\/ozroll22.flv\">http:\/\/ozroll.de\/wp-content\/uploads\/2015\/04\/ozroll22.flv<\/a><\/video><\/div>\n<p><img loading=\"lazy\" decoding=\"async\" class=\"alignnone size-full wp-image-248\" src=\"http:\/\/ozroll.de\/wp-content\/uploads\/2015\/04\/p011.jpg\" alt=\"p011\" width=\"590\" height=\"85\" \/><\/p>\n<p>&nbsp;<\/p>\n","protected":false},"excerpt":{"rendered":"<p>OZRoll &#8211; la technologie \u00abintelligente\u00bb d&#8217;entra\u00eenement pour volets roulants, stores et autres composants Le syst\u00e8me d&#8217;entra\u00eenement \u00ab OzRoll Drive system \u00bb (ODS) pour volets roulants et installations de protection solaire est compos\u00e9 de moteurs \u00e0 courant continu de 12 volts, qui fonctionnent avec des batteries rechargeables. La pose des moteurs\u2026<\/p>\n<p class=\"continue-reading-button\"> <a class=\"continue-reading-link\" href=\"https:\/\/ozroll.de\/france\/ozroll-la-technologie-intelligente-dentrainement\/\">Continue reading<i class=\"crycon-right-dir\"><\/i><\/a><\/p>\n","protected":false},"author":1,"featured_media":0,"parent":0,"menu_order":0,"comment_status":"closed","ping_status":"closed","template":"","meta":{"footnotes":""},"class_list":["post-159","page","type-page","status-publish","hentry"],"_links":{"self":[{"href":"https:\/\/ozroll.de\/france\/wp-json\/wp\/v2\/pages\/159","targetHints":{"allow":["GET"]}}],"collection":[{"href":"https:\/\/ozroll.de\/france\/wp-json\/wp\/v2\/pages"}],"about":[{"href":"https:\/\/ozroll.de\/france\/wp-json\/wp\/v2\/types\/page"}],"author":[{"embeddable":true,"href":"https:\/\/ozroll.de\/france\/wp-json\/wp\/v2\/users\/1"}],"replies":[{"embeddable":true,"href":"https:\/\/ozroll.de\/france\/wp-json\/wp\/v2\/comments?post=159"}],"version-history":[{"count":6,"href":"https:\/\/ozroll.de\/france\/wp-json\/wp\/v2\/pages\/159\/revisions"}],"predecessor-version":[{"id":165,"href":"https:\/\/ozroll.de\/france\/wp-json\/wp\/v2\/pages\/159\/revisions\/165"}],"wp:attachment":[{"href":"https:\/\/ozroll.de\/france\/wp-json\/wp\/v2\/media?parent=159"}],"curies":[{"name":"wp","href":"https:\/\/api.w.org\/{rel}","templated":true}]}}