{"id":169,"date":"2017-01-27T14:46:02","date_gmt":"2017-01-27T13:46:02","guid":{"rendered":"http:\/\/ozroll.de\/france\/?page_id=169"},"modified":"2017-01-27T15:09:43","modified_gmt":"2017-01-27T14:09:43","slug":"ozroll-solar","status":"publish","type":"page","link":"https:\/\/ozroll.de\/france\/ozroll-solar\/","title":{"rendered":"OZRoll-SOLAR"},"content":{"rendered":"<h3>le syst\u00e8me de motorisation solaire complet pour volets roulants, stores bannes et protection solaire<\/h3>\n<ul>\n<li><strong>Conception modulaire<\/strong><\/li>\n<li><strong>Technologie sensationnelle<\/strong><\/li>\n<li><strong>Fabrication rationnelle<\/strong><\/li>\n<li><strong>Mont\u00e9 en un rien de temps!<\/strong><\/li>\n<\/ul>\n<h3>SOLAR by OZRoll &#8211; Un nom, trois solutions<\/h3>\n<p>OZRoll propose au total 3 syst\u00e8mes solaires pour ses moteurs :<br \/>\nDans le cas du OZRoll SOLAR PRO, la batterie et tous les composants \u00e9lectroniques se trouvent<br \/>\n\u00e0 l&#8217;ext\u00e9rieur du b\u00e2timent \u2013 un passage vers l&#8217;int\u00e9rieur n&#8217;est pas n\u00e9cessaire.<br \/>\nAvec les syst\u00e8mes OZRoll SOLAR home et SOLAR basic, on se sert de l&#8217;appareil de commande<br \/>\nE-port dispos\u00e9 \u00e0 l&#8217;int\u00e9rieur.<\/p>\n<p><img loading=\"lazy\" decoding=\"async\" class=\"alignright wp-image-250\" src=\"http:\/\/ozroll.de\/wp-content\/uploads\/2015\/04\/p12-1.jpg\" alt=\"p12\" width=\"260\" height=\"158\" \/><\/p>\n<h3>OZRoll SOLAR pro (batteries \u00e0 l\u2018\u00e9xterieur)<\/h3>\n<ul>\n<li>Syst\u00e8me modulaire avec panneau solaire et batterie<br \/>\nde diff\u00e9rente intensit\u00e9, selon les besoins<\/li>\n<li>Aucun passage vers l&#8217;int\u00e9rieur n&#8217;est n\u00e9cessaire<\/li>\n<li>Mont\u00e9 en un tour de main<\/li>\n<li>Entretien ais\u00e9, compact, performant<\/li>\n<\/ul>\n<p><img loading=\"lazy\" decoding=\"async\" class=\"wp-image-251 alignleft\" src=\"http:\/\/ozroll.de\/wp-content\/uploads\/2015\/04\/p22.jpg\" alt=\"p22\" width=\"260\" height=\"250\" \/><\/p>\n<h3>OZRoll SOLAR home (batteries \u00e0 l\u2018int\u00e9rieur)<\/h3>\n<ul>\n<li>Montage du panneau solaire sur le caisson de volet roulant etc.<\/li>\n<li>La batterie et l&#8217;\u00e9lectronique de commande se trouvent \u00e0 l&#8217;int\u00e9rieur de la pi\u00e8ce dans l&#8217;appareil de commande E-Port \u2013 prot\u00e9g\u00e9s de la chaleur et du froid<\/li>\n<li>Recharge facile avec le chargeur sur secteur, dans le cas o\u00f9 il n&#8217;y a pas de soleil<\/li>\n<li>Manipulation possible m\u00eame sans t\u00e9l\u00e9commande, car le syst\u00e8me dispose d&#8217;une commande locale par pression de bouton en s\u00e9rie<\/li>\n<li>Remplacement facile de la batterie, en cas de n\u00e9cessit\u00e9<\/li>\n<\/ul>\n<p><img loading=\"lazy\" decoding=\"async\" class=\" wp-image-182 alignright\" src=\"http:\/\/ozroll.de\/france\/wp-content\/uploads\/sites\/2\/2017\/01\/SOLAR_basic-1.jpg\" alt=\"\" width=\"242\" height=\"242\" srcset=\"https:\/\/ozroll.de\/france\/wp-content\/uploads\/sites\/2\/2017\/01\/SOLAR_basic-1.jpg 259w, https:\/\/ozroll.de\/france\/wp-content\/uploads\/sites\/2\/2017\/01\/SOLAR_basic-1-150x150.jpg 150w, https:\/\/ozroll.de\/france\/wp-content\/uploads\/sites\/2\/2017\/01\/SOLAR_basic-1-180x180.jpg 180w\" sizes=\"auto, (max-width: 242px) 100vw, 242px\" \/><\/p>\n<h3>OZRoll SOLAR basic (batteries \u00e0 l\u2018int\u00e9rieur)<\/h3>\n<ul>\n<li>Associe les avantages du syst\u00e8me SOLAR home \u00e0 un prix de base tr\u00e8s favorable<\/li>\n<li>En cas de mauvaises conditions d&#8217;ensoleillement, le panneau solaire peut \u00eatre mont\u00e9 \u00e0 un autre endroit<\/li>\n<li>Panneau solaire orientable permettant un r\u00e9glage optimal de l&#8217;angle d&#8217;inclinaison<\/li>\n<\/ul>\n","protected":false},"excerpt":{"rendered":"<p>le syst\u00e8me de motorisation solaire complet pour volets roulants, stores bannes et protection solaire Conception modulaire Technologie sensationnelle Fabrication rationnelle Mont\u00e9 en un rien de temps! SOLAR by OZRoll &#8211; Un nom, trois solutions OZRoll propose au total 3 syst\u00e8mes solaires pour ses moteurs : Dans le cas du OZRoll\u2026<\/p>\n<p class=\"continue-reading-button\"> <a class=\"continue-reading-link\" href=\"https:\/\/ozroll.de\/france\/ozroll-solar\/\">Continue reading<i class=\"crycon-right-dir\"><\/i><\/a><\/p>\n","protected":false},"author":1,"featured_media":0,"parent":0,"menu_order":0,"comment_status":"closed","ping_status":"closed","template":"","meta":{"footnotes":""},"class_list":["post-169","page","type-page","status-publish","hentry"],"_links":{"self":[{"href":"https:\/\/ozroll.de\/france\/wp-json\/wp\/v2\/pages\/169","targetHints":{"allow":["GET"]}}],"collection":[{"href":"https:\/\/ozroll.de\/france\/wp-json\/wp\/v2\/pages"}],"about":[{"href":"https:\/\/ozroll.de\/france\/wp-json\/wp\/v2\/types\/page"}],"author":[{"embeddable":true,"href":"https:\/\/ozroll.de\/france\/wp-json\/wp\/v2\/users\/1"}],"replies":[{"embeddable":true,"href":"https:\/\/ozroll.de\/france\/wp-json\/wp\/v2\/comments?post=169"}],"version-history":[{"count":14,"href":"https:\/\/ozroll.de\/france\/wp-json\/wp\/v2\/pages\/169\/revisions"}],"predecessor-version":[{"id":185,"href":"https:\/\/ozroll.de\/france\/wp-json\/wp\/v2\/pages\/169\/revisions\/185"}],"wp:attachment":[{"href":"https:\/\/ozroll.de\/france\/wp-json\/wp\/v2\/media?parent=169"}],"curies":[{"name":"wp","href":"https:\/\/api.w.org\/{rel}","templated":true}]}}