{"id":197,"date":"2017-01-27T16:46:58","date_gmt":"2017-01-27T15:46:58","guid":{"rendered":"http:\/\/ozroll.de\/france\/?page_id=197"},"modified":"2018-11-10T10:19:36","modified_gmt":"2018-11-10T09:19:36","slug":"deuxieme-evasion","status":"publish","type":"page","link":"https:\/\/ozroll.de\/france\/deuxieme-evasion\/","title":{"rendered":"Deuxi\u00e8me \u00e9vasion"},"content":{"rendered":"<p><img loading=\"lazy\" decoding=\"async\" class=\"size-full wp-image-253 alignleft\" src=\"http:\/\/ozroll.de\/wp-content\/uploads\/2016\/02\/p312.jpg\" alt=\"p312\" width=\"195\" height=\"131\" \/>Dans beaucoup de pays de l\u2018Europe, les d\u00e9tecteurs de fum\u00e9e sont obligatoires \u2013 ce sont des \u00e9l\u00e9ments vitaux car leur fonction ne se r\u00e9duit pas \u00e0 avertir, mais ils contribuent \u00e9galement activement \u00e0 la s\u00e9curit\u00e9 des personnes pr\u00e9sentes. D\u00e8s qu&#8217;une alarme se d\u00e9clenche au niveau d&#8217;un d\u00e9tecteur de fum\u00e9e E-Guard, tous les volets roulants OZRoll qui y sont associ\u00e9s s&#8217;ouvrent automatiquement \u2013 m\u00eame lorsque l&#8217;alimentation en \u00e9lectricit\u00e9 a d\u00e9j\u00e0 \u00e9t\u00e9 interrompue. En effet, les moteurs OZRoll sont command\u00e9s par des batteries, ind\u00e9pendamment du r\u00e9seau.<\/p>\n<p><img loading=\"lazy\" decoding=\"async\" class=\"size-medium wp-image-202 alignright\" src=\"http:\/\/ozroll.de\/france\/wp-content\/uploads\/sites\/2\/2017\/01\/rm-200x300.jpg\" alt=\"\" width=\"200\" height=\"300\" srcset=\"https:\/\/ozroll.de\/france\/wp-content\/uploads\/sites\/2\/2017\/01\/rm-200x300.jpg 200w, https:\/\/ozroll.de\/france\/wp-content\/uploads\/sites\/2\/2017\/01\/rm-100x150.jpg 100w, https:\/\/ozroll.de\/france\/wp-content\/uploads\/sites\/2\/2017\/01\/rm.jpg 280w\" sizes=\"auto, (max-width: 200px) 100vw, 200px\" \/>Ainsi les personnes qui se trouvent dans le b\u00e2timent concern\u00e9 peuvent-elles appeler \u00e0 l&#8217;aide ou attirer l&#8217;attention sur elles. Les sauveteurs peuvent d\u00e8s lors plus facilement sauver les personnes et l&#8217;extinction de l&#8217;incendie qui, souvent, est rendue plus difficile par des volets roulants ferm\u00e9s peut avoir lieu plus rapidement et dans de meilleures conditions.<\/p>\n<p>Le d\u00e9tecteur de fum\u00e9e est attach\u00e9 \u00e0 un bo\u00eetier dans lequelle l\u2018\u00e9metteur OZRoll est situ\u00e9e. L\u00b4\u00e9metteur est connect\u00e9 au syst\u00e8me d\u2018alarme par un optocoupleur pour une consommation d\u00b4\u00e9lectricit\u00e9 minimale en mode de stand-by. L\u2018\u00e9metteur est aliment\u00e9 par la pile du d\u00e9tecteur de fum\u00e9e. Cela garantie que le syst\u00e8me entier fonctionne toujours et, si la pile est vide, le d\u00e9tecteur de fum\u00e9e va indiquer qu\u2018il faut changer la pile.<\/p>\n","protected":false},"excerpt":{"rendered":"<p>Dans beaucoup de pays de l\u2018Europe, les d\u00e9tecteurs de fum\u00e9e sont obligatoires \u2013 ce sont des \u00e9l\u00e9ments vitaux car leur fonction ne se r\u00e9duit pas \u00e0 avertir, mais ils contribuent \u00e9galement activement \u00e0 la s\u00e9curit\u00e9 des personnes pr\u00e9sentes. D\u00e8s qu&#8217;une alarme se d\u00e9clenche au niveau d&#8217;un d\u00e9tecteur de fum\u00e9e E-Guard,\u2026<\/p>\n<p class=\"continue-reading-button\"> <a class=\"continue-reading-link\" href=\"https:\/\/ozroll.de\/france\/deuxieme-evasion\/\">Continue reading<i class=\"crycon-right-dir\"><\/i><\/a><\/p>\n","protected":false},"author":1,"featured_media":0,"parent":0,"menu_order":0,"comment_status":"closed","ping_status":"closed","template":"","meta":{"footnotes":""},"class_list":["post-197","page","type-page","status-publish","hentry"],"_links":{"self":[{"href":"https:\/\/ozroll.de\/france\/wp-json\/wp\/v2\/pages\/197","targetHints":{"allow":["GET"]}}],"collection":[{"href":"https:\/\/ozroll.de\/france\/wp-json\/wp\/v2\/pages"}],"about":[{"href":"https:\/\/ozroll.de\/france\/wp-json\/wp\/v2\/types\/page"}],"author":[{"embeddable":true,"href":"https:\/\/ozroll.de\/france\/wp-json\/wp\/v2\/users\/1"}],"replies":[{"embeddable":true,"href":"https:\/\/ozroll.de\/france\/wp-json\/wp\/v2\/comments?post=197"}],"version-history":[{"count":5,"href":"https:\/\/ozroll.de\/france\/wp-json\/wp\/v2\/pages\/197\/revisions"}],"predecessor-version":[{"id":301,"href":"https:\/\/ozroll.de\/france\/wp-json\/wp\/v2\/pages\/197\/revisions\/301"}],"wp:attachment":[{"href":"https:\/\/ozroll.de\/france\/wp-json\/wp\/v2\/media?parent=197"}],"curies":[{"name":"wp","href":"https:\/\/api.w.org\/{rel}","templated":true}]}}