{"id":204,"date":"2017-01-27T17:24:14","date_gmt":"2017-01-27T16:24:14","guid":{"rendered":"http:\/\/ozroll.de\/france\/?page_id=204"},"modified":"2017-01-27T17:51:37","modified_gmt":"2017-01-27T16:51:37","slug":"composants","status":"publish","type":"page","link":"https:\/\/ozroll.de\/france\/composants\/","title":{"rendered":"Composants"},"content":{"rendered":"<h3>La diversit\u00e9 de la motorisation en 12 volts<\/h3>\n<ul>\n<li><img loading=\"lazy\" decoding=\"async\" class=\"size-full wp-image-261 alignright\" src=\"http:\/\/ozroll.de\/wp-content\/uploads\/2015\/04\/p411.jpg\" alt=\"p411\" width=\"380\" height=\"132\" \/>Moteurs \u00e0 12 volts de OZRoll:<\/li>\n<li>Moteur lat\u00e9ral L10, 10 Nm<\/li>\n<li>Moteur tubulaire T10, 10 Nm<\/li>\n<li>Moteur tubulaire T20, 20 Nm<\/li>\n<li>Moteur tubulaire T35, 35 Nm<\/li>\n<li>Moteur\u00a0\u201eLamelli\u201c<\/li>\n<li>accessoires m\u00e9caniques<\/li>\n<\/ul>\n<h3>Syst\u00e8mes solaires de OZRoll:<\/h3>\n<ul>\n<li>SOLAR Pro II\u00a0 (Syst\u00e8me solaire modulaire)<\/li>\n<li><img loading=\"lazy\" decoding=\"async\" class=\"size-full wp-image-259 alignright\" src=\"http:\/\/ozroll.de\/wp-content\/uploads\/2015\/04\/p421.jpg\" alt=\"p421\" width=\"263\" height=\"135\" \/>SOLAR-Pro (avec batteries integr\u00e9es)<\/li>\n<li>SOLAR-Home (Batterie et de contr\u00f4le mont\u00e9s \u00e0 l&#8217;int\u00e9rieur)<\/li>\n<li>SOLAR-basic (Batterie et de contr\u00f4le mont\u00e9s \u00e0 l&#8217;int\u00e9rieur)<\/li>\n<\/ul>\n<h3>Commandes automatiques de OZRoll:<\/h3>\n<ul>\n<li><img loading=\"lazy\" decoding=\"async\" class=\"size-full wp-image-257 alignright\" src=\"http:\/\/ozroll.de\/wp-content\/uploads\/2015\/04\/p431.jpg\" alt=\"p431\" width=\"263\" height=\"198\" \/>Appareil de commande E-Port (avec\/sans r\u00e9cepteur de radio)<\/li>\n<li>Socle mural et chargeur pour E-Port<\/li>\n<li>T\u00e9l\u00e9commande E-Trans<\/li>\n<li>Adaptateur t\u00e9l\u00e9commande E-Link<\/li>\n<li>D\u00e9tecteur de fum\u00e9e E-Guard<\/li>\n<\/ul>\n","protected":false},"excerpt":{"rendered":"<p>La diversit\u00e9 de la motorisation en 12 volts Moteurs \u00e0 12 volts de OZRoll: Moteur lat\u00e9ral L10, 10 Nm Moteur tubulaire T10, 10 Nm Moteur tubulaire T20, 20 Nm Moteur tubulaire T35, 35 Nm Moteur\u00a0\u201eLamelli\u201c accessoires m\u00e9caniques Syst\u00e8mes solaires de OZRoll: SOLAR Pro II\u00a0 (Syst\u00e8me solaire modulaire) SOLAR-Pro (avec batteries\u2026<\/p>\n<p class=\"continue-reading-button\"> <a class=\"continue-reading-link\" href=\"https:\/\/ozroll.de\/france\/composants\/\">Continue reading<i class=\"crycon-right-dir\"><\/i><\/a><\/p>\n","protected":false},"author":1,"featured_media":0,"parent":0,"menu_order":0,"comment_status":"closed","ping_status":"closed","template":"","meta":{"footnotes":""},"class_list":["post-204","page","type-page","status-publish","hentry"],"_links":{"self":[{"href":"https:\/\/ozroll.de\/france\/wp-json\/wp\/v2\/pages\/204","targetHints":{"allow":["GET"]}}],"collection":[{"href":"https:\/\/ozroll.de\/france\/wp-json\/wp\/v2\/pages"}],"about":[{"href":"https:\/\/ozroll.de\/france\/wp-json\/wp\/v2\/types\/page"}],"author":[{"embeddable":true,"href":"https:\/\/ozroll.de\/france\/wp-json\/wp\/v2\/users\/1"}],"replies":[{"embeddable":true,"href":"https:\/\/ozroll.de\/france\/wp-json\/wp\/v2\/comments?post=204"}],"version-history":[{"count":7,"href":"https:\/\/ozroll.de\/france\/wp-json\/wp\/v2\/pages\/204\/revisions"}],"predecessor-version":[{"id":212,"href":"https:\/\/ozroll.de\/france\/wp-json\/wp\/v2\/pages\/204\/revisions\/212"}],"wp:attachment":[{"href":"https:\/\/ozroll.de\/france\/wp-json\/wp\/v2\/media?parent=204"}],"curies":[{"name":"wp","href":"https:\/\/api.w.org\/{rel}","templated":true}]}}