{"id":295,"date":"2017-03-14T12:54:05","date_gmt":"2017-03-14T11:54:05","guid":{"rendered":"http:\/\/ozroll.de\/france\/?page_id=295"},"modified":"2019-04-30T19:57:08","modified_gmt":"2019-04-30T17:57:08","slug":"impressum","status":"publish","type":"page","link":"https:\/\/ozroll.de\/france\/impressum\/","title":{"rendered":"mentions-legales"},"content":{"rendered":"<h2>Identification du site:<\/h2>\n<h3 class=\"bodytext\">OZRoll Europe PTY LTD Registergericht: Registernummer:<\/h3>\n<p class=\"bodytext\">Umsatzsteuer-Identifikationsnummer gem\u00e4\u00df \u00a7 27a UmsStG: DE 265345567<\/p>\n<p class=\"bodytext\">Directeur de la publication: Friedrich Karl Rinn<\/p>\n<p class=\"bodytext\"><strong><a href=\"http:\/\/ozroll.de\/wp-content\/uploads\/2015\/04\/p81.jpg\"  rel=\"lightbox[295] attachment wp-att-241\"><img loading=\"lazy\" decoding=\"async\" class=\"size-full wp-image-241 alignright\" src=\"http:\/\/ozroll.de\/wp-content\/uploads\/2015\/04\/p81.jpg\" alt=\"p81\" width=\"353\" height=\"525\" \/><\/a><\/strong>Am Hahnenbusch 9 D-55268 Nieder-Olm Phone: +49 (0) 6136 9541 770 Fax: +49 (0) 6136 766 0035 OZRoll PTY LTD ist eine Betriebsst\u00e4tte der OZRoll Europe PTY Ltd, 174 Cavan Road Dry Creek South Australia 5094 Director: Mr. Chris Parkinson Australian Company Number: 135 135 312<\/p>\n<p>eMail: <a>info\u00a0(at) ozroll.de<\/a><\/p>\n<p class=\"bodytext\">Website: www.ozroll.de<\/p>\n<h3 class=\"bodytext\">Informations nominatives<\/h3>\n<p class=\"bodytext\">Les informations nominatives collect\u00e9es sur le pr\u00e9sent Site sont destin\u00e9es \u00e0 la soci\u00e9t\u00e9 OZRoll. Conform\u00e9ment \u00e0 la loi &#8222;Informatique et Libert\u00e9s&#8220; du 6 janvier 1978 : Vous disposez d&#8217;un droit d&#8217;acc\u00e8s, de modification, de rectification et de suppression des donn\u00e9es personnelles qui vous concernent.<\/p>\n<p>Pour cela, il suffit d&#8217;en faire la demande soit par courrier \u00e9lectronique aupr\u00e8s de l&#8217;administrateur du Site \u00e0 l&#8217;adresse suivante : webmaster@ozroll.de soit par courrier postal \u00e0 l&#8217;adresse suivante : OZRoll Europe PTY LTD &#8211; Am Hahnenbusch 9 &#8211; D-55268 Nieder-Olm<\/p>\n<h3>Cookies<\/h3>\n<p>Le site utilise les cookies.<\/p>\n<p class=\"bodytext\"><b>Haftungsausschluss:<\/b><\/p>\n<p class=\"bodytext\">Wir bieten auf unserer Internet-Seite nach bestem Wissen nur richtige und aktuelle Informationen an. Wir \u00fcbernehmen keinerlei Verantwortung oder Gew\u00e4hrleistung hinsichtlich der Aktualit\u00e4t und Richtigkeit und \u00fcbernehmen die Haftung lediglich f\u00fcr grobe Fahrl\u00e4ssigkeit und Vorsatz. Sprechen Sie uns im Zweifelsfall bitte pers\u00f6nlich an.<\/p>\n<p class=\"bodytext\">Trotz sorgf\u00e4ltiger inhaltlicher Kontrolle \u00fcbernimmt OZRoll PTY LTD keine Haftung f\u00fcr die Inhalte externer Verweise (Links). Wir haben keinerlei Einfluss auf den Linktext, die Gestaltung, eventuelle Verletzungen geltender Rechte, auch Marken- und Titelrechte und die Inhalte der verlinkten Seiten. F\u00fcr den Inhalt der verlinkten Seiten sind ausschlie\u00dflich deren Betreiber verantwortlich.<\/p>\n<p class=\"bodytext\"><b>Urheberrecht:<\/b><\/p>\n<p class=\"bodytext\">Der Inhalt aller Seiten ist urheberrechtlich gesch\u00fctzt. S\u00e4mtliche in dieser Website ver\u00f6ffentlichten Informationen, Dokumente und Darstellungen sind alleiniges Eigentum der OZRoll PTY LTD oder von verbundenen Firmen, die ihre Einwilligung dazu erteilt haben.<\/p>\n<p class=\"bodytext\">Sollte trotz der sorgf\u00e4ltigen Erstellung der Inhalte und Abbildungen ein Urheberrecht verletzt werden bzw. verletzt worden sein, ist dies unbeabsichtigt und berechtigt in keinem Falle zu einer Abmahnung bzw. Berechnung von eventuell anfallenden Nutzungs- bzw. Lizenzgeb\u00fchren.<\/p>\n<p class=\"bodytext\">Im Falle einer trotzdem festgestellten, m\u00f6glichen Verletzung von Urheberrechten ist die OZRoll PTY LTD unverz\u00fcglich (d.h. innerhalb von sieben Tagen nach Bekanntwerden) und schriftlich &#8211; ausschlie\u00dflich per Briefpost &#8211; \u00fcber die m\u00f6glicherweise entstandene Verletzung eines Urheberrechtes mit den entsprechenden Nachweisen zu informieren.<\/p>\n<p class=\"bodytext\">Es ist dem Besucher dieser Internet-Pr\u00e4senz grunds\u00e4tzlich nicht gestattet, Bildschirm-Ausdrucke, Inhalte (Text und Abbildungen) zu speichern, zu kopieren oder anderweitig zu nutzen bzw. an Dritte &#8211; gleichg\u00fcltig aus welchen Grund &#8211; weiterzugeben.<\/p>\n<p class=\"bodytext\">Die auf dieser Internet-Pr\u00e4senz aufgef\u00fchrten bzw. vorhandenen E-Mail-Adressen d\u00fcrfen nicht zu Werbezwecken (u.a. Serien-E-Mails, unaufgeforderte Werbe-E-Mails, etc.) verwendet werden. Im Falle eines Mi\u00dfbrauchs wird dies durch den Seitenbetreiber unverz\u00fcglich, mit den zur Verf\u00fcgung stehenden Rechtsmitteln, verfolgt und ist au\u00dferdem schadensersatzpflichtig.<\/p>\n<p class=\"bodytext\"><b>Gerichtsstand: <\/b>siehe Frankfurt-Main<\/p>\n<p class=\"bodytext\">Mit dem Aufruf, der Nutzung dieser Internet-Pr\u00e4senz erkennt der Besucher die o.a. Hinweise verbindlich an.<\/p>\n<p class=\"bodytext\">F\u00fcr Leistungen, Lieferungen, Produkte, etc. gelten ausschlie\u00dflich unsere Allgemeinen Gesch\u00e4ftsbedingungen (ABG).<\/p>\n<p class=\"bodytext\">Gestaltung und Konzeption: Friedrich Karl Rinn info@ozroll.de webmaster: fr@ozroll.de<\/p>\n","protected":false},"excerpt":{"rendered":"<p>Identification du site: OZRoll Europe PTY LTD Registergericht: Registernummer: Umsatzsteuer-Identifikationsnummer gem\u00e4\u00df \u00a7 27a UmsStG: DE 265345567 Directeur de la publication: Friedrich Karl Rinn Am Hahnenbusch 9 D-55268 Nieder-Olm Phone: +49 (0) 6136 9541 770 Fax: +49 (0) 6136 766 0035 OZRoll PTY LTD ist eine Betriebsst\u00e4tte der OZRoll Europe PTY\u2026<\/p>\n<p class=\"continue-reading-button\"> <a class=\"continue-reading-link\" href=\"https:\/\/ozroll.de\/france\/impressum\/\">Continue reading<i class=\"crycon-right-dir\"><\/i><\/a><\/p>\n","protected":false},"author":1,"featured_media":0,"parent":0,"menu_order":0,"comment_status":"closed","ping_status":"closed","template":"","meta":{"footnotes":""},"class_list":["post-295","page","type-page","status-publish","hentry"],"_links":{"self":[{"href":"https:\/\/ozroll.de\/france\/wp-json\/wp\/v2\/pages\/295","targetHints":{"allow":["GET"]}}],"collection":[{"href":"https:\/\/ozroll.de\/france\/wp-json\/wp\/v2\/pages"}],"about":[{"href":"https:\/\/ozroll.de\/france\/wp-json\/wp\/v2\/types\/page"}],"author":[{"embeddable":true,"href":"https:\/\/ozroll.de\/france\/wp-json\/wp\/v2\/users\/1"}],"replies":[{"embeddable":true,"href":"https:\/\/ozroll.de\/france\/wp-json\/wp\/v2\/comments?post=295"}],"version-history":[{"count":4,"href":"https:\/\/ozroll.de\/france\/wp-json\/wp\/v2\/pages\/295\/revisions"}],"predecessor-version":[{"id":710,"href":"https:\/\/ozroll.de\/france\/wp-json\/wp\/v2\/pages\/295\/revisions\/710"}],"wp:attachment":[{"href":"https:\/\/ozroll.de\/france\/wp-json\/wp\/v2\/media?parent=295"}],"curies":[{"name":"wp","href":"https:\/\/api.w.org\/{rel}","templated":true}]}}