{"id":5,"date":"2017-02-08T09:19:30","date_gmt":"2017-02-08T08:19:30","guid":{"rendered":"http:\/\/ozroll.de\/france\/?page_id=5"},"modified":"2017-02-14T07:55:14","modified_gmt":"2017-02-14T06:55:14","slug":"moteur-lateral-a-12v","status":"publish","type":"page","link":"https:\/\/ozroll.de\/france\/moteur-lateral-a-12v\/","title":{"rendered":"Moteur lat\u00e9ral \u00e0 12V"},"content":{"rendered":"<h3>Moteur lat\u00e9ral \u00e0 12V L10<\/h3>\n<p><strong>Art.-Nr.: 15.003.000<\/strong><\/p>\n<div class=\"simnor-shortcode simnor-shortcode-tabs\"><div class=\"simnor-shortcode simnor-shortcode-tabpane\"><div class=\"simnor-shortcode simnor-shortcode-tab-label\">Description:<\/div><p><img loading=\"lazy\" decoding=\"async\" class=\"alignright wp-image-370 size-full\" src=\"http:\/\/ozroll.de\/wp-content\/uploads\/2015\/04\/L10_1.jpg\" alt=\"L10_1\" width=\"225\" height=\"138\" \/>Dispositif d&#8217;entra\u00eenement \u00e9lectrique 12 volts pour volets roulants en saillie, destin\u00e9 \u00e0 un montage lat\u00e9ral dans le cache\/dans la partie sup\u00e9rieure du caisson du volet<br \/>\nroulant.<\/p>\n<p>Le moteur est reli\u00e9 par un c\u00e2ble bipolaire au socle mural \u00e0 l&#8217;int\u00e9rieur de la pi\u00e8ce. De l\u00e0, il est command\u00e9 avec l&#8217;appareil de commande \u00e0 batterie. L&#8217;encombrement tubulaire est d&#8217;environ 23 mm.<\/p>\n<p>Le moteur dispose d&#8217;un point de fin de course fixe en bas. La mise hors tension en haut s&#8217;effectue par la mesure du courant absorb\u00e9 par l&#8217;appareil de commande E-Port, l&#8217;interrupteur de fin de course ne doit pas \u00eatre r\u00e9gl\u00e9 manuellement.<\/p>\n<\/div><div class=\"simnor-shortcode simnor-shortcode-tabpane\"><div class=\"simnor-shortcode simnor-shortcode-tab-label\">Caract\u00e9ristiques:<\/div><table id=\"tablepress-5\" class=\"tablepress tablepress-id-5\">\n<tbody class=\"row-striping row-hover\">\n<tr class=\"row-1\">\n<td class=\"column-1\">Hauteur:<\/td>\n<td class=\"column-2\">146,0 mm<\/td>\n<\/tr>\n<tr class=\"row-2\">\n<td class=\"column-1\">Largeur:<\/td>\n<td class=\"column-2\">130,0 mm<\/td>\n<\/tr>\n<tr class=\"row-3\">\n<td class=\"column-1\">Profondeur:<\/td>\n<td class=\"column-2\">23,0 mm<\/td>\n<\/tr>\n<tr class=\"row-4\">\n<td class=\"column-1\">\nTaille de la bo\u00eete requis:<\/td>\n<td class=\"column-2\">min. 160 mm<\/td>\n<\/tr>\n<tr class=\"row-5\">\n<td class=\"column-1\">Poids max. du volet roulant:<\/td>\n<td class=\"column-2\">ca. 20 kg<\/td>\n<\/tr>\n<tr class=\"row-6\">\n<td class=\"column-1\">Couple de rotation:<\/td>\n<td class=\"column-2\">ca. 10 Nm<\/td>\n<\/tr>\n<tr class=\"row-7\">\n<td class=\"column-1\">Vitesse de rotation:<\/td>\n<td class=\"column-2\">16 tours\/min<\/td>\n<\/tr>\n<tr class=\"row-8\">\n<td class=\"column-1\">Type de protection IP:<\/td>\n<td class=\"column-2\">IP44<\/td>\n<\/tr>\n<tr class=\"row-9\">\n<td class=\"column-1\">Temp\u00e9rature de service:<\/td>\n<td class=\"column-2\">-10 \u00b0C - +60\u00b0C<\/td>\n<\/tr>\n<tr class=\"row-10\">\n<td class=\"column-1\">Plage d'interrupteur de fin de course:<\/td>\n<td class=\"column-2\">18 Umdrehungen<\/td>\n<\/tr>\n<tr class=\"row-11\">\n<td class=\"column-1\">Puissance absorb\u00e9e max.:<\/td>\n<td class=\"column-2\">3,6 A<\/td>\n<\/tr>\n<tr class=\"row-12\">\n<td class=\"column-1\">Poids:<\/td>\n<td class=\"column-2\">ca.  940 gr<\/td>\n<\/tr>\n<tr class=\"row-13\">\n<td class=\"column-1\">Longueur du c\u00e2ble de raccordement:<\/td>\n<td class=\"column-2\">200 cm<\/td>\n<\/tr>\n<\/tbody>\n<\/table>\n<p><!-- #tablepress-5 from cache --><\/p>\n<\/div><div class=\"simnor-shortcode simnor-shortcode-tabpane\"><div class=\"simnor-shortcode simnor-shortcode-tab-label\">Accessoires:<\/div><table id=\"tablepress-6\" class=\"tablepress tablepress-id-6\">\n<tbody class=\"row-striping row-hover\">\n<tr class=\"row-1\">\n<td class=\"column-1\">Adaptateur 40mm octogone:<\/td>\n<td class=\"column-2\">Art.-Nr.: 15.160.415<\/td>\n<\/tr>\n<tr class=\"row-2\">\n<td class=\"column-1\">Adaptateur 50mm octogone:<\/td>\n<td class=\"column-2\">Art.-Nr.: 15.162.415<\/td>\n<\/tr>\n<tr class=\"row-3\">\n<td class=\"column-1\">Adaptateur 60mm octogone:<\/td>\n<td class=\"column-2\">Art.-Nr.: 15.163.415<\/td>\n<\/tr>\n<tr class=\"row-4\">\n<td class=\"column-1\">Adaptateur 50mm circulaire:<\/td>\n<td class=\"column-2\">Art.-Nr.: 15.161.415<\/td>\n<\/tr>\n<tr class=\"row-5\">\n<td class=\"column-1\">\nvis de montage:<\/td>\n<td class=\"column-2\">Art.-Nr.: 19.900.003\n<\/td>\n<\/tr>\n<tr class=\"row-6\">\n<td class=\"column-1\">Rallonge 250 cm pour le c\u00e2ble:<\/td>\n<td class=\"column-2\">Art.-Nr.: 15.910.082<\/td>\n<\/tr>\n<\/tbody>\n<\/table>\n<p><!-- #tablepress-6 from cache --><\/p>\n<\/div><div class=\"simnor-shortcode simnor-shortcode-tabpane\"><div class=\"simnor-shortcode simnor-shortcode-tab-label\">Traction:<\/div><p><a href=\"http:\/\/ozroll.de\/france\/wp-content\/uploads\/sites\/2\/2017\/02\/L10Zugkraft_fr.jpg\" rel=\"lightbox[5]\"><img loading=\"lazy\" decoding=\"async\" class=\"size-medium wp-image-242 alignnone\" src=\"http:\/\/ozroll.de\/france\/wp-content\/uploads\/sites\/2\/2017\/02\/L10Zugkraft_fr-300x163.jpg\" alt=\"\" width=\"300\" height=\"163\" srcset=\"https:\/\/ozroll.de\/france\/wp-content\/uploads\/sites\/2\/2017\/02\/L10Zugkraft_fr-300x163.jpg 300w, https:\/\/ozroll.de\/france\/wp-content\/uploads\/sites\/2\/2017\/02\/L10Zugkraft_fr-768x416.jpg 768w, https:\/\/ozroll.de\/france\/wp-content\/uploads\/sites\/2\/2017\/02\/L10Zugkraft_fr-250x135.jpg 250w, https:\/\/ozroll.de\/france\/wp-content\/uploads\/sites\/2\/2017\/02\/L10Zugkraft_fr-150x81.jpg 150w, https:\/\/ozroll.de\/france\/wp-content\/uploads\/sites\/2\/2017\/02\/L10Zugkraft_fr.jpg 1019w\" sizes=\"auto, (max-width: 300px) 100vw, 300px\" \/><\/a><\/p>\n<\/div><div class=\"simnor-shortcode simnor-shortcode-tabpane\"><div class=\"simnor-shortcode simnor-shortcode-tab-label\">Illustration:<\/div><p><a href=\"http:\/\/ozroll.de\/wp-content\/uploads\/2015\/04\/L10_Masse.jpg\" rel=\"lightbox\"><img loading=\"lazy\" decoding=\"async\" class=\"wp-image-319 alignnone\" src=\"http:\/\/ozroll.de\/wp-content\/uploads\/2015\/04\/L10_Masse-267x300.jpg\" alt=\"L10_Masse\" width=\"202\" height=\"227\" \/>\u00a0\u00a0\u00a0\u00a0\u00a0\u00a0\u00a0 <\/a><a href=\"http:\/\/ozroll.de\/wp-content\/uploads\/2015\/04\/L10_Masse2.jpg\" rel=\"lightbox\"><img loading=\"lazy\" decoding=\"async\" class=\"alignnone wp-image-320 size-medium\" src=\"http:\/\/ozroll.de\/wp-content\/uploads\/2015\/04\/L10_Masse2-300x250.jpg\" alt=\"L10_Masse2\" width=\"300\" height=\"250\" \/><\/a><a href=\"http:\/\/ozroll.de\/wp-content\/uploads\/2015\/04\/T09Zugkraft.jpg\" rel=\"lightbox[5]\">.<\/a><\/p>\n<\/div><\/div>\n<p>&nbsp;<\/p>\n","protected":false},"excerpt":{"rendered":"<p>Moteur lat\u00e9ral \u00e0 12V L10 Art.-Nr.: 15.003.000 &nbsp;<\/p>\n<p class=\"continue-reading-button\"> <a class=\"continue-reading-link\" href=\"https:\/\/ozroll.de\/france\/moteur-lateral-a-12v\/\">Continue reading<i class=\"crycon-right-dir\"><\/i><\/a><\/p>\n","protected":false},"author":1,"featured_media":0,"parent":0,"menu_order":0,"comment_status":"closed","ping_status":"closed","template":"","meta":{"footnotes":""},"class_list":["post-5","page","type-page","status-publish","hentry"],"_links":{"self":[{"href":"https:\/\/ozroll.de\/france\/wp-json\/wp\/v2\/pages\/5","targetHints":{"allow":["GET"]}}],"collection":[{"href":"https:\/\/ozroll.de\/france\/wp-json\/wp\/v2\/pages"}],"about":[{"href":"https:\/\/ozroll.de\/france\/wp-json\/wp\/v2\/types\/page"}],"author":[{"embeddable":true,"href":"https:\/\/ozroll.de\/france\/wp-json\/wp\/v2\/users\/1"}],"replies":[{"embeddable":true,"href":"https:\/\/ozroll.de\/france\/wp-json\/wp\/v2\/comments?post=5"}],"version-history":[{"count":5,"href":"https:\/\/ozroll.de\/france\/wp-json\/wp\/v2\/pages\/5\/revisions"}],"predecessor-version":[{"id":243,"href":"https:\/\/ozroll.de\/france\/wp-json\/wp\/v2\/pages\/5\/revisions\/243"}],"wp:attachment":[{"href":"https:\/\/ozroll.de\/france\/wp-json\/wp\/v2\/media?parent=5"}],"curies":[{"name":"wp","href":"https:\/\/api.w.org\/{rel}","templated":true}]}}