{"id":6,"date":"2017-03-02T21:07:15","date_gmt":"2017-03-02T20:07:15","guid":{"rendered":"http:\/\/ozroll.de\/france\/?page_id=6"},"modified":"2017-03-02T21:13:02","modified_gmt":"2017-03-02T20:13:02","slug":"commutateur-3-voies","status":"publish","type":"page","link":"https:\/\/ozroll.de\/france\/commutateur-3-voies\/","title":{"rendered":"Commutateur 3 voies"},"content":{"rendered":"<h3>Commutateur 3 voies E-3 Way<\/h3>\n<p><strong>Art.-Nr. 15.550.001<\/strong><\/p>\n<div class=\"simnor-shortcode simnor-shortcode-tabs\"><div class=\"simnor-shortcode simnor-shortcode-tabpane\"><div class=\"simnor-shortcode simnor-shortcode-tab-label\">Description:<\/div><p><a href=\"http:\/\/ozroll.de\/wp-content\/uploads\/2015\/04\/E_3_1.jpg\" rel=\"lightbox\"><img loading=\"lazy\" decoding=\"async\" class=\"alignright wp-image-375 \" src=\"http:\/\/ozroll.de\/wp-content\/uploads\/2015\/04\/E_3_1-300x237.jpg\" alt=\"E_3_1\" width=\"250\" height=\"197\" \/><\/a>Par l&#8217;interm\u00e9diaire du commutateur 3 voies \u00ab E-3 Way \u00bb, on peut commander jusqu&#8217;\u00e0 3 volets roulants l&#8217;un apr\u00e8s l&#8217;autre avec un seul appareil de commande.<\/p>\n<p>Le commutateur \u00e9lectronique est reli\u00e9, via<br \/>\nle c\u00e2ble de jonction fourni, au socle mural et par la<br \/>\nm\u00eame \u00e0 l&#8217;appareil de commande.<br \/>\nSur le commutateur, se trouvent trois touches avec<br \/>\nlesquelles on peut s\u00e9lectionner le volet roulant \u00e0<br \/>\nmanoeuvrer. L&#8217;installation s\u00e9lectionn\u00e9e est indiqu\u00e9e par<br \/>\nune LED.<\/p>\n<p>Remarque : une commande simultan\u00e9e des trois moteurs connect\u00e9s avec le commutateur E-3 Way n&#8217;est pas possible !<\/p>\n<\/div><div class=\"simnor-shortcode simnor-shortcode-tabpane\"><div class=\"simnor-shortcode simnor-shortcode-tab-label\">Caract\u00e9ristiques:<\/div><table id=\"tablepress-12\" class=\"tablepress tablepress-id-12\">\n<tbody class=\"row-striping row-hover\">\n<tr class=\"row-1\">\n<td class=\"column-1\">Largeur:<\/td>\n<td class=\"column-2\">83,8 mm<\/td>\n<\/tr>\n<tr class=\"row-2\">\n<td class=\"column-1\">Hauteur:<\/td>\n<td class=\"column-2\">83,8 mm<\/td>\n<\/tr>\n<tr class=\"row-3\">\n<td class=\"column-1\">Profondeur:<\/td>\n<td class=\"column-2\">23,5 mm<\/td>\n<\/tr>\n<tr class=\"row-4\">\n<td class=\"column-1\">Poids:<\/td>\n<td class=\"column-2\">env. 130 gr<\/td>\n<\/tr>\n<\/tbody>\n<\/table>\n<p><!-- #tablepress-12 from cache --><\/p>\n<\/div><div class=\"simnor-shortcode simnor-shortcode-tabpane\"><div class=\"simnor-shortcode simnor-shortcode-tab-label\">Illustration:<\/div><p><a href=\"http:\/\/ozroll.de\/wp-content\/uploads\/2015\/04\/E_3_2.jpg\"  rel=\"lightbox[6] attachment wp-att-382\"><img loading=\"lazy\" decoding=\"async\" class=\"alignleft wp-image-382\" src=\"http:\/\/ozroll.de\/wp-content\/uploads\/2015\/04\/E_3_2-300x273.jpg\" alt=\"E_3_2\" width=\"248\" height=\"226\" \/><\/a><\/p>\n<\/div><\/div>\n","protected":false},"excerpt":{"rendered":"<p>Commutateur 3 voies E-3 Way Art.-Nr. 15.550.001<\/p>\n<p class=\"continue-reading-button\"> <a class=\"continue-reading-link\" href=\"https:\/\/ozroll.de\/france\/commutateur-3-voies\/\">Continue reading<i class=\"crycon-right-dir\"><\/i><\/a><\/p>\n","protected":false},"author":1,"featured_media":0,"parent":0,"menu_order":0,"comment_status":"closed","ping_status":"closed","template":"","meta":{"footnotes":""},"class_list":["post-6","page","type-page","status-publish","hentry"],"_links":{"self":[{"href":"https:\/\/ozroll.de\/france\/wp-json\/wp\/v2\/pages\/6","targetHints":{"allow":["GET"]}}],"collection":[{"href":"https:\/\/ozroll.de\/france\/wp-json\/wp\/v2\/pages"}],"about":[{"href":"https:\/\/ozroll.de\/france\/wp-json\/wp\/v2\/types\/page"}],"author":[{"embeddable":true,"href":"https:\/\/ozroll.de\/france\/wp-json\/wp\/v2\/users\/1"}],"replies":[{"embeddable":true,"href":"https:\/\/ozroll.de\/france\/wp-json\/wp\/v2\/comments?post=6"}],"version-history":[{"count":3,"href":"https:\/\/ozroll.de\/france\/wp-json\/wp\/v2\/pages\/6\/revisions"}],"predecessor-version":[{"id":281,"href":"https:\/\/ozroll.de\/france\/wp-json\/wp\/v2\/pages\/6\/revisions\/281"}],"wp:attachment":[{"href":"https:\/\/ozroll.de\/france\/wp-json\/wp\/v2\/media?parent=6"}],"curies":[{"name":"wp","href":"https:\/\/api.w.org\/{rel}","templated":true}]}}