{"id":7,"date":"2017-03-02T07:51:01","date_gmt":"2017-03-02T06:51:01","guid":{"rendered":"http:\/\/ozroll.de\/france\/?page_id=7"},"modified":"2017-03-02T08:01:33","modified_gmt":"2017-03-02T07:01:33","slug":"appareil-de-commande-e-port","status":"publish","type":"page","link":"https:\/\/ozroll.de\/france\/appareil-de-commande-e-port\/","title":{"rendered":"Appareil de commande \u201eE-Port&#8220;"},"content":{"rendered":"<h3>Appareil de commande &#8222;E-Port&#8220;<\/h3>\n<p><strong>Art.-Nr.: 15.600.001<br \/>\nund 15.601.001 (avec r\u00e9cepteur radio int\u00e9gr\u00e9)<\/strong><\/p>\n<div class=\"simnor-shortcode simnor-shortcode-tabs\"><div class=\"simnor-shortcode simnor-shortcode-tabpane\"><div class=\"simnor-shortcode simnor-shortcode-tab-label\">Description:<\/div><p><a href=\"http:\/\/ozroll.de\/wp-content\/uploads\/2015\/04\/e_port_01.jpg\" rel=\"lightbox\"><img loading=\"lazy\" decoding=\"async\" class=\"wp-image-340 alignright\" src=\"http:\/\/ozroll.de\/wp-content\/uploads\/2015\/04\/e_port_01-111x300.jpg\" alt=\"e_port_01\" width=\"83\" height=\"224\" \/><\/a>Appareil de commande \u00e0 batterie mobile pour manoeuvrer les volets roulants et les installations de protection solaire \u00e9quip\u00e9s de moteurs ODS 12 V.<\/p>\n<p>L&#8217;appareil de commande contient l&#8217;\u00e9lectronique de commande, le commutateur de commande et les batteries au lithium-ion rechargeables, qui fournissent le courant aux dispositifs d&#8217;entra\u00eenement.<\/p>\n<p>Pour commander un dispositif d&#8217;entra\u00eenement, l&#8217;appareil de commande doit \u00eatre embo\u00eet\u00e9 dans le socle mural respectif du moteur, pour pouvoir produire ainsi une liaison entre l&#8217;appareil de commande et le moteur.\u00a0Etant donn\u00e9 que l&#8217;appareil de commande peut \u00eatre retir\u00e9 du socle pour le recharger, l&#8217;utilisation du E-Port s&#8217;impose particuli\u00e8rement dans des endroits o\u00f9 il n&#8217;y a pas d&#8217;\u00e9lectricit\u00e9 ou l\u00e0 o\u00f9 une ligne d&#8217;alimentation de courant n&#8217;est pas possible ou n&#8217;est pas souhait\u00e9e.<\/p>\n<p>Etant donn\u00e9 que l&#8217;appareil de commande est mobile et n&#8217;est pas li\u00e9 \u00e0 un moteur d\u00e9termin\u00e9, plusieurs installations peuvent \u00eatre command\u00e9es l&#8217;une apr\u00e8s l&#8217;autre avec l&#8217;appareil de commande. Cela permet en plus de r\u00e9duire l\u2018investissement.<\/p>\n<\/div><div class=\"simnor-shortcode simnor-shortcode-tabpane\"><div class=\"simnor-shortcode simnor-shortcode-tab-label\">Caract\u00e9ristiques:<\/div><table id=\"tablepress-9\" class=\"tablepress tablepress-id-9\">\n<tbody class=\"row-striping row-hover\">\n<tr class=\"row-1\">\n<td class=\"column-1\">Hauteur:<\/td>\n<td class=\"column-2\">114 mm<\/td>\n<\/tr>\n<tr class=\"row-2\">\n<td class=\"column-1\">Largeur:<\/td>\n<td class=\"column-2\">81,2 mm<\/td>\n<\/tr>\n<tr class=\"row-3\">\n<td class=\"column-1\">Profondeur:<\/td>\n<td class=\"column-2\">30,4 mm<\/td>\n<\/tr>\n<tr class=\"row-4\">\n<td class=\"column-1\">Profondeur avec support mural:<\/td>\n<td class=\"column-2\">41 mm<\/td>\n<\/tr>\n<tr class=\"row-5\">\n<td class=\"column-1\">Maximum cycles:<\/td>\n<td class=\"column-2\">env. 50 cycles<\/td>\n<\/tr>\n<tr class=\"row-6\">\n<td class=\"column-1\">Dur\u00e9e de rechargement complet:<\/td>\n<td class=\"column-2\">env. 8 heures<\/td>\n<\/tr>\n<tr class=\"row-7\">\n<td class=\"column-1\">Tension:<\/td>\n<td class=\"column-2\">12 V\/14,8 V<\/td>\n<\/tr>\n<tr class=\"row-8\">\n<td class=\"column-1\">Puissance:<\/td>\n<td class=\"column-2\">1600 mAh<\/td>\n<\/tr>\n<tr class=\"row-9\">\n<td class=\"column-1\">Poids:<\/td>\n<td class=\"column-2\">ca. 295 gr<\/td>\n<\/tr>\n<\/tbody>\n<\/table>\n<p><!-- #tablepress-9 from cache --><\/p>\n<\/div><div class=\"simnor-shortcode simnor-shortcode-tabpane\"><div class=\"simnor-shortcode simnor-shortcode-tab-label\">Accessoires:<\/div><table id=\"tablepress-10\" class=\"tablepress tablepress-id-10\">\n<tbody class=\"row-striping row-hover\">\n<tr class=\"row-1\">\n<td class=\"column-1\">Support mural (socle):<\/td>\n<td class=\"column-2\">Art.-Nr.: 15.551.001<\/td>\n<\/tr>\n<tr class=\"row-2\">\n<td class=\"column-1\">Chargeur 230 V (EU)<\/td>\n<td class=\"column-2\">Art.-Nr.: 15.580.002<\/td>\n<\/tr>\n<tr class=\"row-3\">\n<td class=\"column-1\">Chargeur 230 V (UK)<\/td>\n<td class=\"column-2\">Art.-Nr.: 15.246.001<\/td>\n<\/tr>\n<tr class=\"row-4\">\n<td class=\"column-1\">Rallonge 200 cm pour le c\u00e2ble:<\/td>\n<td class=\"column-2\">Art.-Nr.: 15.910.082<\/td>\n<\/tr>\n<\/tbody>\n<\/table>\n<p><!-- #tablepress-10 from cache --><\/p>\n<\/div><div class=\"simnor-shortcode simnor-shortcode-tabpane\"><div class=\"simnor-shortcode simnor-shortcode-tab-label\">Illustration:<\/div><p><a href=\"http:\/\/ozroll.de\/wp-content\/uploads\/2015\/04\/e_port_03.jpg\" rel=\"lightbox\"><img loading=\"lazy\" decoding=\"async\" class=\"alignnone wp-image-351 size-medium\" src=\"http:\/\/ozroll.de\/wp-content\/uploads\/2015\/04\/e_port_03-241x300.jpg\" alt=\"e_port_03\" width=\"241\" height=\"300\" \/><\/a>\u00a0\u00a0\u00a0\u00a0\u00a0\u00a0\u00a0\u00a0\u00a0\u00a0\u00a0\u00a0\u00a0\u00a0\u00a0<a href=\"http:\/\/ozroll.de\/wp-content\/uploads\/2015\/04\/e_port_02.jpg\" rel=\"lightbox\"><img loading=\"lazy\" decoding=\"async\" class=\"alignnone wp-image-350 size-medium\" src=\"http:\/\/ozroll.de\/wp-content\/uploads\/2015\/04\/e_port_02-82x300.jpg\" alt=\"e_port_02\" width=\"82\" height=\"300\" \/><\/a> <a href=\"http:\/\/ozroll.de\/wp-content\/uploads\/2015\/04\/T09Zugkraft.jpg\" rel=\"lightbox[7]\">.<\/a><\/p>\n<\/div><\/div>\n<p>&nbsp;<\/p>\n<h3>Socle mural pour E-Port<\/h3>\n<p><strong>Art.-Nr. 15.551.001<\/strong><\/p>\n<div class=\"simnor-shortcode simnor-shortcode-tabs\"><div class=\"simnor-shortcode simnor-shortcode-tabpane\"><div class=\"simnor-shortcode simnor-shortcode-tab-label\">Description:<\/div><p><a href=\"http:\/\/ozroll.de\/wp-content\/uploads\/2015\/04\/wandhalterung_01.jpg\" rel=\"lightbox\"><img loading=\"lazy\" decoding=\"async\" class=\"alignleft wp-image-354\" src=\"http:\/\/ozroll.de\/wp-content\/uploads\/2015\/04\/wandhalterung_01-287x300.jpg\" alt=\"wandhalterung_01\" width=\"143\" height=\"150\" \/><\/a>Le socle mural est l&#8217;\u00e9l\u00e9ment de liaison entre le moteur de l&#8217;ODS et l&#8217;appareil de commande mobile E-Port.<\/p>\n<p>Le c\u00e2ble du moteur est connect\u00e9 avec des douilles de s\u00e9curit\u00e9 avec contact plat au socle mural. D\u00e8s que l&#8217;appareil de commande E-Port est embo\u00eet\u00e9 dans le socle mural, il alimente le moteur en courant et l&#8217;installation peut \u00eatre manoeuvr\u00e9e.<\/p>\n<p>Chaque volet roulant ou chaque installation de protection solaire, qui doit \u00eatre command\u00e9(e) avec l&#8217;appareil de commande mobile, est \u00e9quip\u00e9(e) d&#8217;un propre socle mural (exception : E-3 way &#8211; 3 voies, Art. de r\u00e9f\u00e9rence n\u00b0: 15.550.001)<\/p>\n<\/div><br \/>\n<div class=\"simnor-shortcode simnor-shortcode-tabpane\"><div class=\"simnor-shortcode simnor-shortcode-tab-label\">Caract\u00e9ristiques:<\/div><table id=\"tablepress-11\" class=\"tablepress tablepress-id-11\">\n<tbody class=\"row-striping row-hover\">\n<tr class=\"row-1\">\n<td class=\"column-1\">Hauteur:<\/td>\n<td class=\"column-2\">83,4 mm<\/td>\n<\/tr>\n<tr class=\"row-2\">\n<td class=\"column-1\">Largeur:<\/td>\n<td class=\"column-2\">82,8 mm<\/td>\n<\/tr>\n<tr class=\"row-3\">\n<td class=\"column-1\">Profondeur:<\/td>\n<td class=\"column-2\">37,4 mm<\/td>\n<\/tr>\n<tr class=\"row-4\">\n<td class=\"column-1\">Poids:<\/td>\n<td class=\"column-2\">48 gr<\/td>\n<\/tr>\n<\/tbody>\n<\/table>\n<p><!-- #tablepress-11 from cache --><\/p>\n<\/div><br \/>\n<div class=\"simnor-shortcode simnor-shortcode-tabpane\"><div class=\"simnor-shortcode simnor-shortcode-tab-label\">Illustration:<\/div><p><a href=\"http:\/\/ozroll.de\/wp-content\/uploads\/2015\/04\/wandhalterung_02.jpg\" rel=\"lightbox\"><img loading=\"lazy\" decoding=\"async\" class=\"alignnone wp-image-359 \" src=\"http:\/\/ozroll.de\/wp-content\/uploads\/2015\/04\/wandhalterung_02-300x300.jpg\" alt=\"wandhalterung_02\" width=\"160\" height=\"160\" \/><\/a>\u00a0\u00a0\u00a0\u00a0\u00a0\u00a0\u00a0\u00a0\u00a0 <a href=\"http:\/\/ozroll.de\/wp-content\/uploads\/2015\/04\/wandhalterung_04.jpg\" rel=\"lightbox\"><img loading=\"lazy\" decoding=\"async\" class=\"alignnone wp-image-362 \" src=\"http:\/\/ozroll.de\/wp-content\/uploads\/2015\/04\/wandhalterung_04-123x300.jpg\" alt=\"wandhalterung_04\" width=\"66\" height=\"161\" \/><\/a>\u00a0\u00a0\u00a0\u00a0\u00a0\u00a0\u00a0\u00a0\u00a0\u00a0\u00a0\u00a0\u00a0\u00a0\u00a0\u00a0\u00a0\u00a0\u00a0\u00a0 <a href=\"http:\/\/ozroll.de\/wp-content\/uploads\/2015\/04\/wandhalterung_03.jpg\" rel=\"lightbox\"><img loading=\"lazy\" decoding=\"async\" class=\"alignnone wp-image-361 \" src=\"http:\/\/ozroll.de\/wp-content\/uploads\/2015\/04\/wandhalterung_03-300x298.jpg\" alt=\"wandhalterung_03\" width=\"161\" height=\"160\" \/><\/a>.<\/p>\n<\/div><\/div>\n<p>&nbsp;<\/p>\n","protected":false},"excerpt":{"rendered":"<p>Appareil de commande &#8222;E-Port&#8220; Art.-Nr.: 15.600.001 und 15.601.001 (avec r\u00e9cepteur radio int\u00e9gr\u00e9) &nbsp; Socle mural pour E-Port Art.-Nr. 15.551.001 &nbsp;<\/p>\n<p class=\"continue-reading-button\"> <a class=\"continue-reading-link\" href=\"https:\/\/ozroll.de\/france\/appareil-de-commande-e-port\/\">Continue reading<i class=\"crycon-right-dir\"><\/i><\/a><\/p>\n","protected":false},"author":1,"featured_media":0,"parent":0,"menu_order":0,"comment_status":"closed","ping_status":"closed","template":"","meta":{"footnotes":""},"class_list":["post-7","page","type-page","status-publish","hentry"],"_links":{"self":[{"href":"https:\/\/ozroll.de\/france\/wp-json\/wp\/v2\/pages\/7","targetHints":{"allow":["GET"]}}],"collection":[{"href":"https:\/\/ozroll.de\/france\/wp-json\/wp\/v2\/pages"}],"about":[{"href":"https:\/\/ozroll.de\/france\/wp-json\/wp\/v2\/types\/page"}],"author":[{"embeddable":true,"href":"https:\/\/ozroll.de\/france\/wp-json\/wp\/v2\/users\/1"}],"replies":[{"embeddable":true,"href":"https:\/\/ozroll.de\/france\/wp-json\/wp\/v2\/comments?post=7"}],"version-history":[{"count":4,"href":"https:\/\/ozroll.de\/france\/wp-json\/wp\/v2\/pages\/7\/revisions"}],"predecessor-version":[{"id":264,"href":"https:\/\/ozroll.de\/france\/wp-json\/wp\/v2\/pages\/7\/revisions\/264"}],"wp:attachment":[{"href":"https:\/\/ozroll.de\/france\/wp-json\/wp\/v2\/media?parent=7"}],"curies":[{"name":"wp","href":"https:\/\/api.w.org\/{rel}","templated":true}]}}