{"id":8,"date":"2017-03-02T15:31:53","date_gmt":"2017-03-02T14:31:53","guid":{"rendered":"http:\/\/ozroll.de\/france\/?page_id=8"},"modified":"2017-03-02T15:31:53","modified_gmt":"2017-03-02T14:31:53","slug":"telecommande","status":"publish","type":"page","link":"https:\/\/ozroll.de\/france\/telecommande\/","title":{"rendered":"T\u00e9l\u00e9commande"},"content":{"rendered":"<h3>OZRoll t\u00e9l\u00e9commande E-Trans<\/h3>\n<p><strong>Art. de r\u00e9f\u00e9rence n\u00b0: 15.560.001 (1-Kanal)<br \/>\nArt. de r\u00e9f\u00e9rence n\u00b0: 15.561.001 (9-Kanal)<\/strong><\/p>\n<div class=\"simnor-shortcode simnor-shortcode-tabs\"><div class=\"simnor-shortcode simnor-shortcode-tabpane\"><div class=\"simnor-shortcode simnor-shortcode-tab-label\">Description:<\/div><p><a href=\"http:\/\/ozroll.de\/wp-content\/uploads\/2015\/04\/rf_1.jpg\" rel=\"lightbox\"><img loading=\"lazy\" decoding=\"async\" class=\"alignright wp-image-385 size-thumbnail\" src=\"http:\/\/ozroll.de\/wp-content\/uploads\/2015\/04\/rf_1-150x150.jpg\" alt=\"rf_1\" width=\"150\" height=\"150\" \/><\/a>T\u00e9l\u00e9commande pour commander un ou plusieurs dispositifs d&#8217;entra\u00eenement en liaison avec des r\u00e9cepteurs de t\u00e9l\u00e9commande du syst\u00e8me OZRoll-Drive. La commande et la programmation sont tr\u00e8s simples \u00e0 effectuer.<\/p>\n<p>Pour programmer un r\u00e9cepteur sur un \u00e9metteur de t\u00e9l\u00e9commande ou un canal, il convient simplement d&#8217;appuyer simultan\u00e9ment sur les touches Stop des deux appareils pendant env. 3 secondes (pour la t\u00e9l\u00e9commande \u00e0 9 canaux, on doit auparavant r\u00e9gler le canal souhait\u00e9 avec la touche de s\u00e9lection de canal). La programmation r\u00e9ussie est valid\u00e9e par un clignotement de l&#8217;afficheur \u00e0 LED. Pour supprimer un r\u00e9cepteur de la t\u00e9l\u00e9commande, on appuie simultan\u00e9ment sur les touches mont\u00e9e et descente sur le r\u00e9cepteur pendant env. 5 secondes. La suppression est valid\u00e9e par un signal lumineux.<\/p>\n<p>La t\u00e9l\u00e9commande \u00e0 9 canaux peut commander jusqu&#8217;\u00e0 9 installations individuelles ou 9 groupes quelconques ou une combinaison d&#8217;installations individuelles et de groupes. Un dixi\u00e8me canal sert toujours \u00e0 une commande centralis\u00e9e pour toutes les installations programm\u00e9es. La t\u00e9l\u00e9commande \u00e0 9 canaux dispose d&#8217;un afficheur \u00e0 LED bien lisible et d&#8217;un s\u00e9lecteur de canal facile \u00e0 manipuler. Les deux t\u00e9l\u00e9commandes sont livr\u00e9es avec un socle mural.<\/p>\n<p><strong>Pour effectuer la commande en utilisant la <\/strong><strong>t\u00e9l\u00e9commande, il est n\u00e9cessaire de disposer d&#8217;appareils<\/strong> <strong>de commande avec r\u00e9cepteurs int\u00e9gr\u00e9s (E-Port RF, r\u00e9f. <\/strong><strong>n\u00b0 15.601.001)<\/strong><\/p>\n<\/div><div class=\"simnor-shortcode simnor-shortcode-tabpane\"><div class=\"simnor-shortcode simnor-shortcode-tab-label\">Caract\u00e9ristiques:<\/div><table id=\"tablepress-13\" class=\"tablepress tablepress-id-13\">\n<tbody class=\"row-striping row-hover\">\n<tr class=\"row-1\">\n<td class=\"column-1\">Hauteur:<\/td>\n<td class=\"column-2\">43,9 mm (avec socle)<\/td>\n<\/tr>\n<tr class=\"row-2\">\n<td class=\"column-1\">Largeur:<\/td>\n<td class=\"column-2\">111,3 mm (avec socle)<\/td>\n<\/tr>\n<tr class=\"row-3\">\n<td class=\"column-1\">Profondeur:<\/td>\n<td class=\"column-2\">22,2 mm (avec socle)<\/td>\n<\/tr>\n<tr class=\"row-4\">\n<td class=\"column-1\">Poids:<\/td>\n<td class=\"column-2\">58 gr<\/td>\n<\/tr>\n<tr class=\"row-5\">\n<td class=\"column-1\">Port\u00e9e d\u2018emetteur:<\/td>\n<td class=\"column-2\">env. 50 m\u00e8tres<\/td>\n<\/tr>\n<tr class=\"row-6\">\n<td class=\"column-1\">Pile de remplacement:<\/td>\n<td class=\"column-2\">CR2430<\/td>\n<\/tr>\n<\/tbody>\n<\/table>\n<p><!-- #tablepress-13 from cache --><\/p>\n<\/div><div class=\"simnor-shortcode simnor-shortcode-tabpane\"><div class=\"simnor-shortcode simnor-shortcode-tab-label\">Illustration:<\/div><p><a href=\"http:\/\/ozroll.de\/wp-content\/uploads\/2015\/04\/rf_2.jpg\" rel=\"lightbox\"><img loading=\"lazy\" decoding=\"async\" class=\"alignnone wp-image-390 size-medium\" src=\"http:\/\/ozroll.de\/wp-content\/uploads\/2015\/04\/rf_2-300x300.jpg\" alt=\"rf_2\" width=\"300\" height=\"300\" \/><\/a>\u00a0\u00a0\u00a0\u00a0\u00a0\u00a0\u00a0\u00a0\u00a0\u00a0\u00a0\u00a0\u00a0 <a href=\"http:\/\/ozroll.de\/wp-content\/uploads\/2015\/04\/rf_03.jpg\" rel=\"lightbox\"><img loading=\"lazy\" decoding=\"async\" class=\"alignnone wp-image-391 size-medium\" src=\"http:\/\/ozroll.de\/wp-content\/uploads\/2015\/04\/rf_03-189x300.jpg\" alt=\"rf_03\" width=\"189\" height=\"300\" \/><\/a><\/p>\n<\/div><\/div>\n","protected":false},"excerpt":{"rendered":"<p>OZRoll t\u00e9l\u00e9commande E-Trans Art. de r\u00e9f\u00e9rence n\u00b0: 15.560.001 (1-Kanal) Art. de r\u00e9f\u00e9rence n\u00b0: 15.561.001 (9-Kanal)<\/p>\n<p class=\"continue-reading-button\"> <a class=\"continue-reading-link\" href=\"https:\/\/ozroll.de\/france\/telecommande\/\">Continue reading<i class=\"crycon-right-dir\"><\/i><\/a><\/p>\n","protected":false},"author":1,"featured_media":0,"parent":0,"menu_order":0,"comment_status":"closed","ping_status":"closed","template":"","meta":{"footnotes":""},"class_list":["post-8","page","type-page","status-publish","hentry"],"_links":{"self":[{"href":"https:\/\/ozroll.de\/france\/wp-json\/wp\/v2\/pages\/8","targetHints":{"allow":["GET"]}}],"collection":[{"href":"https:\/\/ozroll.de\/france\/wp-json\/wp\/v2\/pages"}],"about":[{"href":"https:\/\/ozroll.de\/france\/wp-json\/wp\/v2\/types\/page"}],"author":[{"embeddable":true,"href":"https:\/\/ozroll.de\/france\/wp-json\/wp\/v2\/users\/1"}],"replies":[{"embeddable":true,"href":"https:\/\/ozroll.de\/france\/wp-json\/wp\/v2\/comments?post=8"}],"version-history":[{"count":1,"href":"https:\/\/ozroll.de\/france\/wp-json\/wp\/v2\/pages\/8\/revisions"}],"predecessor-version":[{"id":272,"href":"https:\/\/ozroll.de\/france\/wp-json\/wp\/v2\/pages\/8\/revisions\/272"}],"wp:attachment":[{"href":"https:\/\/ozroll.de\/france\/wp-json\/wp\/v2\/media?parent=8"}],"curies":[{"name":"wp","href":"https:\/\/api.w.org\/{rel}","templated":true}]}}